{"id":756765,"date":"2025-08-28T07:16:29","date_gmt":"2025-08-28T04:16:29","guid":{"rendered":"https:\/\/roveyayinevi.com.tr\/index.php\/urun\/iste-yuz-yuze-kartlari-kutulu\/"},"modified":"2026-04-06T13:27:38","modified_gmt":"2026-04-06T10:27:38","slug":"iste-yuz-yuze-kartlari-kutulu","status":"publish","type":"product","link":"https:\/\/roveyayinevi.com.tr\/index.php\/urun\/iste-yuz-yuze-kartlari-kutulu\/","title":{"rendered":"\u0130\u015f\u2019te Y\u00fcz Y\u00fcze Kartlar\u0131 (Kutulu)"},"content":{"rendered":"<p>2 Destelik Soru ve C\u00fcmle Tamamlama Sohbet Kartlar\u0131 \u0130\u015f\u2019te Y\u00fcz Y\u00fcze Kartlar\u0131yla; oryantasyon, e\u011fitim, seminer, at\u00f6lye, bulu\u015ftay, \u00e7al\u0131\u015ftay, kamp gibi \u015firket etkinliklerinde ve \u015firket i\u00e7i kahve sohbetlerinde: \u2022 Kendinizi ve birbirinizi daha yak\u0131ndan tan\u0131y\u0131p anlars\u0131n\u0131z, \u2022 Grup i\u00e7i anlatma ve dinleme ile payla\u015f\u0131m\u0131n\u0131z artar, \u2022 Empati duygunuz artar, \u2022 Fark\u0131ndal\u0131\u011f\u0131n\u0131z geli\u015fir, \u2022 Grup i\u00e7i ileti\u015fim daha s\u0131cak ve samimi olur, \u2022 Tak\u0131m ruhu canlan\u0131r, \u2022 Birlikte \u201cke\u015fif\u201d ve \u201ckeyif\u201d ile g\u00fc\u00e7l\u00fc ba\u011flar olu\u015fturursunuz, \u2022 Pozitif duygu de\u011fi\u015fimi ya\u015fars\u0131n\u0131z. \u0130\u015f\u2019te Y\u00fcz Y\u00fcze Kartlar\u0131 Nas\u0131l Kullan\u0131l\u0131r? \u0130\u015f\u2019te Y\u00fcz Y\u00fcze Kartlar\u0131yla sohbet en az 2 en fazla 6 ki\u015fi aras\u0131nda olabilir. \u2022 Her iki deste kart kar\u0131\u015ft\u0131r\u0131l\u0131r. \u2022 Herkes s\u0131ras\u0131yla bir kart \u00e7eker. \u2022 &#8230; kart\u0131 gelirse soruyu kendisi cevaplar. \u2022 ? kart\u0131 gelirse soruyu sa\u011f\u0131ndaki ki\u015fiye sorar. \u2022 \u0130\u015fi biten kartlar ayr\u0131 bir yerde toplan\u0131r. \u2022 Her karta ayr\u0131lacak s\u00fcre 30 saniyedir. \u2022 T\u00fcm kartlar bitti\u011finde herkes di\u011fer ki\u015filere ait fark etti\u011fi 3 \u00f6zelli\u011fi s\u00f6yler.<\/p>\n","protected":false},"excerpt":{"rendered":"<p>2 Destelik Soru ve C\u00fcmle Tamamlama Sohbet Kartlar\u0131 \u0130\u015f\u2019te Y\u00fcz Y\u00fcze Kartlar\u0131yla; oryantasyon, e\u011fitim, seminer, at\u00f6lye, bulu\u015ftay, \u00e7al\u0131\u015ftay, kamp gibi \u015firket etkinliklerinde ve \u015firket i\u00e7i kahve<span class=\"excerpt-hellip\"> [\u2026]<\/span><\/p>\n","protected":false},"featured_media":0,"template":"","meta":{"_monsterinsights_skip_tracking":false,"_monsterinsights_sitenote_active":false,"_monsterinsights_sitenote_note":"","_monsterinsights_sitenote_category":0},"product_brand":[],"product_cat":[12364,12376],"product_tag":[],"class_list":{"0":"post-756765","1":"product","2":"type-product","3":"status-publish","5":"product_cat-genel-konular","6":"product_cat-kisisel-gelisim","7":"pa_cilt-ciltsiz","8":"pa_tur-kitap10","9":"pa_yayinevi-remzi-kitabevi","10":"pa_yazar-binhan-dirilgen-ozlem-gocek-feyzan-okmen","12":"first","13":"instock","14":"sale","15":"shipping-taxable","16":"purchasable","17":"product-type-simple"},"_links":{"self":[{"href":"https:\/\/roveyayinevi.com.tr\/index.php\/wp-json\/wp\/v2\/product\/756765","targetHints":{"allow":["GET"]}}],"collection":[{"href":"https:\/\/roveyayinevi.com.tr\/index.php\/wp-json\/wp\/v2\/product"}],"about":[{"href":"https:\/\/roveyayinevi.com.tr\/index.php\/wp-json\/wp\/v2\/types\/product"}],"wp:attachment":[{"href":"https:\/\/roveyayinevi.com.tr\/index.php\/wp-json\/wp\/v2\/media?parent=756765"}],"wp:term":[{"taxonomy":"product_brand","embeddable":true,"href":"https:\/\/roveyayinevi.com.tr\/index.php\/wp-json\/wp\/v2\/product_brand?post=756765"},{"taxonomy":"product_cat","embeddable":true,"href":"https:\/\/roveyayinevi.com.tr\/index.php\/wp-json\/wp\/v2\/product_cat?post=756765"},{"taxonomy":"product_tag","embeddable":true,"href":"https:\/\/roveyayinevi.com.tr\/index.php\/wp-json\/wp\/v2\/product_tag?post=756765"}],"curies":[{"name":"wp","href":"https:\/\/api.w.org\/{rel}","templated":true}]}}