{"id":756761,"date":"2025-08-28T07:16:20","date_gmt":"2025-08-28T04:16:20","guid":{"rendered":"https:\/\/roveyayinevi.com.tr\/index.php\/urun\/3391-km-film-ozel-baski-ciltli\/"},"modified":"2026-04-16T03:09:57","modified_gmt":"2026-04-16T00:09:57","slug":"3391-km-film-ozel-baski-ciltli","status":"publish","type":"product","link":"https:\/\/roveyayinevi.com.tr\/index.php\/urun\/3391-km-film-ozel-baski-ciltli\/","title":{"rendered":"3391 KM Film \u00d6zel Bask\u0131 (Ciltli)"},"content":{"rendered":"<p>Yazd\u0131\u011f\u0131 her kitapla be\u011feni toplayan gen\u00e7 yazar Beyza Alko\u00e7, 3391 Kilometre ile kendinden s\u00f6z ettirmeye devam ediyor. Yazar, d\u00fcnyan\u0131n en y\u00fcce duygusu olan a\u015fk\u0131n \u00f6n\u00fcnde engellerin nas\u0131l diz \u00e7\u00f6kt\u00fc\u011f\u00fcn\u00fc bir kez daha okuyucuya g\u00f6steriyor. Ba\u015fka \u015fehirlerde ya\u015fayan iki sevgilinin konu edildi\u011fi kitap, sevginin ko\u015fulsuzlu\u011funu herkese kan\u0131tlamaya geliyor! Hi\u00e7 G\u00f6rmedi\u011finiz Birine A\u015f\u0131k Olabilir Misiniz? U\u011fruna nice hayatlar adanan, ad\u0131na destanlar yaz\u0131lan a\u015fk\u2026 Mecnun\u2019a \u00e7\u00f6lleri a\u015ft\u0131ran, Ferhat\u2019a da\u011flar\u0131 deldiren bu kadim duygunun \u00f6n\u00fcnde ne durabilir? 3391 Kilometre, s\u00f6z konusu a\u015fk oldu\u011funda engellerin nas\u0131l ortadan kalkt\u0131\u011f\u0131n\u0131 g\u00f6zler \u00f6n\u00fcne seriyor. Eser, iki gencin s\u0131ms\u0131cak hikayesiyle y\u00fcrekleri \u0131s\u0131t\u0131yor. Dokunmadan hissetmeyi, bakmadan g\u00f6rmeyi m\u00fcmk\u00fcn hale getiren a\u015fkta imkans\u0131z diye bir \u015fey olmad\u0131\u011f\u0131n\u0131 bir kez daha kan\u0131tl\u0131yor. 3391 Kilometre ile a\u015fk\u0131 iliklerinize kadar hissetmeye haz\u0131r olun! Bir gece yar\u0131s\u0131 gelen mesaj, mesafeleri hi\u00e7e sayan s\u0131ms\u0131cak bir a\u015fk\u0131n kap\u0131lar\u0131n\u0131 ard\u0131na kadar a\u00e7\u0131yor: \u201cUyu art\u0131k!\u201d 3391 Kilometre, birbirinden kilometrelerce uzakta olmalar\u0131na ra\u011fmen sevginin g\u00fc\u00e7l\u00fc ba\u011f\u0131n\u0131 y\u00fcreklerinde hisseden iki gencin hikayesini okuyucuyla bulu\u015fturuyor. Kitap, Fransa\u2019da ya\u015fayan Ege ile \u0130zmir\u2019de ya\u015fayan \u0130zmir\u2019in sosyal medyada tan\u0131\u015fmas\u0131n\u0131n ard\u0131ndan ya\u015fad\u0131klar\u0131 a\u015fk\u0131 anlat\u0131yor. Ege ile \u0130zmir, birbirlerine kilometrelerce uzakken ya\u015fad\u0131klar\u0131 ili\u015fki ile a\u015fk\u0131n ko\u015ful g\u00f6zetmeksizin y\u00fcrekte yer edinebildi\u011fini bir kez daha g\u00f6steriyor. 3391 Kilometre\u2019yi okurken, Ege ve \u0130zmir ile birlikte a\u015f\u0131k olacak, \u00f6zlem duyacak ve sevginin g\u00fcc\u00fcn\u00fc hissedece\u011finiz b\u00fcy\u00fcl\u00fc bir yolculu\u011fa \u00e7\u0131kacaks\u0131n\u0131z. Okuyan herkesin \u015fiddetle tavsiye etti\u011fi bu kitab\u0131 hemen sepetinize ekleyin, siz de bu a\u015fk\u0131n mesafeleri a\u015fan g\u00fcc\u00fcne \u015fahitlik edin! <\/p>\n","protected":false},"excerpt":{"rendered":"<p>Yazd\u0131\u011f\u0131 her kitapla be\u011feni toplayan gen\u00e7 yazar Beyza Alko\u00e7, 3391 Kilometre ile kendinden s\u00f6z ettirmeye devam ediyor. Yazar, d\u00fcnyan\u0131n en y\u00fcce duygusu olan a\u015fk\u0131n \u00f6n\u00fcnde engellerin<span class=\"excerpt-hellip\"> [\u2026]<\/span><\/p>\n","protected":false},"featured_media":0,"template":"","meta":{"_monsterinsights_skip_tracking":false,"_monsterinsights_sitenote_active":false,"_monsterinsights_sitenote_note":"","_monsterinsights_sitenote_category":0},"product_brand":[],"product_cat":[12291,12711],"product_tag":[],"class_list":{"0":"post-756761","1":"product","2":"type-product","3":"status-publish","5":"product_cat-edebiyat","6":"product_cat-roman-oyku","7":"pa_cilt-ciltli","8":"pa_tur-kitap","9":"pa_yayinevi-indigo-kitap","10":"pa_yazar-beyza-alkoc","12":"first","13":"instock","14":"sale","15":"shipping-taxable","16":"purchasable","17":"product-type-simple"},"_links":{"self":[{"href":"https:\/\/roveyayinevi.com.tr\/index.php\/wp-json\/wp\/v2\/product\/756761","targetHints":{"allow":["GET"]}}],"collection":[{"href":"https:\/\/roveyayinevi.com.tr\/index.php\/wp-json\/wp\/v2\/product"}],"about":[{"href":"https:\/\/roveyayinevi.com.tr\/index.php\/wp-json\/wp\/v2\/types\/product"}],"wp:attachment":[{"href":"https:\/\/roveyayinevi.com.tr\/index.php\/wp-json\/wp\/v2\/media?parent=756761"}],"wp:term":[{"taxonomy":"product_brand","embeddable":true,"href":"https:\/\/roveyayinevi.com.tr\/index.php\/wp-json\/wp\/v2\/product_brand?post=756761"},{"taxonomy":"product_cat","embeddable":true,"href":"https:\/\/roveyayinevi.com.tr\/index.php\/wp-json\/wp\/v2\/product_cat?post=756761"},{"taxonomy":"product_tag","embeddable":true,"href":"https:\/\/roveyayinevi.com.tr\/index.php\/wp-json\/wp\/v2\/product_tag?post=756761"}],"curies":[{"name":"wp","href":"https:\/\/api.w.org\/{rel}","templated":true}]}}