{"id":756758,"date":"2025-08-28T07:16:16","date_gmt":"2025-08-28T04:16:16","guid":{"rendered":"https:\/\/roveyayinevi.com.tr\/index.php\/urun\/icat-avcilari-makineler-nasil-calisir\/"},"modified":"2026-04-16T03:09:57","modified_gmt":"2026-04-16T00:09:57","slug":"icat-avcilari-makineler-nasil-calisir","status":"publish","type":"product","link":"https:\/\/roveyayinevi.com.tr\/index.php\/urun\/icat-avcilari-makineler-nasil-calisir\/","title":{"rendered":"\u0130cat Avc\u0131lar\u0131: Makineler Nas\u0131l \u00c7al\u0131\u015f\u0131r?"},"content":{"rendered":"<p>Bu nedir? Nas\u0131l \u00e7al\u0131\u015f\u0131r? Nas\u0131l yap\u0131ld\u0131? \u0130cat Avc\u0131lar\u0131\u2019n\u0131n bir in\u015faat alan\u0131nda bulduklar\u0131 el arabas\u0131ndan dev damperli kamyona kadar t\u00fcm makinelerle ilgili detaylar\u0131 \u00f6\u011frenmeleri i\u00e7in yard\u0131ma ihtiya\u00e7lar\u0131 var!\u0130cat Avc\u0131lar\u0131, en harika icatlar\u0131 u\u00e7an icat m\u00fczelerinde toplayarak d\u00fcnyay\u0131 dola\u015fan bilim adamlar\u0131d\u0131r. Bu merakl\u0131 bilim adamlar\u0131 ne g\u00f6rse inan\u0131lmaz bir icada rastlad\u0131\u011f\u0131n\u0131 d\u00fc\u015f\u00fcn\u00fcr. Bu kez bir in\u015faat alan\u0131na inerler ve \u00e7ocuk kahraman\u0131m\u0131z\u0131n rehberli\u011finde el arabas\u0131, vin\u00e7, damperli kamyon gibi aletlerin nas\u0131l \u00e7al\u0131\u015ft\u0131\u011f\u0131n\u0131 dinlerken basit makinelere dair pek \u00e7ok \u015fey ke\u015ffederler. Sonra da bu g\u00f6rd\u00fckleri aletleri m\u00fczelerine g\u00f6t\u00fcr\u00fcrler. Bu kitap, e\u011flenceli ill\u00fcstrasyonlar\u0131 ile \u00e7ocuklara keyifli bir kaynak kitap olacak\u2026<\/p>\n","protected":false},"excerpt":{"rendered":"<p>Bu nedir? Nas\u0131l \u00e7al\u0131\u015f\u0131r? Nas\u0131l yap\u0131ld\u0131? \u0130cat Avc\u0131lar\u0131\u2019n\u0131n bir in\u015faat alan\u0131nda bulduklar\u0131 el arabas\u0131ndan dev damperli kamyona kadar t\u00fcm makinelerle ilgili detaylar\u0131 \u00f6\u011frenmeleri i\u00e7in yard\u0131ma ihtiya\u00e7lar\u0131<span class=\"excerpt-hellip\"> [\u2026]<\/span><\/p>\n","protected":false},"featured_media":0,"template":"","meta":{"_monsterinsights_skip_tracking":false,"_monsterinsights_sitenote_active":false,"_monsterinsights_sitenote_note":"","_monsterinsights_sitenote_category":0},"product_brand":[],"product_cat":[13829,12274],"product_tag":[],"class_list":{"0":"post-756758","1":"product","2":"type-product","3":"status-publish","5":"product_cat-bilimsel-kitaplar","6":"product_cat-cocuk-ve-genclik-kitaplari","7":"pa_cilt-ciltsiz","8":"pa_tur-kitap","9":"pa_yayinevi-turkuvaz-kitap","10":"pa_yazar-korwin-briggs","12":"first","13":"instock","14":"sale","15":"shipping-taxable","16":"purchasable","17":"product-type-simple"},"_links":{"self":[{"href":"https:\/\/roveyayinevi.com.tr\/index.php\/wp-json\/wp\/v2\/product\/756758","targetHints":{"allow":["GET"]}}],"collection":[{"href":"https:\/\/roveyayinevi.com.tr\/index.php\/wp-json\/wp\/v2\/product"}],"about":[{"href":"https:\/\/roveyayinevi.com.tr\/index.php\/wp-json\/wp\/v2\/types\/product"}],"wp:attachment":[{"href":"https:\/\/roveyayinevi.com.tr\/index.php\/wp-json\/wp\/v2\/media?parent=756758"}],"wp:term":[{"taxonomy":"product_brand","embeddable":true,"href":"https:\/\/roveyayinevi.com.tr\/index.php\/wp-json\/wp\/v2\/product_brand?post=756758"},{"taxonomy":"product_cat","embeddable":true,"href":"https:\/\/roveyayinevi.com.tr\/index.php\/wp-json\/wp\/v2\/product_cat?post=756758"},{"taxonomy":"product_tag","embeddable":true,"href":"https:\/\/roveyayinevi.com.tr\/index.php\/wp-json\/wp\/v2\/product_tag?post=756758"}],"curies":[{"name":"wp","href":"https:\/\/api.w.org\/{rel}","templated":true}]}}