{"id":756754,"date":"2025-08-28T07:16:11","date_gmt":"2025-08-28T04:16:11","guid":{"rendered":"https:\/\/roveyayinevi.com.tr\/index.php\/urun\/gercekten-bilmeniz-gereken-50-sanat-fikri-ciltli\/"},"modified":"2026-04-16T03:09:57","modified_gmt":"2026-04-16T00:09:57","slug":"gercekten-bilmeniz-gereken-50-sanat-fikri-ciltli","status":"publish","type":"product","link":"https:\/\/roveyayinevi.com.tr\/index.php\/urun\/gercekten-bilmeniz-gereken-50-sanat-fikri-ciltli\/","title":{"rendered":"Ger\u00e7ekten Bilmeniz Gereken 50 Sanat Fikri (Ciltli)"},"content":{"rendered":"<p>Kabul edelim, bir sanat m\u00fczesi ziyareti ilham verici bir deneyim olabilece\u011fi gibi feci s\u0131k\u0131c\u0131 bir hal de alabilir. S\u0131rf sanat eseri diye bakt\u0131\u011f\u0131m\u0131z her resim ya da heykeli sevece\u011fiz diye bir kaide yok elbette. Ama \u015fu da ger\u00e7ek: Bakt\u0131\u011f\u0131m\u0131z\u0131n arkas\u0131ndakini g\u00f6rmemizi sa\u011flayacak bilgiye sahip olmak, o eseri ba\u015fka t\u00fcrl\u00fc g\u00f6rmemize, anlayabilmemize ve hatta ondan etkilenebilmemize sebep olabiliyor. Ba\u015fka bir deyi\u015fle, \u201cbarok\u201d ya da \u201cpost-modern\u201d gibi tan\u0131mlar biz dost meclisinde kullan\u0131p haval\u0131 \u2013ya da komik\u2013 g\u00f6z\u00fckelim diye uydurulmad\u0131: faydal\u0131lar. Ger\u00e7ekten Bilmeniz Gereken 50 Sanat Fikri, R\u00f6nesans, klasik Yunan ve eski M\u0131s\u0131r gibi ana sanat d\u00f6nemlerinin yan\u0131 s\u0131ra romantizm, minimalizm, s\u00fcrrealizm ve pop art gibi \u00f6nde gelen hareketleri \u00f6nemli temsilcilerinin eserlerinden \u00f6rneklerle sunan, ideal bir sanat tarihine giri\u015f kitab\u0131. T\u00fcm d\u00fcnyada bir milyon adedin \u00fcst\u00fcnde satan Ger\u00e7ekten Bilmeniz Gereken 50 Fikir serisine ait bu kitap, Degas ile Monet ya da Dali ile Duchamp aras\u0131ndaki fark\u0131 ay\u0131rt edemeyenleri \u2013yaln\u0131z de\u011filsiniz!\u2013 tarih \u00f6ncesinden bug\u00fcne yarat\u0131c\u0131l\u0131k, emek ve isyanla dolu bir yolculu\u011fa \u00e7\u0131kar\u0131yor.<\/p>\n","protected":false},"excerpt":{"rendered":"<p>Kabul edelim, bir sanat m\u00fczesi ziyareti ilham verici bir deneyim olabilece\u011fi gibi feci s\u0131k\u0131c\u0131 bir hal de alabilir. S\u0131rf sanat eseri diye bakt\u0131\u011f\u0131m\u0131z her resim ya<span class=\"excerpt-hellip\"> [\u2026]<\/span><\/p>\n","protected":false},"featured_media":0,"template":"","meta":{"_monsterinsights_skip_tracking":false,"_monsterinsights_sitenote_active":false,"_monsterinsights_sitenote_note":"","_monsterinsights_sitenote_category":0},"product_brand":[],"product_cat":[12408,14197],"product_tag":[],"class_list":{"0":"post-756754","1":"product","2":"type-product","3":"status-publish","5":"product_cat-sanat","6":"product_cat-sanat-tarihi","7":"pa_cilt-ciltli","8":"pa_tur-kitap","9":"pa_yayinevi-domingo-yayinevi","10":"pa_yazar-susie-hodge","12":"first","13":"instock","14":"sale","15":"shipping-taxable","16":"purchasable","17":"product-type-simple"},"_links":{"self":[{"href":"https:\/\/roveyayinevi.com.tr\/index.php\/wp-json\/wp\/v2\/product\/756754","targetHints":{"allow":["GET"]}}],"collection":[{"href":"https:\/\/roveyayinevi.com.tr\/index.php\/wp-json\/wp\/v2\/product"}],"about":[{"href":"https:\/\/roveyayinevi.com.tr\/index.php\/wp-json\/wp\/v2\/types\/product"}],"wp:attachment":[{"href":"https:\/\/roveyayinevi.com.tr\/index.php\/wp-json\/wp\/v2\/media?parent=756754"}],"wp:term":[{"taxonomy":"product_brand","embeddable":true,"href":"https:\/\/roveyayinevi.com.tr\/index.php\/wp-json\/wp\/v2\/product_brand?post=756754"},{"taxonomy":"product_cat","embeddable":true,"href":"https:\/\/roveyayinevi.com.tr\/index.php\/wp-json\/wp\/v2\/product_cat?post=756754"},{"taxonomy":"product_tag","embeddable":true,"href":"https:\/\/roveyayinevi.com.tr\/index.php\/wp-json\/wp\/v2\/product_tag?post=756754"}],"curies":[{"name":"wp","href":"https:\/\/api.w.org\/{rel}","templated":true}]}}