{"id":756753,"date":"2025-08-28T07:16:10","date_gmt":"2025-08-28T04:16:10","guid":{"rendered":"https:\/\/roveyayinevi.com.tr\/index.php\/urun\/gercekten-bilmeniz-gereken-50-psikoloji-fikri-ciltli\/"},"modified":"2026-04-16T03:09:57","modified_gmt":"2026-04-16T00:09:57","slug":"gercekten-bilmeniz-gereken-50-psikoloji-fikri-ciltli","status":"publish","type":"product","link":"https:\/\/roveyayinevi.com.tr\/index.php\/urun\/gercekten-bilmeniz-gereken-50-psikoloji-fikri-ciltli\/","title":{"rendered":"Ger\u00e7ekten Bilmeniz Gereken 50 Psikoloji Fikri (Ciltli)"},"content":{"rendered":"<p>Hemen herkesin sizin psikolojiniz \u00fczerine sizden \u00e7ok kafa yordu\u011fu bir zamanda ya\u015f\u0131yoruz. \u015eampuan\u0131n\u0131z\u0131n \u00fcst\u00fcndeki yaz\u0131 karakterinden ofis duvarlar\u0131n\u0131n rengine; sevgili se\u00e7iminizden kime oy verdi\u011finize; t\u00fckettiklerinizden ba\u011f\u0131ml\u0131l\u0131klar\u0131n\u0131za hemen her \u015fey psikolojik ara\u015ft\u0131rmalar\u0131n konusu ve bunlar\u0131n etkisi alt\u0131nda \u015fekilleniyor. Psikoloji bilimi, hakk\u0131n\u0131zda o me\u015fhur \u201cbeni anlamad\u0131lar!\u201d serzeni\u015fiyle kestirip atamayaca\u011f\u0131n\u0131z kadar fazlas\u0131n\u0131 biliyor; insana ba\u015fka t\u00fcrl\u00fc bakman\u0131z\u0131 sa\u011flayacak kadar fazlas\u0131n\u0131. Ger\u00e7ekten Bilmeniz Gereken 50 Psikoloji Fikri, anlat\u0131m dilinden tasar\u0131m\u0131na kadar kolay anla\u015f\u0131l\u0131r olmay\u0131 hedeflemi\u015f, \u015fahane bir psikolojiye giri\u015f kitab\u0131. Duygu, d\u00fc\u015f\u00fcnce ve davran\u0131\u015flar\u0131m\u0131z\u0131n k\u00f6kenine dair biliminsanlar\u0131n\u0131n yapt\u0131\u011f\u0131 ke\u015fifleri, sonu\u00e7lar\u0131na inanmakta zorluk \u00e7ekece\u011fimiz deneyleri ve \u201cneden itaat ederiz?\u201d gibi m\u00fchim sorular\u0131n cevaplar\u0131n\u0131 (s.97, l\u00fctfen hemen \u015fimdi bir g\u00f6z at\u0131n) payla\u015f\u0131yor. \u0130nsan\u0131 \u2013\u00f6ncelikle de kendini\u2013 tan\u0131mak isteyen herkes i\u00e7in g\u00fczel bir rehber.<\/p>\n","protected":false},"excerpt":{"rendered":"<p>Hemen herkesin sizin psikolojiniz \u00fczerine sizden \u00e7ok kafa yordu\u011fu bir zamanda ya\u015f\u0131yoruz. \u015eampuan\u0131n\u0131z\u0131n \u00fcst\u00fcndeki yaz\u0131 karakterinden ofis duvarlar\u0131n\u0131n rengine; sevgili se\u00e7iminizden kime oy verdi\u011finize; t\u00fckettiklerinizden ba\u011f\u0131ml\u0131l\u0131klar\u0131n\u0131za<span class=\"excerpt-hellip\"> [\u2026]<\/span><\/p>\n","protected":false},"featured_media":0,"template":"","meta":{"_monsterinsights_skip_tracking":false,"_monsterinsights_sitenote_active":false,"_monsterinsights_sitenote_note":"","_monsterinsights_sitenote_category":0},"product_brand":[],"product_cat":[20502,12357],"product_tag":[],"class_list":{"0":"post-756753","1":"product","2":"type-product","3":"status-publish","5":"product_cat-basvuru-kitaplari-psikoloji","6":"product_cat-psikoloji","7":"pa_cilt-ciltli","8":"pa_tur-kitap","9":"pa_yayinevi-domingo-yayinevi","10":"pa_yazar-adrian-furnham","12":"first","13":"instock","14":"sale","15":"shipping-taxable","16":"purchasable","17":"product-type-simple"},"_links":{"self":[{"href":"https:\/\/roveyayinevi.com.tr\/index.php\/wp-json\/wp\/v2\/product\/756753","targetHints":{"allow":["GET"]}}],"collection":[{"href":"https:\/\/roveyayinevi.com.tr\/index.php\/wp-json\/wp\/v2\/product"}],"about":[{"href":"https:\/\/roveyayinevi.com.tr\/index.php\/wp-json\/wp\/v2\/types\/product"}],"wp:attachment":[{"href":"https:\/\/roveyayinevi.com.tr\/index.php\/wp-json\/wp\/v2\/media?parent=756753"}],"wp:term":[{"taxonomy":"product_brand","embeddable":true,"href":"https:\/\/roveyayinevi.com.tr\/index.php\/wp-json\/wp\/v2\/product_brand?post=756753"},{"taxonomy":"product_cat","embeddable":true,"href":"https:\/\/roveyayinevi.com.tr\/index.php\/wp-json\/wp\/v2\/product_cat?post=756753"},{"taxonomy":"product_tag","embeddable":true,"href":"https:\/\/roveyayinevi.com.tr\/index.php\/wp-json\/wp\/v2\/product_tag?post=756753"}],"curies":[{"name":"wp","href":"https:\/\/api.w.org\/{rel}","templated":true}]}}