{"id":756752,"date":"2025-08-28T07:16:09","date_gmt":"2025-08-28T04:16:09","guid":{"rendered":"https:\/\/roveyayinevi.com.tr\/index.php\/urun\/gercekten-bilmeniz-gereken-50-mimarlik-fikri-ciltli\/"},"modified":"2026-04-16T03:09:57","modified_gmt":"2026-04-16T00:09:57","slug":"gercekten-bilmeniz-gereken-50-mimarlik-fikri-ciltli","status":"publish","type":"product","link":"https:\/\/roveyayinevi.com.tr\/index.php\/urun\/gercekten-bilmeniz-gereken-50-mimarlik-fikri-ciltli\/","title":{"rendered":"Ger\u00e7ekten Bilmeniz Gereken 50 Mimarl\u0131k Fikri (Ciltli)"},"content":{"rendered":"<p>Ger\u00e7ekten Bilmeniz Gereken 50 Mimarl\u0131k Fikri, M\u0131s\u0131r piramitlerinden Guggenheim M\u00fczesi\u2019ne, baroktan g\u00fcn\u00fcm\u00fcz\u00fcn ye\u015fil binalar\u0131na, mimarl\u0131k tarihindeki b\u00fcy\u00fck fikirler, g\u00f6z al\u0131c\u0131 ba\u015far\u0131lar ve bunlar\u0131n ard\u0131ndaki yarat\u0131c\u0131 zihinlerle tan\u0131\u015ft\u0131r\u0131yor bizleri. Bir binan\u0131n ne zaman sadece bir bina, ne zaman sanat oldu\u011funu kestirebilmek, \u00e7o\u011fu zaman bak\u0131p ge\u00e7ti\u011fimiz binalar\u0131n ard\u0131nda yatan birikim ve esteti\u011fin fark\u0131na var\u0131p bilindik sokaklar\u0131 bamba\u015fka bir g\u00f6zle y\u00fcr\u00fcmek ve mimari tercihlerimizin y\u00fczy\u0131llard\u0131r ya\u015fam tercihlerimizle nas\u0131l \u00f6rt\u00fc\u015ft\u00fc\u011f\u00fcn\u00fc g\u00f6rmek i\u00e7in harika bir rehber Ger\u00e7ekten Bilmeniz Gereken 50 Mimarl\u0131k Fikri.<\/p>\n","protected":false},"excerpt":{"rendered":"<p>Ger\u00e7ekten Bilmeniz Gereken 50 Mimarl\u0131k Fikri, M\u0131s\u0131r piramitlerinden Guggenheim M\u00fczesi\u2019ne, baroktan g\u00fcn\u00fcm\u00fcz\u00fcn ye\u015fil binalar\u0131na, mimarl\u0131k tarihindeki b\u00fcy\u00fck fikirler, g\u00f6z al\u0131c\u0131 ba\u015far\u0131lar ve bunlar\u0131n ard\u0131ndaki yarat\u0131c\u0131 zihinlerle<span class=\"excerpt-hellip\"> [\u2026]<\/span><\/p>\n","protected":false},"featured_media":0,"template":"","meta":{"_monsterinsights_skip_tracking":false,"_monsterinsights_sitenote_active":false,"_monsterinsights_sitenote_note":"","_monsterinsights_sitenote_category":0},"product_brand":[],"product_cat":[13512,12408],"product_tag":[],"class_list":{"0":"post-756752","1":"product","2":"type-product","3":"status-publish","5":"product_cat-mimarlik","6":"product_cat-sanat","7":"pa_cilt-ciltli","8":"pa_tur-kitap","9":"pa_yayinevi-domingo-yayinevi","10":"pa_yazar-philip-wilkinson","12":"first","13":"instock","14":"sale","15":"shipping-taxable","16":"purchasable","17":"product-type-simple"},"_links":{"self":[{"href":"https:\/\/roveyayinevi.com.tr\/index.php\/wp-json\/wp\/v2\/product\/756752","targetHints":{"allow":["GET"]}}],"collection":[{"href":"https:\/\/roveyayinevi.com.tr\/index.php\/wp-json\/wp\/v2\/product"}],"about":[{"href":"https:\/\/roveyayinevi.com.tr\/index.php\/wp-json\/wp\/v2\/types\/product"}],"wp:attachment":[{"href":"https:\/\/roveyayinevi.com.tr\/index.php\/wp-json\/wp\/v2\/media?parent=756752"}],"wp:term":[{"taxonomy":"product_brand","embeddable":true,"href":"https:\/\/roveyayinevi.com.tr\/index.php\/wp-json\/wp\/v2\/product_brand?post=756752"},{"taxonomy":"product_cat","embeddable":true,"href":"https:\/\/roveyayinevi.com.tr\/index.php\/wp-json\/wp\/v2\/product_cat?post=756752"},{"taxonomy":"product_tag","embeddable":true,"href":"https:\/\/roveyayinevi.com.tr\/index.php\/wp-json\/wp\/v2\/product_tag?post=756752"}],"curies":[{"name":"wp","href":"https:\/\/api.w.org\/{rel}","templated":true}]}}