{"id":756751,"date":"2025-08-28T07:16:08","date_gmt":"2025-08-28T04:16:08","guid":{"rendered":"https:\/\/roveyayinevi.com.tr\/index.php\/urun\/gercekten-bilmeniz-gereken-50-matematik-fikri-ciltli\/"},"modified":"2026-04-16T03:09:57","modified_gmt":"2026-04-16T00:09:57","slug":"gercekten-bilmeniz-gereken-50-matematik-fikri-ciltli","status":"publish","type":"product","link":"https:\/\/roveyayinevi.com.tr\/index.php\/urun\/gercekten-bilmeniz-gereken-50-matematik-fikri-ciltli\/","title":{"rendered":"Ger\u00e7ekten Bilmeniz Gereken 50 Matematik Fikri (Ciltli)"},"content":{"rendered":"<p>S\u0131f\u0131r\u0131 kim ke\u015ffetti? Neden dakikada 60 saniye var? Sonsuz ne kadar b\u00fcy\u00fck? Birbirine paralel \u00e7izgiler nerede kesi\u015firler? Ve bir kelebe\u011fin kanat \u00e7\u0131rp\u0131\u015f\u0131 ger\u00e7ekten de d\u00fcnyan\u0131n di\u011fer ucunda f\u0131rt\u0131naya sebep olabilir mi? Art\u0131k okuldayken matematikte ne kadar k\u00f6t\u00fc oldu\u011funuzdan matah bir \u015feymi\u015f gibi bahsetmekten s\u0131k\u0131ld\u0131ysan\u0131z, Ger\u00e7ekten Bilmeniz Gereken 50 Matematik Fikri b\u00fcy\u00fcleyici bir evrene giri\u015f i\u00e7in harika bir f\u0131rsat. Profes\u00f6r Tony Crilly, Roma rakamlar\u0131ndan Fermat\u2019n\u0131n son teoremine; Oyun kuram\u0131ndan sihirli karelere uzan\u0131yor; sudoku, \u015fifre k\u0131rma, piyango ya da bile\u015fik faiz hesab\u0131n\u0131n arkas\u0131ndaki temel mant\u0131\u011f\u0131 anlat\u0131yor; kalk\u00fcl\u00fcs, istatistik ve cebirin \u2013olur da istersek\u2013 ger\u00e7ek hayatta nas\u0131l i\u015fimize yarayabildi\u011fini ortaya koyuyor. Matematik bundan daha keyifli olmam\u0131\u015ft\u0131&#8230;<\/p>\n","protected":false},"excerpt":{"rendered":"<p>S\u0131f\u0131r\u0131 kim ke\u015ffetti? Neden dakikada 60 saniye var? Sonsuz ne kadar b\u00fcy\u00fck? Birbirine paralel \u00e7izgiler nerede kesi\u015firler? Ve bir kelebe\u011fin kanat \u00e7\u0131rp\u0131\u015f\u0131 ger\u00e7ekten de d\u00fcnyan\u0131n di\u011fer<span class=\"excerpt-hellip\"> [\u2026]<\/span><\/p>\n","protected":false},"featured_media":0,"template":"","meta":{"_monsterinsights_skip_tracking":false,"_monsterinsights_sitenote_active":false,"_monsterinsights_sitenote_note":"","_monsterinsights_sitenote_category":0},"product_brand":[],"product_cat":[13005,16724],"product_tag":[],"class_list":{"0":"post-756751","1":"product","2":"type-product","3":"status-publish","5":"product_cat-bilim-muhendislik","6":"product_cat-matematik","7":"pa_cilt-ciltli","8":"pa_tur-kitap","9":"pa_yayinevi-domingo-yayinevi","10":"pa_yazar-tony-crilly","12":"first","13":"instock","14":"sale","15":"shipping-taxable","16":"purchasable","17":"product-type-simple"},"_links":{"self":[{"href":"https:\/\/roveyayinevi.com.tr\/index.php\/wp-json\/wp\/v2\/product\/756751","targetHints":{"allow":["GET"]}}],"collection":[{"href":"https:\/\/roveyayinevi.com.tr\/index.php\/wp-json\/wp\/v2\/product"}],"about":[{"href":"https:\/\/roveyayinevi.com.tr\/index.php\/wp-json\/wp\/v2\/types\/product"}],"wp:attachment":[{"href":"https:\/\/roveyayinevi.com.tr\/index.php\/wp-json\/wp\/v2\/media?parent=756751"}],"wp:term":[{"taxonomy":"product_brand","embeddable":true,"href":"https:\/\/roveyayinevi.com.tr\/index.php\/wp-json\/wp\/v2\/product_brand?post=756751"},{"taxonomy":"product_cat","embeddable":true,"href":"https:\/\/roveyayinevi.com.tr\/index.php\/wp-json\/wp\/v2\/product_cat?post=756751"},{"taxonomy":"product_tag","embeddable":true,"href":"https:\/\/roveyayinevi.com.tr\/index.php\/wp-json\/wp\/v2\/product_tag?post=756751"}],"curies":[{"name":"wp","href":"https:\/\/api.w.org\/{rel}","templated":true}]}}