{"id":756750,"date":"2025-08-28T07:16:07","date_gmt":"2025-08-28T04:16:07","guid":{"rendered":"https:\/\/roveyayinevi.com.tr\/index.php\/urun\/gercekten-bilmeniz-gereken-50-fizik-fikri-ciltli\/"},"modified":"2026-04-16T03:09:57","modified_gmt":"2026-04-16T00:09:57","slug":"gercekten-bilmeniz-gereken-50-fizik-fikri-ciltli","status":"publish","type":"product","link":"https:\/\/roveyayinevi.com.tr\/index.php\/urun\/gercekten-bilmeniz-gereken-50-fizik-fikri-ciltli\/","title":{"rendered":"Ger\u00e7ekten Bilmeniz Gereken 50 Fizik Fikri (Ciltli)"},"content":{"rendered":"<p>Sabah daha y\u00fcz\u00fcm\u00fcz\u00fc y\u0131kamadan fizik prensipleriyle y\u00fczle\u015fiyoruz; ge\u00e7en zaman\u0131n \u00e7etelesini tutan \u00e7alar saat, \u0131\u015f\u0131k dalgalar\u0131n\u0131 yans\u0131tan ayna, musluktan incelen bir s\u00fctun \u015feklinde akan su. Ya da \u015f\u00f6yle bakal\u0131m: g\u00fcnl\u00fck sohbetlerimizde pek de ad\u0131n\u0131 anmad\u0131\u011f\u0131m\u0131z Bernoulli denklemi olmasa, u\u00e7a\u011f\u0131n u\u00e7abilmesini; Maxwell denklemleri olmasa, elektromanyetik dalgalar \u00fcst\u00fcnden d\u00fcnyay\u0131 saran ileti\u015fim a\u011flar\u0131 kurmam\u0131z\u0131 ya da X-\u0131\u015f\u0131nlar\u0131n\u0131n ke\u015ffini nas\u0131l a\u00e7\u0131klayacakt\u0131k? Ger\u00e7ekten Bilmeniz Gereken 50 Fizik Fikri, bizi \u00e7evreleyen fizik prensiplerini m\u00fcmk\u00fcn olan en anla\u015f\u0131l\u0131r dil ve sunumla ortaya koyuyor. K\u00fctle\u00e7ekim, \u0131\u015f\u0131k, enerji gibi temel kavramlardan ba\u015flay\u0131p kuantum, kaos, karanl\u0131k enerji, Tanr\u0131 Par\u00e7ac\u0131\u011f\u0131 gibi bilimsel aray\u0131\u015f\u0131n parlak fikirleriyle dolu bir evrene yol al\u0131yor. \u00dcnl\u00fc fizik\u00e7ilerin ya\u015fam\u0131na dair k\u0131sa bilgiler, bulu\u015flar\u0131 o g\u00fcn\u00fcn \u015fartlar\u0131yla g\u00f6rmemizi sa\u011flayacak zaman \u00e7izelgeleri ve a\u00e7\u0131klay\u0131c\u0131 ill\u00fcstrasyonlar\u0131yla bu kitap fizi\u011fin temelini anlamak i\u00e7in e\u015fsiz bir rehber.<\/p>\n","protected":false},"excerpt":{"rendered":"<p>Sabah daha y\u00fcz\u00fcm\u00fcz\u00fc y\u0131kamadan fizik prensipleriyle y\u00fczle\u015fiyoruz; ge\u00e7en zaman\u0131n \u00e7etelesini tutan \u00e7alar saat, \u0131\u015f\u0131k dalgalar\u0131n\u0131 yans\u0131tan ayna, musluktan incelen bir s\u00fctun \u015feklinde akan su. Ya da<span class=\"excerpt-hellip\"> [\u2026]<\/span><\/p>\n","protected":false},"featured_media":0,"template":"","meta":{"_monsterinsights_skip_tracking":false,"_monsterinsights_sitenote_active":false,"_monsterinsights_sitenote_note":"","_monsterinsights_sitenote_category":0},"product_brand":[],"product_cat":[13005],"product_tag":[],"class_list":{"0":"post-756750","1":"product","2":"type-product","3":"status-publish","5":"product_cat-bilim-muhendislik","6":"pa_cilt-ciltli","7":"pa_tur-kitap","8":"pa_yayinevi-domingo-yayinevi","9":"pa_yazar-joanne-baker","11":"first","12":"instock","13":"sale","14":"shipping-taxable","15":"purchasable","16":"product-type-simple"},"_links":{"self":[{"href":"https:\/\/roveyayinevi.com.tr\/index.php\/wp-json\/wp\/v2\/product\/756750","targetHints":{"allow":["GET"]}}],"collection":[{"href":"https:\/\/roveyayinevi.com.tr\/index.php\/wp-json\/wp\/v2\/product"}],"about":[{"href":"https:\/\/roveyayinevi.com.tr\/index.php\/wp-json\/wp\/v2\/types\/product"}],"wp:attachment":[{"href":"https:\/\/roveyayinevi.com.tr\/index.php\/wp-json\/wp\/v2\/media?parent=756750"}],"wp:term":[{"taxonomy":"product_brand","embeddable":true,"href":"https:\/\/roveyayinevi.com.tr\/index.php\/wp-json\/wp\/v2\/product_brand?post=756750"},{"taxonomy":"product_cat","embeddable":true,"href":"https:\/\/roveyayinevi.com.tr\/index.php\/wp-json\/wp\/v2\/product_cat?post=756750"},{"taxonomy":"product_tag","embeddable":true,"href":"https:\/\/roveyayinevi.com.tr\/index.php\/wp-json\/wp\/v2\/product_tag?post=756750"}],"curies":[{"name":"wp","href":"https:\/\/api.w.org\/{rel}","templated":true}]}}