{"id":756749,"date":"2025-08-28T07:16:06","date_gmt":"2025-08-28T04:16:06","guid":{"rendered":"https:\/\/roveyayinevi.com.tr\/index.php\/urun\/gercekten-bilmeniz-gereken-50-felsefe-fikri-ciltli\/"},"modified":"2026-04-16T03:09:57","modified_gmt":"2026-04-16T00:09:57","slug":"gercekten-bilmeniz-gereken-50-felsefe-fikri-ciltli","status":"publish","type":"product","link":"https:\/\/roveyayinevi.com.tr\/index.php\/urun\/gercekten-bilmeniz-gereken-50-felsefe-fikri-ciltli\/","title":{"rendered":"Ger\u00e7ekten Bilmeniz Gereken 50 Felsefe Fikri (Ciltli)"},"content":{"rendered":"<p>Kabul, konuyu \u201cFelsefe yapma!\u201d diye kestirip atabilmek b\u00fcy\u00fck konfor. Felsefenin \u00e7etin sorular\u0131yla cebelle\u015fmektense filozoflara fildi\u015fi kulelerde ya\u015fayan ve \u201cka\u015f\u0131yacak bir \u015fey olsun diye uyuz icat eden\u201d muhteremler kli\u015fesiyle bakmak m\u00fcmk\u00fcn. Ama kli\u015feler \u00fcst\u00fcnden ya\u015famak yerine kendi yolumuzu \u00e7izmek istiyorsak, y\u00fcz\u00fcm\u00fcz\u00fc d\u00f6nmemiz gereken yer felsefedir. B\u0131rak\u0131n hayattan kopuk olmay\u0131, tam da hayat\u0131n \u00f6z\u00fcne dair konu\u015fan \u015fey felsefedir. Ger\u00e7ekten Bilmeniz Gereken 50 Felsefe Fikri, anlat\u0131m dilinden tasar\u0131m\u0131na kadar kolay anla\u015f\u0131labilir olmay\u0131 hedeflemi\u015f, okuru dolamba\u00e7l\u0131 yollarda yaln\u0131z b\u0131rakmayan ideal bir felsefeye giri\u015f kitab\u0131. Felsefenin oda\u011f\u0131nda olmu\u015f bilgi, bilin\u00e7, kimlik, etik, hukuk ve estetik gibi kavramlar hakk\u0131ndaki tart\u0131\u015fmalar\u0131; kavanozdaki beyin problemi, Platon\u2019un ma\u011faras\u0131, berber paradoksu, \u00fcnl\u00fc \u201cd\u00fc\u015f\u00fcn\u00fcyorum \u00f6yleyse var\u0131m\u201d \u00f6nermesi ve tutuklu ikilemi gibi keyifli ve zihin a\u00e7\u0131c\u0131 ba\u015fl\u0131klar \u00fczerinden okurla payla\u015f\u0131yor. \u00d6nyarg\u0131lar\u0131n\u0131 k\u0131r\u0131p adab\u0131yla felsefe yapmak isteyen herkes i\u00e7in hayli faydal\u0131 bir kitap.<\/p>\n","protected":false},"excerpt":{"rendered":"<p>Kabul, konuyu \u201cFelsefe yapma!\u201d diye kestirip atabilmek b\u00fcy\u00fck konfor. Felsefenin \u00e7etin sorular\u0131yla cebelle\u015fmektense filozoflara fildi\u015fi kulelerde ya\u015fayan ve \u201cka\u015f\u0131yacak bir \u015fey olsun diye uyuz icat eden\u201d<span class=\"excerpt-hellip\"> [\u2026]<\/span><\/p>\n","protected":false},"featured_media":0,"template":"","meta":{"_monsterinsights_skip_tracking":false,"_monsterinsights_sitenote_active":false,"_monsterinsights_sitenote_note":"","_monsterinsights_sitenote_category":0},"product_brand":[],"product_cat":[12388],"product_tag":[],"class_list":{"0":"post-756749","1":"product","2":"type-product","3":"status-publish","5":"product_cat-felsefe","6":"pa_cilt-ciltli","7":"pa_tur-kitap","8":"pa_yayinevi-domingo-yayinevi","9":"pa_yazar-ben-dupre","11":"first","12":"instock","13":"sale","14":"shipping-taxable","15":"purchasable","16":"product-type-simple"},"_links":{"self":[{"href":"https:\/\/roveyayinevi.com.tr\/index.php\/wp-json\/wp\/v2\/product\/756749","targetHints":{"allow":["GET"]}}],"collection":[{"href":"https:\/\/roveyayinevi.com.tr\/index.php\/wp-json\/wp\/v2\/product"}],"about":[{"href":"https:\/\/roveyayinevi.com.tr\/index.php\/wp-json\/wp\/v2\/types\/product"}],"wp:attachment":[{"href":"https:\/\/roveyayinevi.com.tr\/index.php\/wp-json\/wp\/v2\/media?parent=756749"}],"wp:term":[{"taxonomy":"product_brand","embeddable":true,"href":"https:\/\/roveyayinevi.com.tr\/index.php\/wp-json\/wp\/v2\/product_brand?post=756749"},{"taxonomy":"product_cat","embeddable":true,"href":"https:\/\/roveyayinevi.com.tr\/index.php\/wp-json\/wp\/v2\/product_cat?post=756749"},{"taxonomy":"product_tag","embeddable":true,"href":"https:\/\/roveyayinevi.com.tr\/index.php\/wp-json\/wp\/v2\/product_tag?post=756749"}],"curies":[{"name":"wp","href":"https:\/\/api.w.org\/{rel}","templated":true}]}}