{"id":756747,"date":"2025-08-28T07:16:03","date_gmt":"2025-08-28T04:16:03","guid":{"rendered":"https:\/\/roveyayinevi.com.tr\/index.php\/urun\/ne-harika-bir-gun\/"},"modified":"2026-04-16T03:09:56","modified_gmt":"2026-04-16T00:09:56","slug":"ne-harika-bir-gun","status":"publish","type":"product","link":"https:\/\/roveyayinevi.com.tr\/index.php\/urun\/ne-harika-bir-gun\/","title":{"rendered":"Ne Harika Bir G\u00fcn!"},"content":{"rendered":"<p>Saat \u00e7al\u0131nca Mert uyand\u0131. Yatakta d\u00f6nmeye ba\u015flad\u0131, erken uyanmay\u0131 sevmiyordu sabahlar\u0131. En iyi arkada\u015f\u0131 Bobo ise e\u011flenmeyi \u00e7ok seviyordu. Mert\u2019i d\u0131\u015far\u0131 \u00e7\u0131karmak, birlikte e\u011flenmek istiyordu. Bakal\u0131m bu iki iyi arkada\u015f nas\u0131l bir g\u00fcn ge\u00e7irecekleri konusunda anla\u015fabilecekler mi? Dostlarla ge\u00e7en s\u0131cak bir g\u00fcn\u00fc anlatan bu kitap, e\u011fer istersek mutlulu\u011fun sadece bir ad\u0131m \u00f6temizde oldu\u011funu hat\u0131rlat\u0131yor. <\/p>\n","protected":false},"excerpt":{"rendered":"<p>Saat \u00e7al\u0131nca Mert uyand\u0131. Yatakta d\u00f6nmeye ba\u015flad\u0131, erken uyanmay\u0131 sevmiyordu sabahlar\u0131. En iyi arkada\u015f\u0131 Bobo ise e\u011flenmeyi \u00e7ok seviyordu. Mert\u2019i d\u0131\u015far\u0131 \u00e7\u0131karmak, birlikte e\u011flenmek istiyordu. Bakal\u0131m<span class=\"excerpt-hellip\"> [\u2026]<\/span><\/p>\n","protected":false},"featured_media":0,"template":"","meta":{"_monsterinsights_skip_tracking":false,"_monsterinsights_sitenote_active":false,"_monsterinsights_sitenote_note":"","_monsterinsights_sitenote_category":0},"product_brand":[],"product_cat":[12274,12518],"product_tag":[],"class_list":{"0":"post-756747","1":"product","2":"type-product","3":"status-publish","5":"product_cat-cocuk-ve-genclik-kitaplari","6":"product_cat-okul-oncesi-kitaplar","7":"pa_cilt-ciltsiz","8":"pa_tur-kitap","9":"pa_yayinevi-is-bankasi-kultur-yayinlari","10":"pa_yazar-esra-ilter-demirbilek","12":"first","13":"instock","14":"sale","15":"shipping-taxable","16":"purchasable","17":"product-type-simple"},"_links":{"self":[{"href":"https:\/\/roveyayinevi.com.tr\/index.php\/wp-json\/wp\/v2\/product\/756747","targetHints":{"allow":["GET"]}}],"collection":[{"href":"https:\/\/roveyayinevi.com.tr\/index.php\/wp-json\/wp\/v2\/product"}],"about":[{"href":"https:\/\/roveyayinevi.com.tr\/index.php\/wp-json\/wp\/v2\/types\/product"}],"wp:attachment":[{"href":"https:\/\/roveyayinevi.com.tr\/index.php\/wp-json\/wp\/v2\/media?parent=756747"}],"wp:term":[{"taxonomy":"product_brand","embeddable":true,"href":"https:\/\/roveyayinevi.com.tr\/index.php\/wp-json\/wp\/v2\/product_brand?post=756747"},{"taxonomy":"product_cat","embeddable":true,"href":"https:\/\/roveyayinevi.com.tr\/index.php\/wp-json\/wp\/v2\/product_cat?post=756747"},{"taxonomy":"product_tag","embeddable":true,"href":"https:\/\/roveyayinevi.com.tr\/index.php\/wp-json\/wp\/v2\/product_tag?post=756747"}],"curies":[{"name":"wp","href":"https:\/\/api.w.org\/{rel}","templated":true}]}}