{"id":756746,"date":"2025-08-28T07:16:01","date_gmt":"2025-08-28T04:16:01","guid":{"rendered":"https:\/\/roveyayinevi.com.tr\/index.php\/urun\/arkadasim-elif-rengarenk-eglenceli-etkinlik-ormandaki-hayvanlar\/"},"modified":"2026-04-16T03:09:56","modified_gmt":"2026-04-16T00:09:56","slug":"arkadasim-elif-rengarenk-eglenceli-etkinlik-ormandaki-hayvanlar","status":"publish","type":"product","link":"https:\/\/roveyayinevi.com.tr\/index.php\/urun\/arkadasim-elif-rengarenk-eglenceli-etkinlik-ormandaki-hayvanlar\/","title":{"rendered":"Arkada\u015f\u0131m Elif &#8211; Rengarenk E\u011flenceli Etkinlik Ormandaki Hayvanlar"},"content":{"rendered":"<p>Ormanda ke\u015ffedecek ne \u00e7ok \u015fey var! Elif babas\u0131yla birlikte ormanda y\u00fcr\u00fcy\u00fc\u015fe \u00e7\u0131kt\u0131\u011f\u0131nda, a\u011fa\u00e7ta bir a\u011fa\u00e7kakan, yerde de baz\u0131 izler g\u00f6rd\u00fc. Bu izler kime aitti acaba? Elif\u2019le birlikte orman canl\u0131lar\u0131n\u0131 daha yak\u0131ndan tan\u0131yabilir, her sayfada e\u011flenceli etkinlikler bulabilirsin. *Elif\u2019le do\u011fay\u0131 ke\u015ffetmeni sa\u011flayacak ipu\u00e7lar\u0131 *Merakl\u0131 k\u00e2\u015fifler i\u00e7in dikkat geli\u015ftirici \u00e7al\u0131\u015fmalar *Bo\u015f vakitlerde, yolcukta, tek ba\u015f\u0131na ya da ailenle \u00e7\u00f6zebilece\u011fin bulmacalar <\/p>\n","protected":false},"excerpt":{"rendered":"<p>Ormanda ke\u015ffedecek ne \u00e7ok \u015fey var! Elif babas\u0131yla birlikte ormanda y\u00fcr\u00fcy\u00fc\u015fe \u00e7\u0131kt\u0131\u011f\u0131nda, a\u011fa\u00e7ta bir a\u011fa\u00e7kakan, yerde de baz\u0131 izler g\u00f6rd\u00fc. Bu izler kime aitti acaba? Elif\u2019le<span class=\"excerpt-hellip\"> [\u2026]<\/span><\/p>\n","protected":false},"featured_media":0,"template":"","meta":{"_monsterinsights_skip_tracking":false,"_monsterinsights_sitenote_active":false,"_monsterinsights_sitenote_note":"","_monsterinsights_sitenote_category":0},"product_brand":[],"product_cat":[12274,12518],"product_tag":[],"class_list":{"0":"post-756746","1":"product","2":"type-product","3":"status-publish","5":"product_cat-cocuk-ve-genclik-kitaplari","6":"product_cat-okul-oncesi-kitaplar","7":"pa_cilt-ciltsiz","8":"pa_tur-kitap","9":"pa_yayinevi-is-bankasi-kultur-yayinlari","10":"pa_yazar-laura-leintz","12":"first","13":"instock","14":"sale","15":"shipping-taxable","16":"purchasable","17":"product-type-simple"},"_links":{"self":[{"href":"https:\/\/roveyayinevi.com.tr\/index.php\/wp-json\/wp\/v2\/product\/756746","targetHints":{"allow":["GET"]}}],"collection":[{"href":"https:\/\/roveyayinevi.com.tr\/index.php\/wp-json\/wp\/v2\/product"}],"about":[{"href":"https:\/\/roveyayinevi.com.tr\/index.php\/wp-json\/wp\/v2\/types\/product"}],"wp:attachment":[{"href":"https:\/\/roveyayinevi.com.tr\/index.php\/wp-json\/wp\/v2\/media?parent=756746"}],"wp:term":[{"taxonomy":"product_brand","embeddable":true,"href":"https:\/\/roveyayinevi.com.tr\/index.php\/wp-json\/wp\/v2\/product_brand?post=756746"},{"taxonomy":"product_cat","embeddable":true,"href":"https:\/\/roveyayinevi.com.tr\/index.php\/wp-json\/wp\/v2\/product_cat?post=756746"},{"taxonomy":"product_tag","embeddable":true,"href":"https:\/\/roveyayinevi.com.tr\/index.php\/wp-json\/wp\/v2\/product_tag?post=756746"}],"curies":[{"name":"wp","href":"https:\/\/api.w.org\/{rel}","templated":true}]}}