{"id":756745,"date":"2025-08-28T07:16:00","date_gmt":"2025-08-28T04:16:00","guid":{"rendered":"https:\/\/roveyayinevi.com.tr\/index.php\/urun\/ses-farkindaligi-ve-dil-becerileri-okul-ocesi-gelisim\/"},"modified":"2026-04-16T03:09:56","modified_gmt":"2026-04-16T00:09:56","slug":"ses-farkindaligi-ve-dil-becerileri-okul-ocesi-gelisim","status":"publish","type":"product","link":"https:\/\/roveyayinevi.com.tr\/index.php\/urun\/ses-farkindaligi-ve-dil-becerileri-okul-ocesi-gelisim\/","title":{"rendered":"Ses Fark\u0131ndal\u0131\u011f\u0131 ve Dil Becerileri &#8211; Okul \u00d6cesi Geli\u015fim"},"content":{"rendered":"<p>Okul \u00f6ncesi d\u00f6nemde dil becerilerinin geli\u015fiminin neredeyse tamam\u0131 konu\u015fulan dili anlama ve onu geli\u015ftirmeyle ilgilidir. Ana dil en \u00f6nemli anla\u015fma ve ileti\u015fim arac\u0131d\u0131r. Bu nedenle de ana dil geli\u015fimini desteklemek ayn\u0131 zamanda; zihinsel geli\u015fime ba\u011fl\u0131 becerilerin ifade edilmesi ile sosyal-duygusal geli\u015fimin ifade edilip geli\u015ftirilmesini destekleyici bir \u00e7al\u0131\u015fmad\u0131r. Ses Fark\u0131ndal\u0131\u011f\u0131 ve Dil Becerileri kitab\u0131n\u0131n, \u00e7ocu\u011fun geli\u015fiminin en h\u0131zl\u0131 ve etkin oldu\u011fu okul \u00f6ncesi d\u00f6nemde dil geli\u015fimini destekleyici uygulamalara olanak sa\u011flayarak e\u011fitimcilere ve ailelere rehberlik edecek bir kitap olmas\u0131 hedeflenmi\u015ftir. <\/p>\n","protected":false},"excerpt":{"rendered":"<p>Okul \u00f6ncesi d\u00f6nemde dil becerilerinin geli\u015fiminin neredeyse tamam\u0131 konu\u015fulan dili anlama ve onu geli\u015ftirmeyle ilgilidir. Ana dil en \u00f6nemli anla\u015fma ve ileti\u015fim arac\u0131d\u0131r. Bu nedenle de<span class=\"excerpt-hellip\"> [\u2026]<\/span><\/p>\n","protected":false},"featured_media":0,"template":"","meta":{"_monsterinsights_skip_tracking":false,"_monsterinsights_sitenote_active":false,"_monsterinsights_sitenote_note":"","_monsterinsights_sitenote_category":0},"product_brand":[],"product_cat":[12274,12518],"product_tag":[],"class_list":{"0":"post-756745","1":"product","2":"type-product","3":"status-publish","5":"product_cat-cocuk-ve-genclik-kitaplari","6":"product_cat-okul-oncesi-kitaplar","7":"pa_cilt-ciltsiz","8":"pa_tur-kitap","9":"pa_yayinevi-is-bankasi-kultur-yayinlari","10":"pa_yazar-ozlem-orcun","12":"first","13":"instock","14":"sale","15":"shipping-taxable","16":"purchasable","17":"product-type-simple"},"_links":{"self":[{"href":"https:\/\/roveyayinevi.com.tr\/index.php\/wp-json\/wp\/v2\/product\/756745","targetHints":{"allow":["GET"]}}],"collection":[{"href":"https:\/\/roveyayinevi.com.tr\/index.php\/wp-json\/wp\/v2\/product"}],"about":[{"href":"https:\/\/roveyayinevi.com.tr\/index.php\/wp-json\/wp\/v2\/types\/product"}],"wp:attachment":[{"href":"https:\/\/roveyayinevi.com.tr\/index.php\/wp-json\/wp\/v2\/media?parent=756745"}],"wp:term":[{"taxonomy":"product_brand","embeddable":true,"href":"https:\/\/roveyayinevi.com.tr\/index.php\/wp-json\/wp\/v2\/product_brand?post=756745"},{"taxonomy":"product_cat","embeddable":true,"href":"https:\/\/roveyayinevi.com.tr\/index.php\/wp-json\/wp\/v2\/product_cat?post=756745"},{"taxonomy":"product_tag","embeddable":true,"href":"https:\/\/roveyayinevi.com.tr\/index.php\/wp-json\/wp\/v2\/product_tag?post=756745"}],"curies":[{"name":"wp","href":"https:\/\/api.w.org\/{rel}","templated":true}]}}