{"id":756743,"date":"2025-08-28T07:15:56","date_gmt":"2025-08-28T04:15:56","guid":{"rendered":"https:\/\/roveyayinevi.com.tr\/index.php\/urun\/alex-neptun-ejderha-hirsizi\/"},"modified":"2026-04-16T03:09:56","modified_gmt":"2026-04-16T00:09:56","slug":"alex-neptun-ejderha-hirsizi","status":"publish","type":"product","link":"https:\/\/roveyayinevi.com.tr\/index.php\/urun\/alex-neptun-ejderha-hirsizi\/","title":{"rendered":"Alex Nept\u00fcn Ejderha H\u0131rs\u0131z\u0131"},"content":{"rendered":"<p>Alex Nept\u00fcn kendini bildi bileli, deniz onu yan\u0131na almaya \u00e7al\u0131\u015f\u0131yordu\u2026 Bu y\u00fczden, tepedeki terk edilmi\u015f deniz park\u0131nda, bir akvaryuma hapsedilmi\u015f su ejderhas\u0131n\u0131n yard\u0131m \u00e7a\u011fr\u0131s\u0131n\u0131 duydu\u011funa da pek memnun olmam\u0131\u015ft\u0131. Ama sihirli bir efsaneye insan nas\u0131l hay\u0131r diyebilir ki? Alex, en yak\u0131n arkada\u015f\u0131 ve teknoloji d\u00e2hisi Zoey, efsanelere bay\u0131lan Anil, keskin ni\u015fanc\u0131 bir ahtapot, akrobatik yetenekleri olan d\u00f6rt su samuru ve h\u0131nz\u0131r bir mart\u0131n\u0131n da yard\u0131m\u0131yla, ejderhay\u0131 oradan ka\u00e7\u0131rmak i\u00e7in bir soygun plan\u0131 yapt\u0131. Bu s\u0131rada da birden denizlerin g\u00fcc\u00fcn\u00fc kullanabildi\u011fini ke\u015ffetti\u2026 <\/p>\n","protected":false},"excerpt":{"rendered":"<p>Alex Nept\u00fcn kendini bildi bileli, deniz onu yan\u0131na almaya \u00e7al\u0131\u015f\u0131yordu\u2026 Bu y\u00fczden, tepedeki terk edilmi\u015f deniz park\u0131nda, bir akvaryuma hapsedilmi\u015f su ejderhas\u0131n\u0131n yard\u0131m \u00e7a\u011fr\u0131s\u0131n\u0131 duydu\u011funa da<span class=\"excerpt-hellip\"> [\u2026]<\/span><\/p>\n","protected":false},"featured_media":0,"template":"","meta":{"_monsterinsights_skip_tracking":false,"_monsterinsights_sitenote_active":false,"_monsterinsights_sitenote_note":"","_monsterinsights_sitenote_category":0},"product_brand":[],"product_cat":[12274,12284],"product_tag":[],"class_list":{"0":"post-756743","1":"product","2":"type-product","3":"status-publish","5":"product_cat-cocuk-ve-genclik-kitaplari","6":"product_cat-hikayeler","7":"pa_cilt-ciltsiz","8":"pa_tur-kitap","9":"pa_yayinevi-is-bankasi-kultur-yayinlari","10":"pa_yazar-david-owen","12":"first","13":"instock","14":"sale","15":"shipping-taxable","16":"purchasable","17":"product-type-simple"},"_links":{"self":[{"href":"https:\/\/roveyayinevi.com.tr\/index.php\/wp-json\/wp\/v2\/product\/756743","targetHints":{"allow":["GET"]}}],"collection":[{"href":"https:\/\/roveyayinevi.com.tr\/index.php\/wp-json\/wp\/v2\/product"}],"about":[{"href":"https:\/\/roveyayinevi.com.tr\/index.php\/wp-json\/wp\/v2\/types\/product"}],"wp:attachment":[{"href":"https:\/\/roveyayinevi.com.tr\/index.php\/wp-json\/wp\/v2\/media?parent=756743"}],"wp:term":[{"taxonomy":"product_brand","embeddable":true,"href":"https:\/\/roveyayinevi.com.tr\/index.php\/wp-json\/wp\/v2\/product_brand?post=756743"},{"taxonomy":"product_cat","embeddable":true,"href":"https:\/\/roveyayinevi.com.tr\/index.php\/wp-json\/wp\/v2\/product_cat?post=756743"},{"taxonomy":"product_tag","embeddable":true,"href":"https:\/\/roveyayinevi.com.tr\/index.php\/wp-json\/wp\/v2\/product_tag?post=756743"}],"curies":[{"name":"wp","href":"https:\/\/api.w.org\/{rel}","templated":true}]}}