{"id":756742,"date":"2025-08-28T07:15:54","date_gmt":"2025-08-28T04:15:54","guid":{"rendered":"https:\/\/roveyayinevi.com.tr\/index.php\/urun\/tolkien\/"},"modified":"2026-04-16T03:09:56","modified_gmt":"2026-04-16T00:09:56","slug":"tolkien","status":"publish","type":"product","link":"https:\/\/roveyayinevi.com.tr\/index.php\/urun\/tolkien\/","title":{"rendered":"Tolkien"},"content":{"rendered":"<p>\u201cYazar kurgulad\u0131\u011f\u0131 d\u00fcnyan\u0131n tanr\u0131s\u0131d\u0131r\u201d laf\u0131 do\u011fruysa e\u011fer, Yazar J. R. R. Tolkien bu ulu makam\u0131 kesinlikle hak eder. Orta D\u00fcnya\u2019y\u0131 kurgulay\u0131p farkl\u0131 halklar yerle\u015ftirmekle kalmad\u0131, Her kavme ayr\u0131 bir lisan ve o lisana ger\u00e7ek bir tarih yaratt\u0131. Da\u011flar\u0131n\u0131, g\u00f6llerini, denizlerini, \u00e7\u00f6llerini olu\u015fturdu, Ormanlar\u0131n\u0131 a\u011fa\u00e7larla, yaylalar\u0131n\u0131 canl\u0131larla doldurdu. Kavimleri, ge\u00e7mi\u015fleri ve efsaneleriyle birlikte halk etti, Her bedene ayr\u0131 bir ruh \u00fcfledi, her mahlu\u011fa farkl\u0131 bi\u00e7im verdi. Ba\u015fta Y\u00fcz\u00fcklerin Efendisi olmak \u00fczere bir\u00e7ok fantastik macera roman\u0131n\u0131n yazar\u0131 John Ronald Reuel Tolkien (1892-1973), asl\u0131nda hayat\u0131nda maceraya yer olmayan bir \u00fcniversite profes\u00f6r\u00fcyd\u00fc. 16 ya\u015f\u0131ndayken \u00e2\u015f\u0131k oldu\u011fu k\u0131zla sonradan evlenip b\u00fct\u00fcn \u00f6mr\u00fcn\u00fc onunla ge\u00e7irdi. \u00d6\u011frencili\u011fini ve yeti\u015fkin hayat\u0131n\u0131n neredeyse hepsini Oxford\u2019da ya\u015fad\u0131. Ama lise y\u0131llar\u0131ndan beri Tolkien\u2019in dile m\u00fcthi\u015f bir yatk\u0131nl\u0131\u011f\u0131 vard\u0131. Bu y\u00f6n\u00fcn\u00fc i\u015fleyen lisedeki ve \u00fcniversitedeki hocalar\u0131n\u0131n da etkisiyle ilgi alan\u0131n\u0131 filolojiden ge\u00e7mi\u015fin kaybolmu\u015f kavimlerine ve lisanlar\u0131na do\u011fru geni\u015fletti. Hayat\u0131n\u0131n en b\u00fcy\u00fck olay\u0131 o\u011flunun hastal\u0131\u011f\u0131 olabilirdi ama efsaneler diyar\u0131nda nice kahramanl\u0131klar\u0131n izini s\u00fcren, t\u00fcrl\u00fc tehlikelere g\u00f6\u011f\u00fcs geren biriydi o. \u201cYarat\u0131ld\u0131\u011f\u0131m\u0131z yasalar neyse, Onlara g\u00f6re yarat\u0131r\u0131z biz de\u201d diyerek yarat\u0131c\u0131l\u0131\u011fa ilahi bir anlam y\u00fckleyen Tolkien\u2019in sade hayat\u0131n\u0131 ve esin kaynaklar\u0131n\u0131 yal\u0131n bir dille anlatan elinizdeki biyografi, Y\u00fcz\u00fcklerin Efendisi\u2019ni do\u011furan kendine \u00f6zg\u00fc bu dehan\u0131n ge\u00e7ti\u011fi evreleri gayet g\u00fczel belgeliyor. <\/p>\n","protected":false},"excerpt":{"rendered":"<p>\u201cYazar kurgulad\u0131\u011f\u0131 d\u00fcnyan\u0131n tanr\u0131s\u0131d\u0131r\u201d laf\u0131 do\u011fruysa e\u011fer, Yazar J. R. R. Tolkien bu ulu makam\u0131 kesinlikle hak eder. Orta D\u00fcnya\u2019y\u0131 kurgulay\u0131p farkl\u0131 halklar yerle\u015ftirmekle kalmad\u0131, Her<span class=\"excerpt-hellip\"> [\u2026]<\/span><\/p>\n","protected":false},"featured_media":0,"template":"","meta":{"_monsterinsights_skip_tracking":false,"_monsterinsights_sitenote_active":false,"_monsterinsights_sitenote_note":"","_monsterinsights_sitenote_category":0},"product_brand":[],"product_cat":[14009,12291],"product_tag":[],"class_list":{"0":"post-756742","1":"product","2":"type-product","3":"status-publish","5":"product_cat-biyografi-otobiyografi-edebiyat","6":"product_cat-edebiyat","7":"pa_cilt-ciltsiz","8":"pa_tur-kitap","9":"pa_yayinevi-is-bankasi-kultur-yayinlari","10":"pa_yazar-humphrey-carpenter","12":"first","13":"instock","14":"sale","15":"shipping-taxable","16":"purchasable","17":"product-type-simple"},"_links":{"self":[{"href":"https:\/\/roveyayinevi.com.tr\/index.php\/wp-json\/wp\/v2\/product\/756742","targetHints":{"allow":["GET"]}}],"collection":[{"href":"https:\/\/roveyayinevi.com.tr\/index.php\/wp-json\/wp\/v2\/product"}],"about":[{"href":"https:\/\/roveyayinevi.com.tr\/index.php\/wp-json\/wp\/v2\/types\/product"}],"wp:attachment":[{"href":"https:\/\/roveyayinevi.com.tr\/index.php\/wp-json\/wp\/v2\/media?parent=756742"}],"wp:term":[{"taxonomy":"product_brand","embeddable":true,"href":"https:\/\/roveyayinevi.com.tr\/index.php\/wp-json\/wp\/v2\/product_brand?post=756742"},{"taxonomy":"product_cat","embeddable":true,"href":"https:\/\/roveyayinevi.com.tr\/index.php\/wp-json\/wp\/v2\/product_cat?post=756742"},{"taxonomy":"product_tag","embeddable":true,"href":"https:\/\/roveyayinevi.com.tr\/index.php\/wp-json\/wp\/v2\/product_tag?post=756742"}],"curies":[{"name":"wp","href":"https:\/\/api.w.org\/{rel}","templated":true}]}}