{"id":756741,"date":"2025-08-28T07:15:53","date_gmt":"2025-08-28T04:15:53","guid":{"rendered":"https:\/\/roveyayinevi.com.tr\/index.php\/urun\/cumhuriyetin-dis-politikasi-olaylar-aktorler-kurumlar-1923-2023\/"},"modified":"2026-04-16T03:09:56","modified_gmt":"2026-04-16T00:09:56","slug":"cumhuriyetin-dis-politikasi-olaylar-aktorler-kurumlar-1923-2023","status":"publish","type":"product","link":"https:\/\/roveyayinevi.com.tr\/index.php\/urun\/cumhuriyetin-dis-politikasi-olaylar-aktorler-kurumlar-1923-2023\/","title":{"rendered":"Cumhuriyet\u2019in D\u0131\u015f Politikas\u0131 &#8211; Olaylar, Akt\u00f6rler, Kurumlar 1923-2023"},"content":{"rendered":"<p>Do\u00e7. Dr. Hazal Papu\u00e7\u00e7ular\u2019\u0131n Cumhuriyet\u2019in kurulu\u015funun 100. y\u0131l\u0131na ithafen, bir kaynak kitap olarak yazd\u0131\u011f\u0131 Cumhuriyet\u2019in D\u0131\u015f Politikas\u0131. Olaylar, Akt\u00f6rler, Kurumlar 1923-2023, 100 y\u0131ll\u0131k d\u00f6nemi kendi i\u00e7inde anlaml\u0131 zaman dilimlerine b\u00f6l\u00fcp, bu b\u00f6l\u00fcmler aras\u0131ndaki dengeyi g\u00f6zeten ama bir yandan da bu 100 y\u0131ll\u0131k d\u00f6nemi neredeyse ba\u015ftan sona kateden sorunlar\u0131 da unutmayan bir \u00e7al\u0131\u015fma. Yazar\u0131n, T\u00fcrk\u00e7e ve yabanc\u0131 dillerde y\u00fczlerce eseri, belgeyi, haberi tarayarak ve T\u00fcrk d\u0131\u015f politikas\u0131na farkl\u0131 perspektiflerden bakarak kaleme ald\u0131\u011f\u0131 eser, 100 y\u0131l\u0131n hem panoramas\u0131 hem de d\u00f6k\u00fcm\u00fc niteli\u011fini ta\u015f\u0131yor. Papu\u00e7\u00e7ular, 100 y\u0131l\u0131 ay\u0131rd\u0131\u011f\u0131 her d\u00f6nemin i\u00e7inde, uluslararas\u0131 d\u00fczeydeki belirleyici olaylar\u0131, T\u00fcrkiye\u2019nin k\u00fcresel\/b\u00f6lgesel s\u00fcre\u00e7lerdeki yerini, i\u00e7 ve d\u0131\u015f politika s\u00fcrekli etkile\u015fim halinde oldu\u011fu i\u00e7in o d\u00f6nemde i\u00e7 siyasette ya\u015fanan geli\u015fmelerin etkisini, d\u0131\u015f politikan\u0131n yap\u0131c\u0131s\u0131 konumundaki akt\u00f6rleri, kurumlar\u0131 ve bunlardaki de\u011fi\u015fimleri ele al\u0131rken, d\u0131\u015f siyasetin iktisadi alt yap\u0131s\u0131n\u0131 da unutmuyor. Cumhuriyet\u2019in D\u0131\u015f Politikas\u0131 \u2019n\u0131 de\u011fi\u015fimleri, kopu\u015flar\u0131 ve s\u00fcreklilikleriyle birlikte, b\u00fct\u00fcnl\u00fc\u011f\u00fc i\u00e7inde takip etmek isteyenler i\u00e7in vazge\u00e7ilmez bir kaynak eser. <\/p>\n","protected":false},"excerpt":{"rendered":"<p>Do\u00e7. Dr. Hazal Papu\u00e7\u00e7ular\u2019\u0131n Cumhuriyet\u2019in kurulu\u015funun 100. y\u0131l\u0131na ithafen, bir kaynak kitap olarak yazd\u0131\u011f\u0131 Cumhuriyet\u2019in D\u0131\u015f Politikas\u0131. Olaylar, Akt\u00f6rler, Kurumlar 1923-2023, 100 y\u0131ll\u0131k d\u00f6nemi kendi i\u00e7inde<span class=\"excerpt-hellip\"> [\u2026]<\/span><\/p>\n","protected":false},"featured_media":0,"template":"","meta":{"_monsterinsights_skip_tracking":false,"_monsterinsights_sitenote_active":false,"_monsterinsights_sitenote_note":"","_monsterinsights_sitenote_category":0},"product_brand":[],"product_cat":[12304],"product_tag":[],"class_list":{"0":"post-756741","1":"product","2":"type-product","3":"status-publish","5":"product_cat-tarih","6":"pa_cilt-ciltsiz","7":"pa_tur-kitap","8":"pa_yayinevi-is-bankasi-kultur-yayinlari","9":"pa_yazar-hazal-papuccular","11":"first","12":"instock","13":"sale","14":"shipping-taxable","15":"purchasable","16":"product-type-simple"},"_links":{"self":[{"href":"https:\/\/roveyayinevi.com.tr\/index.php\/wp-json\/wp\/v2\/product\/756741","targetHints":{"allow":["GET"]}}],"collection":[{"href":"https:\/\/roveyayinevi.com.tr\/index.php\/wp-json\/wp\/v2\/product"}],"about":[{"href":"https:\/\/roveyayinevi.com.tr\/index.php\/wp-json\/wp\/v2\/types\/product"}],"wp:attachment":[{"href":"https:\/\/roveyayinevi.com.tr\/index.php\/wp-json\/wp\/v2\/media?parent=756741"}],"wp:term":[{"taxonomy":"product_brand","embeddable":true,"href":"https:\/\/roveyayinevi.com.tr\/index.php\/wp-json\/wp\/v2\/product_brand?post=756741"},{"taxonomy":"product_cat","embeddable":true,"href":"https:\/\/roveyayinevi.com.tr\/index.php\/wp-json\/wp\/v2\/product_cat?post=756741"},{"taxonomy":"product_tag","embeddable":true,"href":"https:\/\/roveyayinevi.com.tr\/index.php\/wp-json\/wp\/v2\/product_tag?post=756741"}],"curies":[{"name":"wp","href":"https:\/\/api.w.org\/{rel}","templated":true}]}}