{"id":756737,"date":"2025-08-28T07:15:46","date_gmt":"2025-08-28T04:15:46","guid":{"rendered":"https:\/\/roveyayinevi.com.tr\/index.php\/urun\/ayten\/"},"modified":"2026-04-16T03:09:56","modified_gmt":"2026-04-16T00:09:56","slug":"ayten","status":"publish","type":"product","link":"https:\/\/roveyayinevi.com.tr\/index.php\/urun\/ayten\/","title":{"rendered":"Ayten"},"content":{"rendered":"<p>K\u0131z\u0131l Serap\u2019\u0131n devam\u0131 olarak kurgulanan Ayten\u2019de, bu defa anne Ayten ile k\u0131z\u0131 Ayten\u2019in \u0130stanbul\u2019dan Paris\u2019e uzanan hayatlar\u0131 konu edilir. Cumhuriyet\u2019in ilan\u0131yla h\u0131z kazanan modern hayata uyum sa\u011flayan anne, k\u0131z\u0131n\u0131 kendi ayaklar\u0131 \u00fczerinde duracak donan\u0131mda ve \u00f6zg\u00fcr bir birey olarak yeti\u015ftirir. Babas\u0131z b\u00fcy\u00fcyen gen\u00e7 k\u0131z, \u00e7e\u015fitli sporlarla ve sanatsal faaliyetlerle ilgilenen, girdi\u011fi her ortamda ilgi g\u00f6ren fakat annesinin tecr\u00fcbeleri dolay\u0131s\u0131yla duygusal ili\u015fkilere mesafeli duran e\u011fitimli bir bireydir. Ancak Ayten\u2019in Orhan Bey\u2019le tan\u0131\u015fmas\u0131 ve sonras\u0131nda meydana gelen olaylar, anne k\u0131z\u0131 sonu s\u00fcrprizlere varan kaderlerine g\u00f6t\u00fcrecektir. Burhan Cahit Morkaya, romanda yaratt\u0131\u011f\u0131 e\u011fitimli, sportif, kendine yeten, \u00f6zg\u00fcvenli ve cinsiyet ayr\u0131mc\u0131l\u0131\u011f\u0131na meydan okuyan g\u00fc\u00e7l\u00fc kad\u0131n imaj\u0131yla birka\u00e7 ku\u015fak Aytenlerin isim babas\u0131 olmu\u015ftur. Ayten, K\u0131z\u0131l Serap\u2019\u0131n devam\u0131 olmas\u0131na ra\u011fmen ondan ba\u011f\u0131ms\u0131z olarak da okunabilir<\/p>\n","protected":false},"excerpt":{"rendered":"<p>K\u0131z\u0131l Serap\u2019\u0131n devam\u0131 olarak kurgulanan Ayten\u2019de, bu defa anne Ayten ile k\u0131z\u0131 Ayten\u2019in \u0130stanbul\u2019dan Paris\u2019e uzanan hayatlar\u0131 konu edilir. Cumhuriyet\u2019in ilan\u0131yla h\u0131z kazanan modern hayata uyum<span class=\"excerpt-hellip\"> [\u2026]<\/span><\/p>\n","protected":false},"featured_media":0,"template":"","meta":{"_monsterinsights_skip_tracking":false,"_monsterinsights_sitenote_active":false,"_monsterinsights_sitenote_note":"","_monsterinsights_sitenote_category":0},"product_brand":[],"product_cat":[12291,13872],"product_tag":[],"class_list":{"0":"post-756737","1":"product","2":"type-product","3":"status-publish","5":"product_cat-edebiyat","6":"product_cat-klasikler","7":"pa_cilt-ciltsiz","8":"pa_tur-kitap","9":"pa_yayinevi-is-bankasi-kultur-yayinlari","10":"pa_yazar-burhan-cahit-morkaya","12":"first","13":"instock","14":"sale","15":"shipping-taxable","16":"purchasable","17":"product-type-simple"},"_links":{"self":[{"href":"https:\/\/roveyayinevi.com.tr\/index.php\/wp-json\/wp\/v2\/product\/756737","targetHints":{"allow":["GET"]}}],"collection":[{"href":"https:\/\/roveyayinevi.com.tr\/index.php\/wp-json\/wp\/v2\/product"}],"about":[{"href":"https:\/\/roveyayinevi.com.tr\/index.php\/wp-json\/wp\/v2\/types\/product"}],"wp:attachment":[{"href":"https:\/\/roveyayinevi.com.tr\/index.php\/wp-json\/wp\/v2\/media?parent=756737"}],"wp:term":[{"taxonomy":"product_brand","embeddable":true,"href":"https:\/\/roveyayinevi.com.tr\/index.php\/wp-json\/wp\/v2\/product_brand?post=756737"},{"taxonomy":"product_cat","embeddable":true,"href":"https:\/\/roveyayinevi.com.tr\/index.php\/wp-json\/wp\/v2\/product_cat?post=756737"},{"taxonomy":"product_tag","embeddable":true,"href":"https:\/\/roveyayinevi.com.tr\/index.php\/wp-json\/wp\/v2\/product_tag?post=756737"}],"curies":[{"name":"wp","href":"https:\/\/api.w.org\/{rel}","templated":true}]}}