{"id":756736,"date":"2025-08-28T07:15:44","date_gmt":"2025-08-28T04:15:44","guid":{"rendered":"https:\/\/roveyayinevi.com.tr\/index.php\/urun\/cokkulturluluk-2\/"},"modified":"2026-04-16T03:09:56","modified_gmt":"2026-04-16T00:09:56","slug":"cokkulturluluk-2","status":"publish","type":"product","link":"https:\/\/roveyayinevi.com.tr\/index.php\/urun\/cokkulturluluk-2\/","title":{"rendered":"\u00c7okk\u00fclt\u00fcrl\u00fcl\u00fck"},"content":{"rendered":"<p>\u00c7okk\u00fclt\u00fcrl\u00fcl\u00fck nedir ve bunu hakl\u0131 \u00e7\u0131karmak i\u00e7in kullan\u0131lan farkl\u0131 teoriler nelerdir? \u00c7okk\u00fclt\u00fcrl\u00fc politikalar \u00f6zg\u00fcrl\u00fc\u011fe ve e\u015fitli\u011fe y\u00f6nelik birer tehdit midir? Liberal demokrasiler bar\u0131\u015f ve istikrardan \u00f6d\u00fcn vermeden az\u0131nl\u0131k gruplar\u0131n\u0131 bar\u0131nd\u0131rabilir mi? Michael Murphy, konuya ili\u015fkin bu a\u00e7\u0131k se\u00e7ik giri\u015fte bu sorular\u0131 ara\u015ft\u0131r\u0131yor ve \u00e7okk\u00fclt\u00fcrl\u00fcl\u00fc\u011f\u00fc siyaset felsefesi ve politik uygulama y\u00f6n\u00fcnden ele\u015ftiriyor. Kitap, \u00e7okk\u00fclt\u00fcrl\u00fcl\u00fck kavram\u0131n\u0131n k\u00f6kenlerini ve \u00e7a\u011fda\u015f kullan\u0131m\u0131n\u0131 vatanda\u015fl\u0131k, e\u015fitlik\u00e7i adalet ve bireysel ve kolektif haklar aras\u0131ndaki \u00e7at\u0131\u015fmalar ba\u011flam\u0131nda ara\u015ft\u0131r\u0131yor. Will Kymlicka, Chandran Kukathas, Susan Okin ve Brian Barry\u2019nin de d\u00e2hil oldu\u011fu \u00e7okk\u00fclt\u00fcrl\u00fcl\u00fc\u011f\u00fcn en n\u00fcfuzlu savunucular\u0131n\u0131n ve ele\u015ftirmenlerinin fikirleri de anla\u015f\u0131l\u0131r bi\u00e7imde a\u00e7\u0131klanm\u0131\u015f ve de\u011ferlendirilmi\u015ftir. Ba\u015fl\u0131ca konular aras\u0131nda \u00e7okk\u00fclt\u00fcrl\u00fcl\u00fck ve cinsiyet e\u015fitli\u011fi aras\u0131ndaki gerilim, k\u00fclt\u00fcrel g\u00f6recelik ve liberal ho\u015fg\u00f6r\u00fcn\u00fcn s\u0131n\u0131rlar\u0131 ve etnik \u00e7at\u0131\u015fmada \u00e7okk\u00fclt\u00fcrl\u00fc politikalar\u0131n sosyal uyum \u00fczerindeki etkisi say\u0131labilir. Murphy ayr\u0131ca, Amerika, Avustralasya, Avrupa, Asya ve Orta Do\u011fu\u2019dan \u00f6rneklerle \u00e7okk\u00fclt\u00fcrl\u00fcl\u00fc\u011f\u00fcn tanzimini yasalla\u015ft\u0131rmaya y\u00f6nelik yasal uygulamalar\u0131 ve politikalar\u0131 da inceliyor. \u00c7okk\u00fclt\u00fcrl\u00fcl\u00fck: Ele\u015ftirel Bir Giri\u015f, h\u00e2lihaz\u0131rda \u00f6nemli meselelere k\u0131smen a\u015fina olanlar\u0131n yan\u0131 s\u0131ra mevzuya ilk kez u\u011frayan herkes i\u00e7in m\u00fckemmel bir ba\u015flang\u0131\u00e7 noktas\u0131d\u0131r. <\/p>\n","protected":false},"excerpt":{"rendered":"<p>\u00c7okk\u00fclt\u00fcrl\u00fcl\u00fck nedir ve bunu hakl\u0131 \u00e7\u0131karmak i\u00e7in kullan\u0131lan farkl\u0131 teoriler nelerdir? \u00c7okk\u00fclt\u00fcrl\u00fc politikalar \u00f6zg\u00fcrl\u00fc\u011fe ve e\u015fitli\u011fe y\u00f6nelik birer tehdit midir? Liberal demokrasiler bar\u0131\u015f ve istikrardan \u00f6d\u00fcn<span class=\"excerpt-hellip\"> [\u2026]<\/span><\/p>\n","protected":false},"featured_media":0,"template":"","meta":{"_monsterinsights_skip_tracking":false,"_monsterinsights_sitenote_active":false,"_monsterinsights_sitenote_note":"","_monsterinsights_sitenote_category":0},"product_brand":[],"product_cat":[13633,12324],"product_tag":[],"class_list":{"0":"post-756736","1":"product","2":"type-product","3":"status-publish","5":"product_cat-kultur-ve-bilim","6":"product_cat-sosyoloji","7":"pa_cilt-ciltsiz","8":"pa_tur-kitap","9":"pa_yayinevi-bilge-kultur-sanat","10":"pa_yazar-michael-murphy","12":"first","13":"instock","14":"sale","15":"shipping-taxable","16":"purchasable","17":"product-type-simple"},"_links":{"self":[{"href":"https:\/\/roveyayinevi.com.tr\/index.php\/wp-json\/wp\/v2\/product\/756736","targetHints":{"allow":["GET"]}}],"collection":[{"href":"https:\/\/roveyayinevi.com.tr\/index.php\/wp-json\/wp\/v2\/product"}],"about":[{"href":"https:\/\/roveyayinevi.com.tr\/index.php\/wp-json\/wp\/v2\/types\/product"}],"wp:attachment":[{"href":"https:\/\/roveyayinevi.com.tr\/index.php\/wp-json\/wp\/v2\/media?parent=756736"}],"wp:term":[{"taxonomy":"product_brand","embeddable":true,"href":"https:\/\/roveyayinevi.com.tr\/index.php\/wp-json\/wp\/v2\/product_brand?post=756736"},{"taxonomy":"product_cat","embeddable":true,"href":"https:\/\/roveyayinevi.com.tr\/index.php\/wp-json\/wp\/v2\/product_cat?post=756736"},{"taxonomy":"product_tag","embeddable":true,"href":"https:\/\/roveyayinevi.com.tr\/index.php\/wp-json\/wp\/v2\/product_tag?post=756736"}],"curies":[{"name":"wp","href":"https:\/\/api.w.org\/{rel}","templated":true}]}}