{"id":756728,"date":"2025-08-28T07:15:31","date_gmt":"2025-08-28T04:15:31","guid":{"rendered":"https:\/\/roveyayinevi.com.tr\/index.php\/urun\/piyano-egitiminin-klasikleri-piyano\/"},"modified":"2025-10-23T09:58:44","modified_gmt":"2025-10-23T06:58:44","slug":"piyano-egitiminin-klasikleri-piyano","status":"publish","type":"product","link":"https:\/\/roveyayinevi.com.tr\/index.php\/urun\/piyano-egitiminin-klasikleri-piyano\/","title":{"rendered":"Piyano E\u011fitiminin Klasikleri Piyano"},"content":{"rendered":"<p>Charles Louis Hanon&#8217;un &#8220;The Virtuoso Pianist&#8221; adl\u0131 eseri, piyano tekniklerini geli\u015ftirmek ve m\u00fczikal ifadeyi zenginle\u015ftirmek isteyen her piyanist i\u00e7in vazge\u00e7ilmez bir kaynakt\u0131r. Bu klasik \u00e7al\u0131\u015fma, piyanistlerin teknik becerilerini art\u0131rmak ve performanslar\u0131n\u0131 en \u00fcst d\u00fczeye \u00e7\u0131karmak i\u00e7in tasarlanm\u0131\u015ft\u0131r. Kitap, piyano \u00f6\u011fretiminde bir standart haline gelmi\u015f olup, d\u00fcnya \u00e7ap\u0131nda say\u0131s\u0131z \u00f6\u011frencinin ve \u00f6\u011fretmenin tercih etti\u011fi bir kaynakt\u0131r. Hanon&#8217;un bu eseri, \u00f6\u011frencilerin m\u00fczikal yeteneklerini kapsaml\u0131 bir \u015fekilde geli\u015ftirmelerine yard\u0131mc\u0131 olacak \u015fekilde tasarlanm\u0131\u015ft\u0131r. Kitap hem bireysel hem de s\u0131n\u0131f ortam\u0131nda kullan\u0131ma uygun olup, piyano e\u011fitmenleri i\u00e7in de de\u011ferli bir ara\u00e7t\u0131r. Hem \u00f6\u011frenciler hem de \u00f6\u011fretmenler i\u00e7in de\u011ferli bir kaynak olan &#8220;The Virtuoso Pianist&#8221;, piyano \u00f6\u011freniminde m\u00fckemmelli\u011fe ula\u015fman\u0131n yolunu ayd\u0131nlatmaktad\u0131r. Charles Louis Hanon&#8217;un bu eseri, her piyano \u00f6\u011frencisinin ve \u00f6\u011fretmeninin kitapl\u0131\u011f\u0131nda bulunmas\u0131 gereken temel bir kaynakt\u0131r. K\u0131rm\u0131z\u0131 Ada Yay\u0131nlar\u0131 olarak bu nadide, \u00f6zel eseri \u0130ngilizce olarak yay\u0131mlanm\u0131\u015f orijinal h\u00e2liyle basmaya ve sizlerle payla\u015fmaya de\u011fer bulduk. Faydal\u0131 olmas\u0131 temennisiyle\u2026 <\/p>\n","protected":false},"excerpt":{"rendered":"<p>Charles Louis Hanon&#8217;un &#8220;The Virtuoso Pianist&#8221; adl\u0131 eseri, piyano tekniklerini geli\u015ftirmek ve m\u00fczikal ifadeyi zenginle\u015ftirmek isteyen her piyanist i\u00e7in vazge\u00e7ilmez bir kaynakt\u0131r. Bu klasik \u00e7al\u0131\u015fma, piyanistlerin<span class=\"excerpt-hellip\"> [\u2026]<\/span><\/p>\n","protected":false},"featured_media":0,"template":"","meta":{"_monsterinsights_skip_tracking":false,"_monsterinsights_sitenote_active":false,"_monsterinsights_sitenote_note":"","_monsterinsights_sitenote_category":0},"product_brand":[],"product_cat":[14556],"product_tag":[],"class_list":{"0":"post-756728","1":"product","2":"type-product","3":"status-publish","5":"product_cat-muzik","6":"pa_cilt-ciltsiz","7":"pa_tur-kitap","8":"pa_yayinevi-kirmizi-ada-yayinlari","9":"pa_yazar-charles-louis-hanon","11":"first","12":"instock","13":"sale","14":"shipping-taxable","15":"purchasable","16":"product-type-simple"},"_links":{"self":[{"href":"https:\/\/roveyayinevi.com.tr\/index.php\/wp-json\/wp\/v2\/product\/756728","targetHints":{"allow":["GET"]}}],"collection":[{"href":"https:\/\/roveyayinevi.com.tr\/index.php\/wp-json\/wp\/v2\/product"}],"about":[{"href":"https:\/\/roveyayinevi.com.tr\/index.php\/wp-json\/wp\/v2\/types\/product"}],"wp:attachment":[{"href":"https:\/\/roveyayinevi.com.tr\/index.php\/wp-json\/wp\/v2\/media?parent=756728"}],"wp:term":[{"taxonomy":"product_brand","embeddable":true,"href":"https:\/\/roveyayinevi.com.tr\/index.php\/wp-json\/wp\/v2\/product_brand?post=756728"},{"taxonomy":"product_cat","embeddable":true,"href":"https:\/\/roveyayinevi.com.tr\/index.php\/wp-json\/wp\/v2\/product_cat?post=756728"},{"taxonomy":"product_tag","embeddable":true,"href":"https:\/\/roveyayinevi.com.tr\/index.php\/wp-json\/wp\/v2\/product_tag?post=756728"}],"curies":[{"name":"wp","href":"https:\/\/api.w.org\/{rel}","templated":true}]}}