{"id":756725,"date":"2025-08-28T07:15:27","date_gmt":"2025-08-28T04:15:27","guid":{"rendered":"https:\/\/roveyayinevi.com.tr\/index.php\/urun\/bayezid-i-bestami-ve-goklere-yukselisi\/"},"modified":"2026-04-16T03:09:56","modified_gmt":"2026-04-16T00:09:56","slug":"bayezid-i-bestami-ve-goklere-yukselisi","status":"publish","type":"product","link":"https:\/\/roveyayinevi.com.tr\/index.php\/urun\/bayezid-i-bestami-ve-goklere-yukselisi\/","title":{"rendered":"Bayezid-i Bestami Ve G\u00f6klere Y\u00fckseli\u015fi"},"content":{"rendered":"<p>Horasan y\u00f6resinde z\u00fchd\u00fc ger\u00e7ek tasavvufla y\u00fccelten \u201cSult\u00e2nu\u2019l-\u00e2rif\u00een: \u00c2riflerin Sultan\u0131\u201d Bayez\u00eed-i Bestam\u00ee\u2019dir. Bayez\u00eed, her zaman suf\u00ee d\u00fcnyan\u0131n en doruklar\u0131nda yer alan bir ulu \u015feyh olarak bilinegelmi\u015ftir. Ebu\u2019l-Hasan-i Harakan\u00ee ve Eb\u00fb Sa\u00eed-i Ebu\u2019l-Hayr ba\u015fta olmak \u00fczere b\u00fcy\u00fck suf\u00ee bilgeler onu tasavvuf d\u00fcnyalar\u0131n\u0131n piri ve \u00f6nc\u00fcs\u00fc olarak kabul ederler. H\u00fccvir\u00ee onun on b\u00fcy\u00fck suf\u00ee imamdan biri oldu\u011funu s\u00f6yler. Gazneli Sena\u00ee eserlerinde defalarca onun ululu\u011fundan s\u00f6z eder. Ferid\u00fcdd\u00een Att\u00e2r, Tezkire\u2019sinde ona \u00f6nemli \u00f6l\u00e7\u00fcde geni\u015f bir yer ay\u0131r\u0131r. Mevlana onun ne denli b\u00fcy\u00fck bir ki\u015filik oldu\u011funu belirterek kendisinden \u00f6vg\u00fclerle s\u00f6z eder. B\u00fcy\u00fck bilge ve \u015fair Sa\u2019d\u00ee-yi \u015eiraz\u00ee de eserlerinde Bayez\u00eed-i Bestam\u00ee\u2019den pasajlar ve \u00f6zl\u00fc s\u00f6zlerini aktar\u0131r. Bunlar d\u0131\u015f\u0131nda bir\u00e7ok \u015feyh onun tasavvufta derin izler b\u0131rakt\u0131\u011f\u0131n\u0131, suf\u00ee d\u00fcnyada \u00f6nemli bir makam\u0131n\u0131n oldu\u011funu s\u00f6yler. <\/p>\n","protected":false},"excerpt":{"rendered":"<p>Horasan y\u00f6resinde z\u00fchd\u00fc ger\u00e7ek tasavvufla y\u00fccelten \u201cSult\u00e2nu\u2019l-\u00e2rif\u00een: \u00c2riflerin Sultan\u0131\u201d Bayez\u00eed-i Bestam\u00ee\u2019dir. Bayez\u00eed, her zaman suf\u00ee d\u00fcnyan\u0131n en doruklar\u0131nda yer alan bir ulu \u015feyh olarak bilinegelmi\u015ftir. Ebu\u2019l-Hasan-i<span class=\"excerpt-hellip\"> [\u2026]<\/span><\/p>\n","protected":false},"featured_media":0,"template":"","meta":{"_monsterinsights_skip_tracking":false,"_monsterinsights_sitenote_active":false,"_monsterinsights_sitenote_note":"","_monsterinsights_sitenote_category":0},"product_brand":[],"product_cat":[12718,12719],"product_tag":[],"class_list":{"0":"post-756725","1":"product","2":"type-product","3":"status-publish","5":"product_cat-din","6":"product_cat-islam","7":"pa_cilt-ciltsiz","8":"pa_tur-kitap","9":"pa_yayinevi-pinhan-yayincilik","10":"pa_yazar-nimet-yildirim","12":"first","13":"instock","14":"sale","15":"shipping-taxable","16":"purchasable","17":"product-type-simple"},"_links":{"self":[{"href":"https:\/\/roveyayinevi.com.tr\/index.php\/wp-json\/wp\/v2\/product\/756725","targetHints":{"allow":["GET"]}}],"collection":[{"href":"https:\/\/roveyayinevi.com.tr\/index.php\/wp-json\/wp\/v2\/product"}],"about":[{"href":"https:\/\/roveyayinevi.com.tr\/index.php\/wp-json\/wp\/v2\/types\/product"}],"wp:attachment":[{"href":"https:\/\/roveyayinevi.com.tr\/index.php\/wp-json\/wp\/v2\/media?parent=756725"}],"wp:term":[{"taxonomy":"product_brand","embeddable":true,"href":"https:\/\/roveyayinevi.com.tr\/index.php\/wp-json\/wp\/v2\/product_brand?post=756725"},{"taxonomy":"product_cat","embeddable":true,"href":"https:\/\/roveyayinevi.com.tr\/index.php\/wp-json\/wp\/v2\/product_cat?post=756725"},{"taxonomy":"product_tag","embeddable":true,"href":"https:\/\/roveyayinevi.com.tr\/index.php\/wp-json\/wp\/v2\/product_tag?post=756725"}],"curies":[{"name":"wp","href":"https:\/\/api.w.org\/{rel}","templated":true}]}}