{"id":756723,"date":"2025-08-28T07:15:25","date_gmt":"2025-08-28T04:15:25","guid":{"rendered":"https:\/\/roveyayinevi.com.tr\/index.php\/urun\/piyano-egitiminin-klasikleri-op-101-piyano\/"},"modified":"2026-04-16T03:09:56","modified_gmt":"2026-04-16T00:09:56","slug":"piyano-egitiminin-klasikleri-op-101-piyano","status":"publish","type":"product","link":"https:\/\/roveyayinevi.com.tr\/index.php\/urun\/piyano-egitiminin-klasikleri-op-101-piyano\/","title":{"rendered":"Piyano E\u011fitim&#8217;in&#8217;in Klasikleri Op. 101 Piyano"},"content":{"rendered":"<p>&#8220;Vorschule im Klavierspiel Op. 101&#8221;, Ferdinand Beyer taraf\u0131ndan bestelenmi\u015f, ba\u015flang\u0131\u00e7 seviyesindeki piyanistler i\u00e7in temel bir e\u011fitim kayna\u011f\u0131d\u0131r. Bu eser, 19. y\u00fczy\u0131l\u0131n ortalar\u0131nda yaz\u0131lm\u0131\u015f olmas\u0131na ra\u011fmen, g\u00fcn\u00fcm\u00fczde hala piyano e\u011fitimi alan\u0131nda bir standart olarak kabul edilmektedir. Kitap, \u00f6\u011frencileri piyano \u00e7almaya ad\u0131m ad\u0131m haz\u0131rlar ve m\u00fczikal kavramlar\u0131, teknik becerileri ve nota okuma yeteneklerini geli\u015ftirmelerine yard\u0131mc\u0131 olmaktad\u0131r. Beyer bu kitab\u0131nda, \u00f6\u011frencinin m\u00fczikal yeteneklerini b\u00fct\u00fcnc\u00fcl bir \u015fekilde geli\u015ftirmeyi ama\u00e7lar. Eser, piyanistlerin ellerinin koordinasyonunu, ritim duygusunu ve m\u00fczikal ifade yeteneklerini art\u0131rmak i\u00e7in dikkatle se\u00e7ilmi\u015f al\u0131\u015ft\u0131rmalar ve par\u00e7alar i\u00e7ermektedir. Her bir b\u00f6l\u00fcm, \u00f6\u011frencinin beceri seviyesine uygun \u015fekilde kademeli olarak ilerler, b\u00f6ylece \u00f6\u011frenme s\u00fcreci hem etkili hem de keyifli hale gelecektir. Kitap boyunca \u00f6\u011frencilerin piyano \u00e7alarken kar\u015f\u0131la\u015fabilecekleri zorluklar\u0131 a\u015fmalar\u0131 i\u00e7in gerekli ara\u00e7lar\u0131 sunar. Beyer, parmak g\u00fcc\u00fcn\u00fc, esnekli\u011fini ve ba\u011f\u0131ms\u0131zl\u0131\u011f\u0131n\u0131 art\u0131ran al\u0131\u015ft\u0131rmalarla \u00f6\u011frencilere destek olmaktad\u0131r. Ayr\u0131ca, m\u00fczikal ifade ve duyarl\u0131l\u0131\u011f\u0131n geli\u015ftirilmesine de b\u00fcy\u00fck \u00f6nem verir. Bu kitab\u0131n amac\u0131, sadece teknik becerileri geli\u015ftirmek de\u011fil, ayn\u0131 zamanda \u00f6\u011frencilere m\u00fczi\u011fin estetik ve duygusal y\u00f6nlerini de \u00f6\u011fretmektir.  Beyer, m\u00fczi\u011fin sadece notalar ve ritimlerden ibaret olmad\u0131\u011f\u0131n\u0131; duygular, ifade ve sanatsal yorumun da \u00f6nemli oldu\u011funu vurgular. K\u0131rm\u0131z\u0131 Ada Yay\u0131nlar\u0131 olarak bu nadide, \u00f6zel eseri Almanca, \u0130ngilizce ve Frans\u0131zca \u015feklinde yay\u0131mlanm\u0131\u015f orijinal h\u00e2liyle basmaya ve sizlerle payla\u015fmaya de\u011fer bulduk. \u0130\u00e7eri\u011fin \u00fc\u00e7 dilli olu\u015funun dizgiye katt\u0131\u011f\u0131 estetik ve anlam karar\u0131m\u0131zda etkili oldu. Faydal\u0131 olmas\u0131n\u0131 diliyor, bu yolda ilerlemek isteyen m\u00fczikseverlere ba\u015far\u0131lar diliyoruz. <\/p>\n","protected":false},"excerpt":{"rendered":"<p>&#8220;Vorschule im Klavierspiel Op. 101&#8221;, Ferdinand Beyer taraf\u0131ndan bestelenmi\u015f, ba\u015flang\u0131\u00e7 seviyesindeki piyanistler i\u00e7in temel bir e\u011fitim kayna\u011f\u0131d\u0131r. Bu eser, 19. y\u00fczy\u0131l\u0131n ortalar\u0131nda yaz\u0131lm\u0131\u015f olmas\u0131na ra\u011fmen, g\u00fcn\u00fcm\u00fczde<span class=\"excerpt-hellip\"> [\u2026]<\/span><\/p>\n","protected":false},"featured_media":0,"template":"","meta":{"_monsterinsights_skip_tracking":false,"_monsterinsights_sitenote_active":false,"_monsterinsights_sitenote_note":"","_monsterinsights_sitenote_category":0},"product_brand":[],"product_cat":[14556],"product_tag":[],"class_list":{"0":"post-756723","1":"product","2":"type-product","3":"status-publish","5":"product_cat-muzik","6":"pa_cilt-ciltsiz","7":"pa_tur-kitap","8":"pa_yayinevi-kirmizi-ada-yayinlari","9":"pa_yazar-ferdinand-beyer","11":"first","12":"instock","13":"sale","14":"shipping-taxable","15":"purchasable","16":"product-type-simple"},"_links":{"self":[{"href":"https:\/\/roveyayinevi.com.tr\/index.php\/wp-json\/wp\/v2\/product\/756723","targetHints":{"allow":["GET"]}}],"collection":[{"href":"https:\/\/roveyayinevi.com.tr\/index.php\/wp-json\/wp\/v2\/product"}],"about":[{"href":"https:\/\/roveyayinevi.com.tr\/index.php\/wp-json\/wp\/v2\/types\/product"}],"wp:attachment":[{"href":"https:\/\/roveyayinevi.com.tr\/index.php\/wp-json\/wp\/v2\/media?parent=756723"}],"wp:term":[{"taxonomy":"product_brand","embeddable":true,"href":"https:\/\/roveyayinevi.com.tr\/index.php\/wp-json\/wp\/v2\/product_brand?post=756723"},{"taxonomy":"product_cat","embeddable":true,"href":"https:\/\/roveyayinevi.com.tr\/index.php\/wp-json\/wp\/v2\/product_cat?post=756723"},{"taxonomy":"product_tag","embeddable":true,"href":"https:\/\/roveyayinevi.com.tr\/index.php\/wp-json\/wp\/v2\/product_tag?post=756723"}],"curies":[{"name":"wp","href":"https:\/\/api.w.org\/{rel}","templated":true}]}}