{"id":756722,"date":"2025-08-28T07:15:24","date_gmt":"2025-08-28T04:15:24","guid":{"rendered":"https:\/\/roveyayinevi.com.tr\/index.php\/urun\/kotu-biri-degilim-sadece-ofkeliyim\/"},"modified":"2026-04-16T03:09:56","modified_gmt":"2026-04-16T00:09:56","slug":"kotu-biri-degilim-sadece-ofkeliyim","status":"publish","type":"product","link":"https:\/\/roveyayinevi.com.tr\/index.php\/urun\/kotu-biri-degilim-sadece-ofkeliyim\/","title":{"rendered":"K\u00f6t\u00fc Biri De\u011filim, Sadece \u00d6fkeliyim"},"content":{"rendered":"<p>Ebeveynlerin \u00e7ocuklar\u0131 i\u00e7in terapiye ba\u015fvurmalar\u0131n\u0131n en b\u00fcy\u00fck nedenlerinden biri \u00f6fke kontrol sorunlar\u0131d\u0131r. Bir\u00e7ok \u00e7ocuk \u00f6fke n\u00f6betlerini, uygunsuz tepkiler vermeyi, vaktinde yata\u011fa girmek veya banyo yapmak gibi kurallar\u0131 reddetmeyi erken ya\u015flarda b\u0131rak\u0131r. Fakat baz\u0131 \u00e7ocuklar d\u00fcrt\u00fcsellik ve \u00f6z kontrol konular\u0131nda sorunlar ya\u015fad\u0131klar\u0131 i\u00e7in bu t\u00fcr davran\u0131\u015flar\u0131 b\u0131rakmakta zorlan\u0131rlar. Bu durum \u00f6zenle ele al\u0131nmad\u0131\u011f\u0131 takdirde \u00e7ocu\u011fun ergenlik ve yeti\u015fkinlik d\u00f6neminde de ciddi s\u0131k\u0131nt\u0131lar ya\u015famas\u0131na sebep olabilir. Bu kitapta \u00e7ocuklar\u0131n bu t\u00fcr sorunlar\u0131n \u00fcstesinden gelmelerine yard\u0131mc\u0131 olmak amac\u0131yla k\u0131rk e\u011flenceli etkinlik bulunuyor. Bu etkinlikler, \u00e7ocuklar\u0131n belirli teknikleri kullanarak \u00f6fkelerini y\u00f6netmenin olumlu yollar\u0131n\u0131 \u00f6\u011frenmelerine rehberlik ediyor. Kitapta ayn\u0131 zamanda \u00f6fke sorunlar\u0131n\u0131 daha da k\u00f6t\u00fcle\u015ftirebilecek uyku eksikli\u011fi gibi yayg\u0131n olarak g\u00f6r\u00fclen durumlara da de\u011finiliyor. Duygusal, davran\u0131\u015fsal ve sosyal becerilerin t\u0131pk\u0131 spor, m\u00fczik ya da akademik beceriler gibi \u00f6\u011frenilebilece\u011fini varsayan duygusal zek\u00e2 teorisine dayanan teknikler arac\u0131l\u0131\u011f\u0131yla kazan\u0131lacak beceriler \u00e7ocu\u011funuzun evdeki ve okuldaki davran\u0131\u015flar\u0131n\u0131n d\u00fczelmesini sa\u011flayacak. Kitaptaki e\u011flenceli etkinlikler arac\u0131l\u0131\u011f\u0131yla duygular\u0131 hakk\u0131nda konu\u015fmay\u0131 ve duygular\u0131n\u0131 kontrol etmeyi \u00f6\u011frenen \u00e7ocuklar, arkada\u015flar\u0131yla olan ili\u015fkilerini iyile\u015ftirmeyi ve hem akademik hem de mesleki ba\u015far\u0131 sa\u011flayan al\u0131\u015fkanl\u0131klar\u0131 geli\u015ftirmeyi ba\u015faracaklar. <\/p>\n","protected":false},"excerpt":{"rendered":"<p>Ebeveynlerin \u00e7ocuklar\u0131 i\u00e7in terapiye ba\u015fvurmalar\u0131n\u0131n en b\u00fcy\u00fck nedenlerinden biri \u00f6fke kontrol sorunlar\u0131d\u0131r. Bir\u00e7ok \u00e7ocuk \u00f6fke n\u00f6betlerini, uygunsuz tepkiler vermeyi, vaktinde yata\u011fa girmek veya banyo yapmak gibi<span class=\"excerpt-hellip\"> [\u2026]<\/span><\/p>\n","protected":false},"featured_media":0,"template":"","meta":{"_monsterinsights_skip_tracking":false,"_monsterinsights_sitenote_active":false,"_monsterinsights_sitenote_note":"","_monsterinsights_sitenote_category":0},"product_brand":[],"product_cat":[12831,12324],"product_tag":[],"class_list":{"0":"post-756722","1":"product","2":"type-product","3":"status-publish","5":"product_cat-aile-ve-cocuk","6":"product_cat-sosyoloji","7":"pa_cilt-ciltsiz","8":"pa_tur-kitap","9":"pa_yayinevi-diyojen-yayincilik","10":"pa_yazar-kolektif","12":"first","13":"instock","14":"sale","15":"shipping-taxable","16":"purchasable","17":"product-type-simple"},"_links":{"self":[{"href":"https:\/\/roveyayinevi.com.tr\/index.php\/wp-json\/wp\/v2\/product\/756722","targetHints":{"allow":["GET"]}}],"collection":[{"href":"https:\/\/roveyayinevi.com.tr\/index.php\/wp-json\/wp\/v2\/product"}],"about":[{"href":"https:\/\/roveyayinevi.com.tr\/index.php\/wp-json\/wp\/v2\/types\/product"}],"wp:attachment":[{"href":"https:\/\/roveyayinevi.com.tr\/index.php\/wp-json\/wp\/v2\/media?parent=756722"}],"wp:term":[{"taxonomy":"product_brand","embeddable":true,"href":"https:\/\/roveyayinevi.com.tr\/index.php\/wp-json\/wp\/v2\/product_brand?post=756722"},{"taxonomy":"product_cat","embeddable":true,"href":"https:\/\/roveyayinevi.com.tr\/index.php\/wp-json\/wp\/v2\/product_cat?post=756722"},{"taxonomy":"product_tag","embeddable":true,"href":"https:\/\/roveyayinevi.com.tr\/index.php\/wp-json\/wp\/v2\/product_tag?post=756722"}],"curies":[{"name":"wp","href":"https:\/\/api.w.org\/{rel}","templated":true}]}}