{"id":756721,"date":"2025-08-28T07:15:23","date_gmt":"2025-08-28T04:15:23","guid":{"rendered":"https:\/\/roveyayinevi.com.tr\/index.php\/urun\/gittigin-her-yere-kendini-de-goturursun\/"},"modified":"2026-04-05T03:12:22","modified_gmt":"2026-04-05T00:12:22","slug":"gittigin-her-yere-kendini-de-goturursun","status":"publish","type":"product","link":"https:\/\/roveyayinevi.com.tr\/index.php\/urun\/gittigin-her-yere-kendini-de-goturursun\/","title":{"rendered":"Gitti\u011fin Her Yere Kendini De G\u00f6t\u00fcr\u00fcrs\u00fcn"},"content":{"rendered":"<p>Hayat\u0131n\u0131zda bir an i\u00e7in bile olsa, bir \u015feyler i\u00e7in ko\u015fturmay\u0131 b\u0131rak\u0131p sadece durabiliyor musunuz? \u015eu an durabilir misiniz? Peki, dursayd\u0131n\u0131z ne olurdu? Ne durumda olursak olal\u0131m, bulundu\u011fumuz yerle ve durumla ger\u00e7ekten temas halinde olabilmek i\u00e7in \u015fimdiki an\u0131n i\u00e7imize i\u015flemesine yetecek kadar uzun bir s\u00fcre durmam\u0131z gerekir. Ancak \u00e7o\u011fu zaman ge\u00e7mi\u015f veya gelecekle, ne istedi\u011fimizle, nelerden ho\u015flan\u0131p ho\u015flanmad\u0131\u011f\u0131m\u0131zla veya nelerden korktu\u011fumuzla me\u015fgul oldu\u011fumuz i\u00e7in biraz durup \u015fimdiki an\u0131n b\u00fcy\u00fcs\u00fcn\u00fc yakalamakta zorlan\u0131r\u0131z. Bu durumda \u00f6n\u00fcm\u00fczdeki ihtimallerin zenginli\u011fini tam olarak fark edemeyebiliriz. Bunun yerine kim oldu\u011fumuzu, nereye gitti\u011fimizi, neler olup bitti\u011fini zaten bildi\u011fimize dair ki\u015fisel bir kurguya saplan\u0131p kal\u0131r\u0131z. \u00c2deta ger\u00e7eklik dedi\u011fimiz bir r\u00fcyada ya\u015far\u0131z. Elinizdeki kitap, bu t\u00fcr r\u00fcyalardan ve \u00e7o\u011fu zaman bunlar\u0131n d\u00f6n\u00fc\u015ft\u00fc\u011f\u00fc k\u00e2buslardan uyanmakla ilgilidir. Bu uyan\u0131\u015f, gitti\u011fimiz her yere ger\u00e7ekten \u201ckendimizi\u201d de g\u00f6t\u00fcrmemizi sa\u011flayacakt\u0131r. <\/p>\n","protected":false},"excerpt":{"rendered":"<p>Hayat\u0131n\u0131zda bir an i\u00e7in bile olsa, bir \u015feyler i\u00e7in ko\u015fturmay\u0131 b\u0131rak\u0131p sadece durabiliyor musunuz? \u015eu an durabilir misiniz? Peki, dursayd\u0131n\u0131z ne olurdu? Ne durumda olursak olal\u0131m,<span class=\"excerpt-hellip\"> [\u2026]<\/span><\/p>\n","protected":false},"featured_media":0,"template":"","meta":{"_monsterinsights_skip_tracking":false,"_monsterinsights_sitenote_active":false,"_monsterinsights_sitenote_note":"","_monsterinsights_sitenote_category":0},"product_brand":[],"product_cat":[12364,12376],"product_tag":[],"class_list":{"0":"post-756721","1":"product","2":"type-product","3":"status-publish","5":"product_cat-genel-konular","6":"product_cat-kisisel-gelisim","7":"pa_cilt-ciltsiz","8":"pa_tur-kitap","9":"pa_yayinevi-diyojen-yayincilik","10":"pa_yazar-jon-kabat-zinn","12":"first","13":"instock","14":"sale","15":"shipping-taxable","16":"purchasable","17":"product-type-simple"},"_links":{"self":[{"href":"https:\/\/roveyayinevi.com.tr\/index.php\/wp-json\/wp\/v2\/product\/756721","targetHints":{"allow":["GET"]}}],"collection":[{"href":"https:\/\/roveyayinevi.com.tr\/index.php\/wp-json\/wp\/v2\/product"}],"about":[{"href":"https:\/\/roveyayinevi.com.tr\/index.php\/wp-json\/wp\/v2\/types\/product"}],"wp:attachment":[{"href":"https:\/\/roveyayinevi.com.tr\/index.php\/wp-json\/wp\/v2\/media?parent=756721"}],"wp:term":[{"taxonomy":"product_brand","embeddable":true,"href":"https:\/\/roveyayinevi.com.tr\/index.php\/wp-json\/wp\/v2\/product_brand?post=756721"},{"taxonomy":"product_cat","embeddable":true,"href":"https:\/\/roveyayinevi.com.tr\/index.php\/wp-json\/wp\/v2\/product_cat?post=756721"},{"taxonomy":"product_tag","embeddable":true,"href":"https:\/\/roveyayinevi.com.tr\/index.php\/wp-json\/wp\/v2\/product_tag?post=756721"}],"curies":[{"name":"wp","href":"https:\/\/api.w.org\/{rel}","templated":true}]}}