{"id":756715,"date":"2025-08-28T07:15:14","date_gmt":"2025-08-28T04:15:14","guid":{"rendered":"https:\/\/roveyayinevi.com.tr\/index.php\/urun\/ben-buradayim-3\/"},"modified":"2026-04-16T03:09:56","modified_gmt":"2026-04-16T00:09:56","slug":"ben-buradayim-3","status":"publish","type":"product","link":"https:\/\/roveyayinevi.com.tr\/index.php\/urun\/ben-buradayim-3\/","title":{"rendered":"Ben Buraday\u0131m"},"content":{"rendered":"<p>Ben buraday\u0131m.Sen ise oradas\u0131n.Bunun bir \u00f6nemi yok.Belki bir r\u00fczg\u00e2r \u00e7\u0131kar vebizi bir araya getirir.O zaman ben de burada olurum,t\u0131pk\u0131 senin gibi&#8230;\u00c7ok satan yazar ve ill\u00fcstrat\u00f6r Peter H. Reynolds&#8217;tan arkada\u015fl\u0131klar\u0131n beklenmedik \u015fekillerde ba\u015flayabilece\u011fini anlatan duygu y\u00fckl\u00fc, sevgi dolu bir \u00f6yk\u00fc\u2026<\/p>\n","protected":false},"excerpt":{"rendered":"<p>Ben buraday\u0131m.Sen ise oradas\u0131n.Bunun bir \u00f6nemi yok.Belki bir r\u00fczg\u00e2r \u00e7\u0131kar vebizi bir araya getirir.O zaman ben de burada olurum,t\u0131pk\u0131 senin gibi&#8230;\u00c7ok satan yazar ve ill\u00fcstrat\u00f6r Peter<span class=\"excerpt-hellip\"> [\u2026]<\/span><\/p>\n","protected":false},"featured_media":0,"template":"","meta":{"_monsterinsights_skip_tracking":false,"_monsterinsights_sitenote_active":false,"_monsterinsights_sitenote_note":"","_monsterinsights_sitenote_category":0},"product_brand":[],"product_cat":[12275,12274],"product_tag":[],"class_list":{"0":"post-756715","1":"product","2":"type-product","3":"status-publish","5":"product_cat-6-12-yas-kitaplari","6":"product_cat-cocuk-ve-genclik-kitaplari","7":"pa_cilt-ciltsiz","8":"pa_tur-kitap","9":"pa_yayinevi-altin-kitaplar-cocuk-kitaplari","10":"pa_yazar-peter-h-reynolds","12":"first","13":"instock","14":"sale","15":"shipping-taxable","16":"purchasable","17":"product-type-simple"},"_links":{"self":[{"href":"https:\/\/roveyayinevi.com.tr\/index.php\/wp-json\/wp\/v2\/product\/756715","targetHints":{"allow":["GET"]}}],"collection":[{"href":"https:\/\/roveyayinevi.com.tr\/index.php\/wp-json\/wp\/v2\/product"}],"about":[{"href":"https:\/\/roveyayinevi.com.tr\/index.php\/wp-json\/wp\/v2\/types\/product"}],"wp:attachment":[{"href":"https:\/\/roveyayinevi.com.tr\/index.php\/wp-json\/wp\/v2\/media?parent=756715"}],"wp:term":[{"taxonomy":"product_brand","embeddable":true,"href":"https:\/\/roveyayinevi.com.tr\/index.php\/wp-json\/wp\/v2\/product_brand?post=756715"},{"taxonomy":"product_cat","embeddable":true,"href":"https:\/\/roveyayinevi.com.tr\/index.php\/wp-json\/wp\/v2\/product_cat?post=756715"},{"taxonomy":"product_tag","embeddable":true,"href":"https:\/\/roveyayinevi.com.tr\/index.php\/wp-json\/wp\/v2\/product_tag?post=756715"}],"curies":[{"name":"wp","href":"https:\/\/api.w.org\/{rel}","templated":true}]}}