{"id":756708,"date":"2025-08-28T07:15:05","date_gmt":"2025-08-28T04:15:05","guid":{"rendered":"https:\/\/roveyayinevi.com.tr\/index.php\/urun\/hucrenin-sarkisi-donusen-tip-ve-yeni-insan\/"},"modified":"2026-04-16T03:09:56","modified_gmt":"2026-04-16T00:09:56","slug":"hucrenin-sarkisi-donusen-tip-ve-yeni-insan","status":"publish","type":"product","link":"https:\/\/roveyayinevi.com.tr\/index.php\/urun\/hucrenin-sarkisi-donusen-tip-ve-yeni-insan\/","title":{"rendered":"H\u00fccrenin \u015eark\u0131s\u0131: D\u00f6n\u00fc\u015fen T\u0131p ve Yeni \u0130nsan"},"content":{"rendered":"<p>T\u00fcm Hastal\u0131klar\u0131n \u015eah\u0131 ve Gen\u2019in Pulitzer \u00f6d\u00fcll\u00fc yazar\u0131 Siddhartha Mukherjee insan olman\u0131n anlam\u0131na dair bir ba\u015fyap\u0131tla geri d\u00f6n\u00fcyor. H\u00fccrenin \u015eark\u0131s\u0131 1600\u2019lerde, birbirlerinden iki y\u00fcz kilometre uzakta \u00e7al\u0131\u015fan m\u00fcnzevi bir tekstil t\u00fcccar\u0131yla s\u0131rad\u0131\u015f\u0131 bir bilginin el yap\u0131m\u0131 mikroskoplar\u0131 sayesinde ya\u015fam i\u00e7indeki ya\u015fam\u0131 ya da kendi verdikleri ismiyle h\u00fccreyi ke\u015ffetmeleriyle ba\u015fl\u0131yor. Mukherjee hik\u00e2yenin izini g\u00fcn\u00fcm\u00fcze kadar s\u00fcrerek, h\u00fccreye dair kavray\u0131\u015f\u0131m\u0131z\u0131n ve onu manip\u00fcle etme becerimizin (modern t\u0131p) sadece bilimi de\u011fil, insana dair hemen her \u015feyi de\u011fi\u015ftirdi\u011fini g\u00f6steriyor. Ve nihayetinde bizleri genleri d\u00fczenlenmi\u015f embriyolar\u0131n tasarland\u0131\u011f\u0131, h\u00fccre naklinin do\u011fal ile geli\u015ftirilmi\u015f olan aras\u0131ndaki s\u0131n\u0131rlar\u0131n bulan\u0131kla\u015ft\u0131racak \u015fekilde kullan\u0131ld\u0131\u011f\u0131 bir gelece\u011fin sarp kayal\u0131klar\u0131na g\u00f6t\u00fcr\u00fcyor. Yakla\u015fan bir devrim, yaz\u0131lmam\u0131\u015f bir tarih (ve bir gelecek) var: H\u00fccrenin \u015eark\u0131s\u0131, bu devrimle birlikte a\u00e7\u0131\u011fa \u00e7\u0131kan h\u00fccrelerin, h\u00fccreleri bi\u00e7imlendirme kabiliyetimizin ve t\u0131ptaki d\u00f6n\u00fc\u015f\u00fcm\u00fcn tarihi.     \u201cHen\u00fcz biyolojiye hayran de\u011filseniz, H\u00fccrenin \u015eark\u0131s\u0131 sizi o noktaya getirebilir. Tam bir ustal\u0131k dersi.\u201d\u2014GUARDIAN \u201cFazlas\u0131yla tutkulu&#8230; H\u00fccre biyolojisi kadar karma\u015f\u0131k ve ya\u015fam\u0131n kendisi gibi b\u00fcy\u00fck bir konuyu daha iyi ele alabilecek bir yazar tan\u0131m\u0131yorum.\u201d\u2014THE TIMES \u201cH\u00fccrenin \u015eark\u0131s\u0131\u2019ndaki c\u00fcmleler o kadar g\u00fczel ki kendinizi onun melodisine kapt\u0131rabilirsiniz.\u201d\u2014NEW YORK TIMES <\/p>\n","protected":false},"excerpt":{"rendered":"<p>T\u00fcm Hastal\u0131klar\u0131n \u015eah\u0131 ve Gen\u2019in Pulitzer \u00f6d\u00fcll\u00fc yazar\u0131 Siddhartha Mukherjee insan olman\u0131n anlam\u0131na dair bir ba\u015fyap\u0131tla geri d\u00f6n\u00fcyor. H\u00fccrenin \u015eark\u0131s\u0131 1600\u2019lerde, birbirlerinden iki y\u00fcz kilometre uzakta<span class=\"excerpt-hellip\"> [\u2026]<\/span><\/p>\n","protected":false},"featured_media":0,"template":"","meta":{"_monsterinsights_skip_tracking":false,"_monsterinsights_sitenote_active":false,"_monsterinsights_sitenote_note":"","_monsterinsights_sitenote_category":0},"product_brand":[],"product_cat":[13005,13006],"product_tag":[],"class_list":{"0":"post-756708","1":"product","2":"type-product","3":"status-publish","5":"product_cat-bilim-muhendislik","6":"product_cat-populer-bilim","7":"pa_cilt-ciltsiz","8":"pa_tur-kitap","9":"pa_yayinevi-domingo-yayinevi","10":"pa_yazar-siddhartha-mukherjee","12":"first","13":"instock","14":"sale","15":"shipping-taxable","16":"purchasable","17":"product-type-simple"},"_links":{"self":[{"href":"https:\/\/roveyayinevi.com.tr\/index.php\/wp-json\/wp\/v2\/product\/756708","targetHints":{"allow":["GET"]}}],"collection":[{"href":"https:\/\/roveyayinevi.com.tr\/index.php\/wp-json\/wp\/v2\/product"}],"about":[{"href":"https:\/\/roveyayinevi.com.tr\/index.php\/wp-json\/wp\/v2\/types\/product"}],"wp:attachment":[{"href":"https:\/\/roveyayinevi.com.tr\/index.php\/wp-json\/wp\/v2\/media?parent=756708"}],"wp:term":[{"taxonomy":"product_brand","embeddable":true,"href":"https:\/\/roveyayinevi.com.tr\/index.php\/wp-json\/wp\/v2\/product_brand?post=756708"},{"taxonomy":"product_cat","embeddable":true,"href":"https:\/\/roveyayinevi.com.tr\/index.php\/wp-json\/wp\/v2\/product_cat?post=756708"},{"taxonomy":"product_tag","embeddable":true,"href":"https:\/\/roveyayinevi.com.tr\/index.php\/wp-json\/wp\/v2\/product_tag?post=756708"}],"curies":[{"name":"wp","href":"https:\/\/api.w.org\/{rel}","templated":true}]}}