{"id":756695,"date":"2025-08-28T07:14:50","date_gmt":"2025-08-28T04:14:50","guid":{"rendered":"https:\/\/roveyayinevi.com.tr\/index.php\/urun\/2025-kpss-dil-bilgisi-konu-ozetli-yeni-nesil-soru-bankasi-tamami-video-cozumlu-ciltli\/"},"modified":"2026-02-03T03:24:10","modified_gmt":"2026-02-03T00:24:10","slug":"2025-kpss-dil-bilgisi-konu-ozetli-yeni-nesil-soru-bankasi-tamami-video-cozumlu-ciltli","status":"publish","type":"product","link":"https:\/\/roveyayinevi.com.tr\/index.php\/urun\/2025-kpss-dil-bilgisi-konu-ozetli-yeni-nesil-soru-bankasi-tamami-video-cozumlu-ciltli\/","title":{"rendered":"2025 KPSS Dil Bilgisi Konu \u00d6zetli Yeni Nesil Soru Bankas\u0131 Tamam\u0131 Video \u00c7\u00f6z\u00fcml\u00fc (Ciltli)"},"content":{"rendered":"<p>2024 KPSS Dil Bilgisi Konu \u00d6zetli Yeni Nesil Soru Bankas\u0131 Tamam\u0131 Video \u00c7\u00f6z\u00fcml\u00fc<\/p>\n","protected":false},"excerpt":{"rendered":"<p>2024 KPSS Dil Bilgisi Konu \u00d6zetli Yeni Nesil Soru Bankas\u0131 Tamam\u0131 Video \u00c7\u00f6z\u00fcml\u00fc<\/p>\n","protected":false},"featured_media":0,"template":"","meta":{"_monsterinsights_skip_tracking":false,"_monsterinsights_sitenote_active":false,"_monsterinsights_sitenote_note":"","_monsterinsights_sitenote_category":0},"product_brand":[],"product_cat":[12566,25157,74156,13473],"product_tag":[],"class_list":{"0":"post-756695","1":"product","2":"type-product","3":"status-publish","5":"product_cat-egitim","6":"product_cat-kpss-kitaplari","7":"product_cat-kpss-soru-bankasi","8":"product_cat-sinavlara-hazirlik-okula-yardimci-kaynaklar","9":"pa_cilt-ciltli","10":"pa_tur-kitap","11":"pa_yayinevi-marka-yayinlari","12":"pa_yazar-marka-komisyon","14":"first","15":"instock","16":"sale","17":"shipping-taxable","18":"purchasable","19":"product-type-simple"},"_links":{"self":[{"href":"https:\/\/roveyayinevi.com.tr\/index.php\/wp-json\/wp\/v2\/product\/756695","targetHints":{"allow":["GET"]}}],"collection":[{"href":"https:\/\/roveyayinevi.com.tr\/index.php\/wp-json\/wp\/v2\/product"}],"about":[{"href":"https:\/\/roveyayinevi.com.tr\/index.php\/wp-json\/wp\/v2\/types\/product"}],"wp:attachment":[{"href":"https:\/\/roveyayinevi.com.tr\/index.php\/wp-json\/wp\/v2\/media?parent=756695"}],"wp:term":[{"taxonomy":"product_brand","embeddable":true,"href":"https:\/\/roveyayinevi.com.tr\/index.php\/wp-json\/wp\/v2\/product_brand?post=756695"},{"taxonomy":"product_cat","embeddable":true,"href":"https:\/\/roveyayinevi.com.tr\/index.php\/wp-json\/wp\/v2\/product_cat?post=756695"},{"taxonomy":"product_tag","embeddable":true,"href":"https:\/\/roveyayinevi.com.tr\/index.php\/wp-json\/wp\/v2\/product_tag?post=756695"}],"curies":[{"name":"wp","href":"https:\/\/api.w.org\/{rel}","templated":true}]}}