{"id":756693,"date":"2025-08-28T07:14:48","date_gmt":"2025-08-28T04:14:48","guid":{"rendered":"https:\/\/roveyayinevi.com.tr\/index.php\/urun\/2025-kpss-dgs-ales-yeni-nesil-8x12-tamami-video-cozumlu-problemler-deneme\/"},"modified":"2026-04-16T03:09:55","modified_gmt":"2026-04-16T00:09:55","slug":"2025-kpss-dgs-ales-yeni-nesil-8x12-tamami-video-cozumlu-problemler-deneme","status":"publish","type":"product","link":"https:\/\/roveyayinevi.com.tr\/index.php\/urun\/2025-kpss-dgs-ales-yeni-nesil-8x12-tamami-video-cozumlu-problemler-deneme\/","title":{"rendered":"2025 KPSS DGS ALES Yeni Nesil 8&#215;12 Tamam\u0131 Video \u00c7\u00f6z\u00fcml\u00fc Problemler Deneme"},"content":{"rendered":"<p>2024 KPSS DGS ALES Yeni Nesil 8&#215;12 Tamam\u0131 Video \u00c7\u00f6z\u00fcml\u00fc Problemler Deneme<\/p>\n","protected":false},"excerpt":{"rendered":"<p>2024 KPSS DGS ALES Yeni Nesil 8&#215;12 Tamam\u0131 Video \u00c7\u00f6z\u00fcml\u00fc Problemler Deneme<\/p>\n","protected":false},"featured_media":0,"template":"","meta":{"_monsterinsights_skip_tracking":false,"_monsterinsights_sitenote_active":false,"_monsterinsights_sitenote_note":"","_monsterinsights_sitenote_category":0},"product_brand":[],"product_cat":[12566,122237,25157,13473],"product_tag":[],"class_list":{"0":"post-756693","1":"product","2":"type-product","3":"status-publish","5":"product_cat-egitim","6":"product_cat-kpss-denemeler","7":"product_cat-kpss-kitaplari","8":"product_cat-sinavlara-hazirlik-okula-yardimci-kaynaklar","9":"pa_cilt-ciltsiz","10":"pa_tur-kitap","11":"pa_yayinevi-marka-yayinlari","12":"pa_yazar-yasin-kara","14":"first","15":"instock","16":"sale","17":"shipping-taxable","18":"purchasable","19":"product-type-simple"},"_links":{"self":[{"href":"https:\/\/roveyayinevi.com.tr\/index.php\/wp-json\/wp\/v2\/product\/756693","targetHints":{"allow":["GET"]}}],"collection":[{"href":"https:\/\/roveyayinevi.com.tr\/index.php\/wp-json\/wp\/v2\/product"}],"about":[{"href":"https:\/\/roveyayinevi.com.tr\/index.php\/wp-json\/wp\/v2\/types\/product"}],"wp:attachment":[{"href":"https:\/\/roveyayinevi.com.tr\/index.php\/wp-json\/wp\/v2\/media?parent=756693"}],"wp:term":[{"taxonomy":"product_brand","embeddable":true,"href":"https:\/\/roveyayinevi.com.tr\/index.php\/wp-json\/wp\/v2\/product_brand?post=756693"},{"taxonomy":"product_cat","embeddable":true,"href":"https:\/\/roveyayinevi.com.tr\/index.php\/wp-json\/wp\/v2\/product_cat?post=756693"},{"taxonomy":"product_tag","embeddable":true,"href":"https:\/\/roveyayinevi.com.tr\/index.php\/wp-json\/wp\/v2\/product_tag?post=756693"}],"curies":[{"name":"wp","href":"https:\/\/api.w.org\/{rel}","templated":true}]}}