{"id":756690,"date":"2025-08-28T07:14:44","date_gmt":"2025-08-28T04:14:44","guid":{"rendered":"https:\/\/roveyayinevi.com.tr\/index.php\/urun\/yok-olus-2\/"},"modified":"2026-04-16T03:09:55","modified_gmt":"2026-04-16T00:09:55","slug":"yok-olus-2","status":"publish","type":"product","link":"https:\/\/roveyayinevi.com.tr\/index.php\/urun\/yok-olus-2\/","title":{"rendered":"Yok Olu\u015f"},"content":{"rendered":"<p>BAZEN SADECE ARIYOR OLMAK \u0130Y\u0130 GEL\u0130R, BULAMAYACA\u011eINI B\u0130LSEN B\u0130LE!   \u201c\u0130nsanl\u0131\u011f\u0131n kendine eziyeti, kendi sonu gelinceye dek bitmeyecek. Bug\u00fcn de hi\u00e7bir \u015fey bitmi\u015f de\u011fil. \u2018ka\u00e7\u0131n\u0131lmaz yok olu\u015f\u2019 \u00e7ok yak\u0131n, m\u00fccadele etmen gerekecek!\u201d demi\u015fti Deniz\u2019e.   \u201cYa\u015fanan ve bir\u00e7o\u011fu bilin\u00e7li \u00e7\u0131kar\u0131lm\u0131\u015f salg\u0131nlar\u0131n ard\u0131ndan b\u00fct\u00fcn d\u00fcnya y\u00f6netimi elit bir grubun elindedir. Kast sistemi benzeri s\u0131n\u0131fland\u0131r\u0131lan insanl\u0131k distopik bir y\u00f6netimle idare edilirken do\u011fa anan\u0131n beklenmedik s\u00fcrprizi ile belki de ilk ve son defa modern insan\u0131n yok olu\u015fu yakla\u015fmaktad\u0131r.\u201d   Roman; zaman zaman nefes almay\u0131 bile unutturacak bir\u00e7ok olay, macera ve duygusal gitgellerle s\u00fcr\u00fcp giderken siz hik\u00e2yeyi ya\u015famaktan kendinizi alamayacaks\u0131n\u0131z<\/p>\n","protected":false},"excerpt":{"rendered":"<p>BAZEN SADECE ARIYOR OLMAK \u0130Y\u0130 GEL\u0130R, BULAMAYACA\u011eINI B\u0130LSEN B\u0130LE! \u201c\u0130nsanl\u0131\u011f\u0131n kendine eziyeti, kendi sonu gelinceye dek bitmeyecek. Bug\u00fcn de hi\u00e7bir \u015fey bitmi\u015f de\u011fil. \u2018ka\u00e7\u0131n\u0131lmaz yok olu\u015f\u2019<span class=\"excerpt-hellip\"> [\u2026]<\/span><\/p>\n","protected":false},"featured_media":0,"template":"","meta":{"_monsterinsights_skip_tracking":false,"_monsterinsights_sitenote_active":false,"_monsterinsights_sitenote_note":"","_monsterinsights_sitenote_category":0},"product_brand":[],"product_cat":[12291,14777],"product_tag":[],"class_list":{"0":"post-756690","1":"product","2":"type-product","3":"status-publish","5":"product_cat-edebiyat","6":"product_cat-fantastik","7":"pa_cilt-ciltsiz","8":"pa_tur-kitap","9":"pa_yayinevi-elpis-yayinlari","10":"pa_yazar-ufuk-yilmaz","12":"first","13":"instock","14":"sale","15":"shipping-taxable","16":"purchasable","17":"product-type-simple"},"_links":{"self":[{"href":"https:\/\/roveyayinevi.com.tr\/index.php\/wp-json\/wp\/v2\/product\/756690","targetHints":{"allow":["GET"]}}],"collection":[{"href":"https:\/\/roveyayinevi.com.tr\/index.php\/wp-json\/wp\/v2\/product"}],"about":[{"href":"https:\/\/roveyayinevi.com.tr\/index.php\/wp-json\/wp\/v2\/types\/product"}],"wp:attachment":[{"href":"https:\/\/roveyayinevi.com.tr\/index.php\/wp-json\/wp\/v2\/media?parent=756690"}],"wp:term":[{"taxonomy":"product_brand","embeddable":true,"href":"https:\/\/roveyayinevi.com.tr\/index.php\/wp-json\/wp\/v2\/product_brand?post=756690"},{"taxonomy":"product_cat","embeddable":true,"href":"https:\/\/roveyayinevi.com.tr\/index.php\/wp-json\/wp\/v2\/product_cat?post=756690"},{"taxonomy":"product_tag","embeddable":true,"href":"https:\/\/roveyayinevi.com.tr\/index.php\/wp-json\/wp\/v2\/product_tag?post=756690"}],"curies":[{"name":"wp","href":"https:\/\/api.w.org\/{rel}","templated":true}]}}