{"id":756688,"date":"2025-08-28T07:14:41","date_gmt":"2025-08-28T04:14:41","guid":{"rendered":"https:\/\/roveyayinevi.com.tr\/index.php\/urun\/kiyamet-kopmayinca-ne-olur-pazar-sohbetleri-5\/"},"modified":"2026-02-03T03:24:09","modified_gmt":"2026-02-03T00:24:09","slug":"kiyamet-kopmayinca-ne-olur-pazar-sohbetleri-5","status":"publish","type":"product","link":"https:\/\/roveyayinevi.com.tr\/index.php\/urun\/kiyamet-kopmayinca-ne-olur-pazar-sohbetleri-5\/","title":{"rendered":"K\u0131yamet Kopmay\u0131nca Ne Olur? &amp; Pazar Sohbetleri &#8211; 5"},"content":{"rendered":"<p>\u201cNi\u015fanyan\u2019\u0131n Pazar Sohbetleri neden bir anda T\u00fcrkiye\u2019nin en pop\u00fcler yay\u0131nlar\u0131 aras\u0131na kat\u0131ld\u0131? \u00c7\u00fcnk\u00fc \u00fclkeninihtiyac\u0131 olan taze esintiyi hissetti insanlar. T\u00fcrkiye\u2019nin kal\u0131pla\u015fm\u0131\u015f ideolojik kamplar\u0131ndan ba\u011f\u0131ms\u0131z, d\u00fcr\u00fcst vei\u00e7ten bir sesi duydular. Bu sesin, nefes kesici bir k\u00fclt\u00fcrel birikimle b\u00fct\u00fcnle\u015fti\u011fini g\u00f6rd\u00fcler. Ola\u011fan\u00fcst\u00fc bir dilhakimiyeti, kolay anla\u015f\u0131l\u0131r samimi bir anlat\u0131m yetene\u011fi ve yer yer h\u0131nz\u0131rca bir mizah anlay\u0131\u015f\u0131 buldular.\u201dSevan Ni\u015fanyan Pazar Sohbetleri&#8217;nin be\u015finci cildinde T\u00fcrklerle T\u00fcrk\u00e7\u00fclerin fark\u0131na, M\u00fcsl\u00fcmanlar\u0131n demokratolup olamayaca\u011f\u0131na, \u00e7a\u011fda\u015f k\u00f6leli\u011fin nas\u0131l in\u015fa edildi\u011fine, demokrasiyle neyin kastedildi\u011fine ve daha pek \u00e7oksoruya a\u00e7\u0131kl\u0131k getiriyor.<\/p>\n","protected":false},"excerpt":{"rendered":"<p>\u201cNi\u015fanyan\u2019\u0131n Pazar Sohbetleri neden bir anda T\u00fcrkiye\u2019nin en pop\u00fcler yay\u0131nlar\u0131 aras\u0131na kat\u0131ld\u0131? \u00c7\u00fcnk\u00fc \u00fclkeninihtiyac\u0131 olan taze esintiyi hissetti insanlar. T\u00fcrkiye\u2019nin kal\u0131pla\u015fm\u0131\u015f ideolojik kamplar\u0131ndan ba\u011f\u0131ms\u0131z, d\u00fcr\u00fcst vei\u00e7ten<span class=\"excerpt-hellip\"> [\u2026]<\/span><\/p>\n","protected":false},"featured_media":0,"template":"","meta":{"_monsterinsights_skip_tracking":false,"_monsterinsights_sitenote_active":false,"_monsterinsights_sitenote_note":"","_monsterinsights_sitenote_category":0},"product_brand":[],"product_cat":[12777,12291],"product_tag":[],"class_list":{"0":"post-756688","1":"product","2":"type-product","3":"status-publish","5":"product_cat-deneme","6":"product_cat-edebiyat","7":"pa_cilt-ciltsiz","8":"pa_tur-kitap","9":"pa_yayinevi-liberus","10":"pa_yazar-sevan-nisanyan","12":"first","13":"instock","14":"sale","15":"shipping-taxable","16":"purchasable","17":"product-type-simple"},"_links":{"self":[{"href":"https:\/\/roveyayinevi.com.tr\/index.php\/wp-json\/wp\/v2\/product\/756688","targetHints":{"allow":["GET"]}}],"collection":[{"href":"https:\/\/roveyayinevi.com.tr\/index.php\/wp-json\/wp\/v2\/product"}],"about":[{"href":"https:\/\/roveyayinevi.com.tr\/index.php\/wp-json\/wp\/v2\/types\/product"}],"wp:attachment":[{"href":"https:\/\/roveyayinevi.com.tr\/index.php\/wp-json\/wp\/v2\/media?parent=756688"}],"wp:term":[{"taxonomy":"product_brand","embeddable":true,"href":"https:\/\/roveyayinevi.com.tr\/index.php\/wp-json\/wp\/v2\/product_brand?post=756688"},{"taxonomy":"product_cat","embeddable":true,"href":"https:\/\/roveyayinevi.com.tr\/index.php\/wp-json\/wp\/v2\/product_cat?post=756688"},{"taxonomy":"product_tag","embeddable":true,"href":"https:\/\/roveyayinevi.com.tr\/index.php\/wp-json\/wp\/v2\/product_tag?post=756688"}],"curies":[{"name":"wp","href":"https:\/\/api.w.org\/{rel}","templated":true}]}}