{"id":756685,"date":"2025-08-28T07:14:36","date_gmt":"2025-08-28T04:14:36","guid":{"rendered":"https:\/\/roveyayinevi.com.tr\/index.php\/urun\/rasim-ozdenorenin-eserlerinde-muslumanca-durus\/"},"modified":"2026-04-16T03:09:55","modified_gmt":"2026-04-16T00:09:55","slug":"rasim-ozdenorenin-eserlerinde-muslumanca-durus","status":"publish","type":"product","link":"https:\/\/roveyayinevi.com.tr\/index.php\/urun\/rasim-ozdenorenin-eserlerinde-muslumanca-durus\/","title":{"rendered":"Rasim \u00d6zden\u00f6ren&#8217;in Eserlerinde M\u00fcsl\u00fcmanca Duru\u015f"},"content":{"rendered":"<p>Toplumsal d\u00fczeni tesis eden kurallardan m\u00fcte\u015fekkil olan ahl\u00e2k sistemi, toplumsal kurumlar i\u00e7erisinde \u00f6nemli bir konuma sahiptir. \u0130lgili konumunu t\u00fcm toplumlarda koruyarak ve g\u00fcn\u00fcm\u00fcze kadar belirli ilkeler etraf\u0131nda \u015fekillenerek g\u00fc\u00e7l\u00fc etkisini g\u00f6stermi\u015ftir. S\u00f6z konusu ilkelerin en \u00f6nemli men\u015fei olmas\u0131 itibariyle din de toplumsal d\u00fczlemde bir ahl\u00e2k sistemini ifade etmektedir. Bu ba\u011flamda denilebilir ki din ve ahl\u00e2k\u0131n bu i\u00e7 i\u00e7e do\u011fas\u0131, Din Sosyolojisi disiplininin \u00e7al\u0131\u015fma alanlar\u0131 i\u00e7inde \u00f6nemli bir yere sahiptir. Bu tezde ele al\u0131nd\u0131\u011f\u0131 \u00fczere tan\u0131nm\u0131\u015f edebiyat ve fikir insan\u0131 Rasim \u00d6zden\u00f6ren\u2019in din ve ahl\u00e2k etkile\u015fimi ba\u011flam\u0131nda toplumsal etkenler ve a\u015fk\u0131n de\u011ferler \u00fczerine temellendirdi\u011fi \u201cM\u00fcsl\u00fcman Ahl\u00e2k\u0131\u201dna yakla\u015f\u0131m\u0131 \u00f6zg\u00fcn bir de\u011fer ta\u015f\u0131maktad\u0131r. Bu \u00e7al\u0131\u015fma \u00d6zden\u00f6ren\u2019in din, ahl\u00e2k ve toplum ili\u015fkileri ba\u011flam\u0131nda \u201cM\u00fcsl\u00fcman Ahl\u00e2k\u0131\u201dna dair yakla\u015f\u0131m\u0131n\u0131n sunaca\u011f\u0131 \u00f6zg\u00fcn a\u00e7\u0131l\u0131m imk\u00e2nlar\u0131n\u0131 eserlerindeki anlat\u0131mlar\u0131 \u00fczerinden sosyolojik yans\u0131malar\u0131yla deskriptif olarak tespit edebilme ve anlama gayesi etraf\u0131nda \u015fekillenmektedir. Bu gaye ile Din Sosyolojisi literat\u00fcr\u00fcne m\u00fctevazi bir katk\u0131 hedeflenmektedir. <\/p>\n","protected":false},"excerpt":{"rendered":"<p>Toplumsal d\u00fczeni tesis eden kurallardan m\u00fcte\u015fekkil olan ahl\u00e2k sistemi, toplumsal kurumlar i\u00e7erisinde \u00f6nemli bir konuma sahiptir. \u0130lgili konumunu t\u00fcm toplumlarda koruyarak ve g\u00fcn\u00fcm\u00fcze kadar belirli ilkeler<span class=\"excerpt-hellip\"> [\u2026]<\/span><\/p>\n","protected":false},"featured_media":0,"template":"","meta":{"_monsterinsights_skip_tracking":false,"_monsterinsights_sitenote_active":false,"_monsterinsights_sitenote_note":"","_monsterinsights_sitenote_category":0},"product_brand":[],"product_cat":[52477],"product_tag":[],"class_list":{"0":"post-756685","1":"product","2":"type-product","3":"status-publish","5":"product_cat-arastirma","6":"pa_cilt-ciltsiz","7":"pa_tur-kitap","8":"pa_yayinevi-gulnar-yayinlari","9":"pa_yazar-filiz-sarisik-akkoc","11":"first","12":"instock","13":"sale","14":"shipping-taxable","15":"purchasable","16":"product-type-simple"},"_links":{"self":[{"href":"https:\/\/roveyayinevi.com.tr\/index.php\/wp-json\/wp\/v2\/product\/756685","targetHints":{"allow":["GET"]}}],"collection":[{"href":"https:\/\/roveyayinevi.com.tr\/index.php\/wp-json\/wp\/v2\/product"}],"about":[{"href":"https:\/\/roveyayinevi.com.tr\/index.php\/wp-json\/wp\/v2\/types\/product"}],"wp:attachment":[{"href":"https:\/\/roveyayinevi.com.tr\/index.php\/wp-json\/wp\/v2\/media?parent=756685"}],"wp:term":[{"taxonomy":"product_brand","embeddable":true,"href":"https:\/\/roveyayinevi.com.tr\/index.php\/wp-json\/wp\/v2\/product_brand?post=756685"},{"taxonomy":"product_cat","embeddable":true,"href":"https:\/\/roveyayinevi.com.tr\/index.php\/wp-json\/wp\/v2\/product_cat?post=756685"},{"taxonomy":"product_tag","embeddable":true,"href":"https:\/\/roveyayinevi.com.tr\/index.php\/wp-json\/wp\/v2\/product_tag?post=756685"}],"curies":[{"name":"wp","href":"https:\/\/api.w.org\/{rel}","templated":true}]}}