{"id":756684,"date":"2025-08-28T07:14:35","date_gmt":"2025-08-28T04:14:35","guid":{"rendered":"https:\/\/roveyayinevi.com.tr\/index.php\/urun\/2025-kpss-dgs-ales-sayilar-ve-temel-kavramlar-detayli-konu-anlatimli-ders-notu\/"},"modified":"2026-04-16T03:09:55","modified_gmt":"2026-04-16T00:09:55","slug":"2025-kpss-dgs-ales-sayilar-ve-temel-kavramlar-detayli-konu-anlatimli-ders-notu","status":"publish","type":"product","link":"https:\/\/roveyayinevi.com.tr\/index.php\/urun\/2025-kpss-dgs-ales-sayilar-ve-temel-kavramlar-detayli-konu-anlatimli-ders-notu\/","title":{"rendered":"2025 KPSS \u2013 DGS \u2013 ALES Say\u0131lar ve Temel Kavramlar Detayl\u0131 Konu Anlat\u0131ml\u0131 Ders Notu"},"content":{"rendered":"<p>2024 KPSS \u2013 DGS \u2013 ALES Say\u0131lar ve Temel Kavramlar Detayl\u0131 Konu Anlat\u0131ml\u0131 Ders Notu<\/p>\n","protected":false},"excerpt":{"rendered":"<p>2024 KPSS \u2013 DGS \u2013 ALES Say\u0131lar ve Temel Kavramlar Detayl\u0131 Konu Anlat\u0131ml\u0131 Ders Notu<\/p>\n","protected":false},"featured_media":0,"template":"","meta":{"_monsterinsights_skip_tracking":false,"_monsterinsights_sitenote_active":false,"_monsterinsights_sitenote_note":"","_monsterinsights_sitenote_category":0},"product_brand":[],"product_cat":[12566,25157,122249,13473],"product_tag":[],"class_list":{"0":"post-756684","1":"product","2":"type-product","3":"status-publish","5":"product_cat-egitim","6":"product_cat-kpss-kitaplari","7":"product_cat-kpss-konu-anlatimi","8":"product_cat-sinavlara-hazirlik-okula-yardimci-kaynaklar","9":"pa_cilt-ciltsiz","10":"pa_tur-kitap","11":"pa_yayinevi-marka-yayinlari","12":"pa_yazar-yasin-kara","14":"first","15":"instock","16":"sale","17":"shipping-taxable","18":"purchasable","19":"product-type-simple"},"_links":{"self":[{"href":"https:\/\/roveyayinevi.com.tr\/index.php\/wp-json\/wp\/v2\/product\/756684","targetHints":{"allow":["GET"]}}],"collection":[{"href":"https:\/\/roveyayinevi.com.tr\/index.php\/wp-json\/wp\/v2\/product"}],"about":[{"href":"https:\/\/roveyayinevi.com.tr\/index.php\/wp-json\/wp\/v2\/types\/product"}],"wp:attachment":[{"href":"https:\/\/roveyayinevi.com.tr\/index.php\/wp-json\/wp\/v2\/media?parent=756684"}],"wp:term":[{"taxonomy":"product_brand","embeddable":true,"href":"https:\/\/roveyayinevi.com.tr\/index.php\/wp-json\/wp\/v2\/product_brand?post=756684"},{"taxonomy":"product_cat","embeddable":true,"href":"https:\/\/roveyayinevi.com.tr\/index.php\/wp-json\/wp\/v2\/product_cat?post=756684"},{"taxonomy":"product_tag","embeddable":true,"href":"https:\/\/roveyayinevi.com.tr\/index.php\/wp-json\/wp\/v2\/product_tag?post=756684"}],"curies":[{"name":"wp","href":"https:\/\/api.w.org\/{rel}","templated":true}]}}