{"id":756680,"date":"2025-08-28T07:14:30","date_gmt":"2025-08-28T04:14:30","guid":{"rendered":"https:\/\/roveyayinevi.com.tr\/index.php\/urun\/nutuk-ansiklopedik-sozlugu\/"},"modified":"2026-04-16T03:09:40","modified_gmt":"2026-04-16T00:09:40","slug":"nutuk-ansiklopedik-sozlugu","status":"publish","type":"product","link":"https:\/\/roveyayinevi.com.tr\/index.php\/urun\/nutuk-ansiklopedik-sozlugu\/","title":{"rendered":"Nutuk Ansiklopedik S\u00f6zl\u00fc\u011f\u00fc"},"content":{"rendered":"<p>Atat\u00fcrk\u2019\u00fcn 19 May\u0131s 1919\u2019da Samsun\u2019a ayak basmas\u0131ndan 1927 y\u0131l\u0131na kadar, Milli M\u00fccadele\u2019nin, T\u00fcrkiye Cumhuriyeti\u2019nin kurulu\u015fu ve devrimlerini belgelerle anlatan yak\u0131n tarihimizin en \u00f6nemli kaynak kitab\u0131 B\u00fcy\u00fck Nutuk\u2019tur. Nutuk, 15-20 Ekim 1927 tarihinde Cumhuriyet Halk Partisinin II. B\u00fcy\u00fck Kongresi\u2019nde TBMM toplant\u0131 salonunda Atat\u00fcrk taraf\u0131ndan, 6 g\u00fcn i\u00e7inde 36 saat ve 31 dakikada okunmu\u015ftur. Nutuk okunurken, Cumhuriyetimiz hen\u00fcz d\u00f6rt ya\u015f\u0131ndad\u0131r ve k\u0131sa s\u00fcrede ola\u011fan\u00fcst\u00fc de\u011fi\u015fimler ve devrimler yap\u0131lm\u0131\u015ft\u0131r. Bu y\u00fczden Nutuk\u2019un okunmas\u0131 hem T\u00fcrkiye\u2019de hem de t\u00fcm d\u00fcnyada b\u00fcy\u00fck bir yank\u0131 yaratm\u0131\u015ft\u0131r. Atat\u00fcrk Nutuk\u2019ta, \u201cE\u011fer dokuz y\u0131ll\u0131k faaliyetimiz ve yapt\u0131klar\u0131m\u0131z bir mant\u0131k silsilesi ile g\u00f6zden ge\u00e7irilirse, ilk g\u00fcnden bug\u00fcne kadar izledi\u011fimiz genel do\u011frultunun, ilk karar\u0131n \u00e7izdi\u011fi yoldan ve hedeften sapmam\u0131\u015f oldu\u011fu anla\u015f\u0131l\u0131r\u201d demektedir. Nutuk, Kuva-y\u0131 Milliye d\u00f6nemi, TBMM H\u00fck\u00fcmeti ve T\u00fcrkiye Cumhuriyeti olarak \u00fc\u00e7 d\u00f6nemde ele al\u0131nm\u0131\u015f, Cumhuriyet\u2019le ba\u015flayan devrim ve \u00e7a\u011fda\u015fla\u015fma hareketlerini bir b\u00fct\u00fcn olarak \u201cba\u011f\u0131ms\u0131zl\u0131k sava\u015f\u0131\u201d olarak nitelendiren Mustafa Kemal, olaylar\u0131n belgelere dayand\u0131r\u0131lmas\u0131na \u00f6zen g\u00f6stermi\u015ftir.  Bu b\u00fcy\u00fck eseri okumak, olaylar\u0131, olaylar\u0131n kahramanlar\u0131n\u0131 daha iyi anlamak i\u00e7in mevcut \u00e7al\u0131\u015fmalardan yararlan\u0131lm\u0131\u015f, Milli M\u00fccadele\u2019ye destek veren kongrelere de yer verilmi\u015ftir.  <\/p>\n","protected":false},"excerpt":{"rendered":"<p>Atat\u00fcrk\u2019\u00fcn 19 May\u0131s 1919\u2019da Samsun\u2019a ayak basmas\u0131ndan 1927 y\u0131l\u0131na kadar, Milli M\u00fccadele\u2019nin, T\u00fcrkiye Cumhuriyeti\u2019nin kurulu\u015fu ve devrimlerini belgelerle anlatan yak\u0131n tarihimizin en \u00f6nemli kaynak kitab\u0131 B\u00fcy\u00fck<span class=\"excerpt-hellip\"> [\u2026]<\/span><\/p>\n","protected":false},"featured_media":0,"template":"","meta":{"_monsterinsights_skip_tracking":false,"_monsterinsights_sitenote_active":false,"_monsterinsights_sitenote_note":"","_monsterinsights_sitenote_category":0},"product_brand":[],"product_cat":[12304],"product_tag":[],"class_list":{"0":"post-756680","1":"product","2":"type-product","3":"status-publish","5":"product_cat-tarih","6":"pa_cilt-ciltsiz","7":"pa_tur-kitap","8":"pa_yayinevi-zet-akademi-yayinlari","9":"pa_yazar-zakir-cobanoglu","11":"first","12":"instock","13":"sale","14":"shipping-taxable","15":"purchasable","16":"product-type-simple"},"_links":{"self":[{"href":"https:\/\/roveyayinevi.com.tr\/index.php\/wp-json\/wp\/v2\/product\/756680","targetHints":{"allow":["GET"]}}],"collection":[{"href":"https:\/\/roveyayinevi.com.tr\/index.php\/wp-json\/wp\/v2\/product"}],"about":[{"href":"https:\/\/roveyayinevi.com.tr\/index.php\/wp-json\/wp\/v2\/types\/product"}],"wp:attachment":[{"href":"https:\/\/roveyayinevi.com.tr\/index.php\/wp-json\/wp\/v2\/media?parent=756680"}],"wp:term":[{"taxonomy":"product_brand","embeddable":true,"href":"https:\/\/roveyayinevi.com.tr\/index.php\/wp-json\/wp\/v2\/product_brand?post=756680"},{"taxonomy":"product_cat","embeddable":true,"href":"https:\/\/roveyayinevi.com.tr\/index.php\/wp-json\/wp\/v2\/product_cat?post=756680"},{"taxonomy":"product_tag","embeddable":true,"href":"https:\/\/roveyayinevi.com.tr\/index.php\/wp-json\/wp\/v2\/product_tag?post=756680"}],"curies":[{"name":"wp","href":"https:\/\/api.w.org\/{rel}","templated":true}]}}