{"id":756679,"date":"2025-08-28T07:14:28","date_gmt":"2025-08-28T04:14:28","guid":{"rendered":"https:\/\/roveyayinevi.com.tr\/index.php\/urun\/hatiran-yeter-2\/"},"modified":"2026-04-16T03:09:40","modified_gmt":"2026-04-16T00:09:40","slug":"hatiran-yeter-2","status":"publish","type":"product","link":"https:\/\/roveyayinevi.com.tr\/index.php\/urun\/hatiran-yeter-2\/","title":{"rendered":"Hat\u0131ran Yeter"},"content":{"rendered":"<p>Ho\u015f geldin benim y\u00fcrek yolda\u015f\u0131m. \u015eu an bu kitap senin elindeyse ve bir g\u00f6z ge\u00e7irmedi isen \u015f\u00f6yle bir tahmin y\u00fcr\u00fctmek istiyorum bu g\u00fczel bir okur olu\u015funla merak\u0131n\u0131 harmanlad\u0131\u011f\u0131ndan kaynaklan\u0131yor diye d\u00fc\u015f\u00fcn\u00fcyorum. Fakat hayat\u0131n\u0131n herhangi bir evresinde bir y\u00fcrek s\u0131z\u0131s\u0131 ya\u015fad\u0131ysan eminim bu kitap bir\u00e7ok yerinde sana seni hat\u0131rlatacak, seni anlatacak. Belki de tarafs\u0131z yan\u0131na de\u011finip hayat\u0131nda de\u011fi\u015fikliklere neden olacak. Unutma ki sat\u0131rlar\u0131m sana e\u015flik edecek gitti\u011fin yolda\u2026 O zaman arkana yaslan, dertlerini bir kenara b\u0131rak, al eline \u00e7ay\u0131n\u0131 kahveni okumaya ba\u015fla\u2026 Y\u00fcre\u011finle oku ama\u2026 Bulacaks\u0131n \u00e7\u00fcnk\u00fc kendi yazd\u0131klar\u0131m\u0131n birinde ya da bir c\u00fcmlesinde belli mi olur belki de bir kelimesinde ve eminim hayat\u0131nda bir yer edinecek HATIRAN YETER\u2019im. Hadi bekliyor seni bilinmez bu denizin ke\u015ffi\u2026 Haz\u0131r m\u0131s\u0131n? Hadi o halde bu \u0131ss\u0131z denizde anlay\u0131\u015f sandal\u0131n sa\u011flam, heybende az\u0131\u011f\u0131n mutluluk olsun. Nurg\u00fcl G\u00dcLTEN <\/p>\n","protected":false},"excerpt":{"rendered":"<p>Ho\u015f geldin benim y\u00fcrek yolda\u015f\u0131m. \u015eu an bu kitap senin elindeyse ve bir g\u00f6z ge\u00e7irmedi isen \u015f\u00f6yle bir tahmin y\u00fcr\u00fctmek istiyorum bu g\u00fczel bir okur olu\u015funla<span class=\"excerpt-hellip\"> [\u2026]<\/span><\/p>\n","protected":false},"featured_media":0,"template":"","meta":{"_monsterinsights_skip_tracking":false,"_monsterinsights_sitenote_active":false,"_monsterinsights_sitenote_note":"","_monsterinsights_sitenote_category":0},"product_brand":[],"product_cat":[12291,12509],"product_tag":[],"class_list":{"0":"post-756679","1":"product","2":"type-product","3":"status-publish","5":"product_cat-edebiyat","6":"product_cat-siir","7":"pa_cilt-ciltsiz","8":"pa_tur-kitap","9":"pa_yayinevi-zet-yayinlari","10":"pa_yazar-nurgul-gulten","12":"first","13":"instock","14":"sale","15":"shipping-taxable","16":"purchasable","17":"product-type-simple"},"_links":{"self":[{"href":"https:\/\/roveyayinevi.com.tr\/index.php\/wp-json\/wp\/v2\/product\/756679","targetHints":{"allow":["GET"]}}],"collection":[{"href":"https:\/\/roveyayinevi.com.tr\/index.php\/wp-json\/wp\/v2\/product"}],"about":[{"href":"https:\/\/roveyayinevi.com.tr\/index.php\/wp-json\/wp\/v2\/types\/product"}],"wp:attachment":[{"href":"https:\/\/roveyayinevi.com.tr\/index.php\/wp-json\/wp\/v2\/media?parent=756679"}],"wp:term":[{"taxonomy":"product_brand","embeddable":true,"href":"https:\/\/roveyayinevi.com.tr\/index.php\/wp-json\/wp\/v2\/product_brand?post=756679"},{"taxonomy":"product_cat","embeddable":true,"href":"https:\/\/roveyayinevi.com.tr\/index.php\/wp-json\/wp\/v2\/product_cat?post=756679"},{"taxonomy":"product_tag","embeddable":true,"href":"https:\/\/roveyayinevi.com.tr\/index.php\/wp-json\/wp\/v2\/product_tag?post=756679"}],"curies":[{"name":"wp","href":"https:\/\/api.w.org\/{rel}","templated":true}]}}