{"id":756675,"date":"2025-08-28T07:14:24","date_gmt":"2025-08-28T04:14:24","guid":{"rendered":"https:\/\/roveyayinevi.com.tr\/index.php\/urun\/2025-kpss-gygk-kazandiran-deneme-sinavi-seti-10-fasikul-67-deneme\/"},"modified":"2026-04-16T03:09:40","modified_gmt":"2026-04-16T00:09:40","slug":"2025-kpss-gygk-kazandiran-deneme-sinavi-seti-10-fasikul-67-deneme","status":"publish","type":"product","link":"https:\/\/roveyayinevi.com.tr\/index.php\/urun\/2025-kpss-gygk-kazandiran-deneme-sinavi-seti-10-fasikul-67-deneme\/","title":{"rendered":"2025 KPSS GYGK Kazand\u0131ran Deneme S\u0131nav\u0131 Seti 10 Fasik\u00fcl 67 Deneme"},"content":{"rendered":"<p>2024 KPSS GYGK Kazand\u0131ran Deneme S\u0131nav\u0131 Seti 10 Fasik\u00fcl 67 Deneme<\/p>\n","protected":false},"excerpt":{"rendered":"<p>2024 KPSS GYGK Kazand\u0131ran Deneme S\u0131nav\u0131 Seti 10 Fasik\u00fcl 67 Deneme<\/p>\n","protected":false},"featured_media":0,"template":"","meta":{"_monsterinsights_skip_tracking":false,"_monsterinsights_sitenote_active":false,"_monsterinsights_sitenote_note":"","_monsterinsights_sitenote_category":0},"product_brand":[],"product_cat":[12566,122237,25157,13473],"product_tag":[],"class_list":{"0":"post-756675","1":"product","2":"type-product","3":"status-publish","5":"product_cat-egitim","6":"product_cat-kpss-denemeler","7":"product_cat-kpss-kitaplari","8":"product_cat-sinavlara-hazirlik-okula-yardimci-kaynaklar","9":"pa_cilt-ciltsiz","10":"pa_tur-kitap","11":"pa_yayinevi-marka-yayinlari","12":"pa_yazar-marka-komisyon","14":"first","15":"instock","16":"sale","17":"shipping-taxable","18":"purchasable","19":"product-type-simple"},"_links":{"self":[{"href":"https:\/\/roveyayinevi.com.tr\/index.php\/wp-json\/wp\/v2\/product\/756675","targetHints":{"allow":["GET"]}}],"collection":[{"href":"https:\/\/roveyayinevi.com.tr\/index.php\/wp-json\/wp\/v2\/product"}],"about":[{"href":"https:\/\/roveyayinevi.com.tr\/index.php\/wp-json\/wp\/v2\/types\/product"}],"wp:attachment":[{"href":"https:\/\/roveyayinevi.com.tr\/index.php\/wp-json\/wp\/v2\/media?parent=756675"}],"wp:term":[{"taxonomy":"product_brand","embeddable":true,"href":"https:\/\/roveyayinevi.com.tr\/index.php\/wp-json\/wp\/v2\/product_brand?post=756675"},{"taxonomy":"product_cat","embeddable":true,"href":"https:\/\/roveyayinevi.com.tr\/index.php\/wp-json\/wp\/v2\/product_cat?post=756675"},{"taxonomy":"product_tag","embeddable":true,"href":"https:\/\/roveyayinevi.com.tr\/index.php\/wp-json\/wp\/v2\/product_tag?post=756675"}],"curies":[{"name":"wp","href":"https:\/\/api.w.org\/{rel}","templated":true}]}}