{"id":756669,"date":"2025-08-28T07:14:16","date_gmt":"2025-08-28T04:14:16","guid":{"rendered":"https:\/\/roveyayinevi.com.tr\/index.php\/urun\/alice-aynanin-icinden-2\/"},"modified":"2026-04-16T03:09:40","modified_gmt":"2026-04-16T00:09:40","slug":"alice-aynanin-icinden-2","status":"publish","type":"product","link":"https:\/\/roveyayinevi.com.tr\/index.php\/urun\/alice-aynanin-icinden-2\/","title":{"rendered":"Alice Aynan\u0131n \u0130\u00e7inden"},"content":{"rendered":"<p>Alice&#8217;in harikalarla dolu b\u00fcy\u00fcl\u00fc d\u00fcnyas\u0131na girmeye haz\u0131r m\u0131s\u0131n\u0131z? Bir aynaya yak\u0131ndan bakmak ne kadar heyecanl\u0131 olabilir\u2026 Alice bu kez aynalar\u0131n gizemli d\u00fcnyas\u0131na do\u011fru e\u011flenceli bir yolculu\u011fa \u00e7\u0131k\u0131yor. \u00dcstelik bu yolculukta yaln\u0131z de\u011fil; sevimli kedisi de onunla birlikte! Alice, kedisiyle birlikte evdeki aynan\u0131n i\u00e7ine girdi\u011fi andan itibaren bu d\u00fcnyada bir terslik oldu\u011funu fark ediyor. Ters duran biblolar, kitaplar, yaz\u0131lar\u2026 Hatta zaman bile burada tersine ak\u0131yor! Her \u015fey tan\u0131d\u0131k ama bir o kadar da kafa kar\u0131\u015ft\u0131r\u0131c\u0131. Yine de Alice&#8217;in bu gizemli maceradan \u00e7abuk d\u00f6nmeye hi\u00e7 niyeti yok\u2026 <\/p>\n","protected":false},"excerpt":{"rendered":"<p>Alice&#8217;in harikalarla dolu b\u00fcy\u00fcl\u00fc d\u00fcnyas\u0131na girmeye haz\u0131r m\u0131s\u0131n\u0131z? Bir aynaya yak\u0131ndan bakmak ne kadar heyecanl\u0131 olabilir\u2026 Alice bu kez aynalar\u0131n gizemli d\u00fcnyas\u0131na do\u011fru e\u011flenceli bir yolculu\u011fa<span class=\"excerpt-hellip\"> [\u2026]<\/span><\/p>\n","protected":false},"featured_media":0,"template":"","meta":{"_monsterinsights_skip_tracking":false,"_monsterinsights_sitenote_active":false,"_monsterinsights_sitenote_note":"","_monsterinsights_sitenote_category":0},"product_brand":[],"product_cat":[12274],"product_tag":[],"class_list":{"0":"post-756669","1":"product","2":"type-product","3":"status-publish","5":"product_cat-cocuk-ve-genclik-kitaplari","6":"pa_cilt-ciltsiz","7":"pa_tur-kitap","8":"pa_yayinevi-arkadas-yayinlari","9":"pa_yazar-lewis-carroll","11":"first","12":"instock","13":"sale","14":"shipping-taxable","15":"purchasable","16":"product-type-simple"},"_links":{"self":[{"href":"https:\/\/roveyayinevi.com.tr\/index.php\/wp-json\/wp\/v2\/product\/756669","targetHints":{"allow":["GET"]}}],"collection":[{"href":"https:\/\/roveyayinevi.com.tr\/index.php\/wp-json\/wp\/v2\/product"}],"about":[{"href":"https:\/\/roveyayinevi.com.tr\/index.php\/wp-json\/wp\/v2\/types\/product"}],"wp:attachment":[{"href":"https:\/\/roveyayinevi.com.tr\/index.php\/wp-json\/wp\/v2\/media?parent=756669"}],"wp:term":[{"taxonomy":"product_brand","embeddable":true,"href":"https:\/\/roveyayinevi.com.tr\/index.php\/wp-json\/wp\/v2\/product_brand?post=756669"},{"taxonomy":"product_cat","embeddable":true,"href":"https:\/\/roveyayinevi.com.tr\/index.php\/wp-json\/wp\/v2\/product_cat?post=756669"},{"taxonomy":"product_tag","embeddable":true,"href":"https:\/\/roveyayinevi.com.tr\/index.php\/wp-json\/wp\/v2\/product_tag?post=756669"}],"curies":[{"name":"wp","href":"https:\/\/api.w.org\/{rel}","templated":true}]}}