{"id":756654,"date":"2025-08-28T07:13:59","date_gmt":"2025-08-28T04:13:59","guid":{"rendered":"https:\/\/roveyayinevi.com.tr\/index.php\/urun\/kara-cali\/"},"modified":"2026-04-16T03:09:39","modified_gmt":"2026-04-16T00:09:39","slug":"kara-cali","status":"publish","type":"product","link":"https:\/\/roveyayinevi.com.tr\/index.php\/urun\/kara-cali\/","title":{"rendered":"Kara \u00c7al\u0131"},"content":{"rendered":"<p>Bir \u00e7ocuk olsam, K\u00f6y harman\u0131nda. Elinde kuru ekmek, S\u0131rt\u0131nda yamal\u0131 urba.   Bir elinde de\u011fnekten, Oyuncak bir at\u0131yla. Bir \u00e7ocuk olsam, O g\u00fcnk\u00fc s\u0131cakl\u0131\u011f\u0131yla.   Sokakta k\u0131zak kaysam, K\u0131rda \u00e7i\u011fdem toplasam. Lastik ayakkab\u0131l\u0131, K\u00f6yl\u00fc bir \u00e7ocuk olsam. <\/p>\n","protected":false},"excerpt":{"rendered":"<p>Bir \u00e7ocuk olsam, K\u00f6y harman\u0131nda. Elinde kuru ekmek, S\u0131rt\u0131nda yamal\u0131 urba. Bir elinde de\u011fnekten, Oyuncak bir at\u0131yla. Bir \u00e7ocuk olsam, O g\u00fcnk\u00fc s\u0131cakl\u0131\u011f\u0131yla. Sokakta k\u0131zak kaysam,<span class=\"excerpt-hellip\"> [\u2026]<\/span><\/p>\n","protected":false},"featured_media":0,"template":"","meta":{"_monsterinsights_skip_tracking":false,"_monsterinsights_sitenote_active":false,"_monsterinsights_sitenote_note":"","_monsterinsights_sitenote_category":0},"product_brand":[],"product_cat":[12291,12509],"product_tag":[],"class_list":{"0":"post-756654","1":"product","2":"type-product","3":"status-publish","5":"product_cat-edebiyat","6":"product_cat-siir","7":"pa_cilt-ciltsiz","8":"pa_tur-kitap","9":"pa_yayinevi-doksan-dokuz-yayinlari","10":"pa_yazar-ferhat-oyanik","12":"first","13":"instock","14":"sale","15":"shipping-taxable","16":"purchasable","17":"product-type-simple"},"_links":{"self":[{"href":"https:\/\/roveyayinevi.com.tr\/index.php\/wp-json\/wp\/v2\/product\/756654","targetHints":{"allow":["GET"]}}],"collection":[{"href":"https:\/\/roveyayinevi.com.tr\/index.php\/wp-json\/wp\/v2\/product"}],"about":[{"href":"https:\/\/roveyayinevi.com.tr\/index.php\/wp-json\/wp\/v2\/types\/product"}],"wp:attachment":[{"href":"https:\/\/roveyayinevi.com.tr\/index.php\/wp-json\/wp\/v2\/media?parent=756654"}],"wp:term":[{"taxonomy":"product_brand","embeddable":true,"href":"https:\/\/roveyayinevi.com.tr\/index.php\/wp-json\/wp\/v2\/product_brand?post=756654"},{"taxonomy":"product_cat","embeddable":true,"href":"https:\/\/roveyayinevi.com.tr\/index.php\/wp-json\/wp\/v2\/product_cat?post=756654"},{"taxonomy":"product_tag","embeddable":true,"href":"https:\/\/roveyayinevi.com.tr\/index.php\/wp-json\/wp\/v2\/product_tag?post=756654"}],"curies":[{"name":"wp","href":"https:\/\/api.w.org\/{rel}","templated":true}]}}