{"id":756652,"date":"2025-08-28T07:13:56","date_gmt":"2025-08-28T04:13:56","guid":{"rendered":"https:\/\/roveyayinevi.com.tr\/index.php\/urun\/sapiensin-en-buyuk-basarilari\/"},"modified":"2026-04-16T03:09:39","modified_gmt":"2026-04-16T00:09:39","slug":"sapiensin-en-buyuk-basarilari","status":"publish","type":"product","link":"https:\/\/roveyayinevi.com.tr\/index.php\/urun\/sapiensin-en-buyuk-basarilari\/","title":{"rendered":"Sapiens\u2019in En Bu\u0308yu\u0308k Ba\u015far\u0131lar\u0131"},"content":{"rendered":"<p>Sapiens\u2019in En B\u00fcy\u00fck Ba\u015far\u0131lar\u0131 insan\u0131n k\u0131sa tarihini anlat\u0131yor ama biraz farkl\u0131 bir tarzda; yer yer alayc\u0131, esprili bir dille ve hi\u00e7 s\u00f6z\u00fcn\u00fc esirgemeden. Birka\u00e7 bin y\u0131ll\u0131k insan uygarl\u0131\u011f\u0131na \u015f\u00f6yle bir g\u00f6z atman\u0131n \u015fimdi tam s\u0131ras\u0131. Evet, insan, iklim felaketinden \u00f6t\u00fcr\u00fc belki de gezegeni ve kendini mahvetmek \u00fczere, ama yapt\u0131\u011f\u0131 iyi \u015feyler de var. Tim Wolff, Homo sapiens\u2019in gezegene egemen oldu\u011fu s\u00fcre i\u00e7erisinde kaydetti\u011fi en b\u00fcy\u00fck ba\u015far\u0131lar\u0131 so\u011fukkanl\u0131 bir tav\u0131rla de\u011ferlendiriyor.  \u0130nsan\u0131n en eski en b\u00fcy\u00fck bulu\u015fu olan ekmekten en yeni en b\u00fcy\u00fck bulu\u015fu olan cep telefonuna kadar pek \u00e7ok konu \u00fczerinde durduktan sonra s\u0131ra onun as\u0131l en b\u00fcy\u00fck ba\u015far\u0131s\u0131na geliyor: Gelecek. Wolff\u2019e g\u00f6re insan evrim s\u00fcrecine m\u00fcdahale ederek kendine bir gelecek yaratm\u0131\u015f ve daha iyisini yaratabilecek tek canl\u0131 t\u00fcr\u00fc. Ama bunun fark\u0131na varmas\u0131 ve ger\u00e7ekten istemesi gerekiyor\u2026 <\/p>\n","protected":false},"excerpt":{"rendered":"<p>Sapiens\u2019in En B\u00fcy\u00fck Ba\u015far\u0131lar\u0131 insan\u0131n k\u0131sa tarihini anlat\u0131yor ama biraz farkl\u0131 bir tarzda; yer yer alayc\u0131, esprili bir dille ve hi\u00e7 s\u00f6z\u00fcn\u00fc esirgemeden. Birka\u00e7 bin y\u0131ll\u0131k<span class=\"excerpt-hellip\"> [\u2026]<\/span><\/p>\n","protected":false},"featured_media":0,"template":"","meta":{"_monsterinsights_skip_tracking":false,"_monsterinsights_sitenote_active":false,"_monsterinsights_sitenote_note":"","_monsterinsights_sitenote_category":0},"product_brand":[],"product_cat":[13005],"product_tag":[],"class_list":{"0":"post-756652","1":"product","2":"type-product","3":"status-publish","5":"product_cat-bilim-muhendislik","6":"pa_cilt-ciltsiz","7":"pa_tur-kitap","8":"pa_yayinevi-say-yayinlari","9":"pa_yazar-tim-wolff","11":"first","12":"instock","13":"sale","14":"shipping-taxable","15":"purchasable","16":"product-type-simple"},"_links":{"self":[{"href":"https:\/\/roveyayinevi.com.tr\/index.php\/wp-json\/wp\/v2\/product\/756652","targetHints":{"allow":["GET"]}}],"collection":[{"href":"https:\/\/roveyayinevi.com.tr\/index.php\/wp-json\/wp\/v2\/product"}],"about":[{"href":"https:\/\/roveyayinevi.com.tr\/index.php\/wp-json\/wp\/v2\/types\/product"}],"wp:attachment":[{"href":"https:\/\/roveyayinevi.com.tr\/index.php\/wp-json\/wp\/v2\/media?parent=756652"}],"wp:term":[{"taxonomy":"product_brand","embeddable":true,"href":"https:\/\/roveyayinevi.com.tr\/index.php\/wp-json\/wp\/v2\/product_brand?post=756652"},{"taxonomy":"product_cat","embeddable":true,"href":"https:\/\/roveyayinevi.com.tr\/index.php\/wp-json\/wp\/v2\/product_cat?post=756652"},{"taxonomy":"product_tag","embeddable":true,"href":"https:\/\/roveyayinevi.com.tr\/index.php\/wp-json\/wp\/v2\/product_tag?post=756652"}],"curies":[{"name":"wp","href":"https:\/\/api.w.org\/{rel}","templated":true}]}}