{"id":756650,"date":"2025-08-28T07:13:54","date_gmt":"2025-08-28T04:13:54","guid":{"rendered":"https:\/\/roveyayinevi.com.tr\/index.php\/urun\/101-soruda-antik-cag\/"},"modified":"2026-04-16T03:09:39","modified_gmt":"2026-04-16T00:09:39","slug":"101-soruda-antik-cag","status":"publish","type":"product","link":"https:\/\/roveyayinevi.com.tr\/index.php\/urun\/101-soruda-antik-cag\/","title":{"rendered":"101 Soruda Antik \u00c7a\u011f"},"content":{"rendered":"<p>Antik \u00c7a\u011f nedir? Atina demokrasisi nas\u0131l i\u015fledi? Romal\u0131lar hangi t\u0131bbi bilgilere sahiplerdi? Roma \u0130mparatorlu\u011fu neden \u00e7\u00f6kt\u00fc? Yunan trajedi ve komedyalar\u0131n\u0131n siyasi bir i\u015flevi var m\u0131yd\u0131? K\u00f6leler ve azat edilmi\u015flerin ya\u015famlar\u0131 nas\u0131ld\u0131? Bir \u00e7ocu\u011fun do\u011fumunda hangi kutlamalar yap\u0131l\u0131rd\u0131? H\u0131ristiyanl\u0131\u011f\u0131n y\u00fckseli\u015fini kolayla\u015ft\u0131ran fakt\u00f6rler nelerdir? Stefan Rebenich en \u00f6nemli 101 soruya bazen \u015fa\u015f\u0131rt\u0131c\u0131 yan\u0131tlar verirken her bir sorunun yan\u0131t\u0131 bir sonraki soruyu merak etmenizi sa\u011fl\u0131yor. Antik \u00c7a\u011f\u2019a dair bilmek istedi\u011finiz her \u015feyi burada bulacaks\u0131n\u0131z. <\/p>\n","protected":false},"excerpt":{"rendered":"<p>Antik \u00c7a\u011f nedir? Atina demokrasisi nas\u0131l i\u015fledi? Romal\u0131lar hangi t\u0131bbi bilgilere sahiplerdi? Roma \u0130mparatorlu\u011fu neden \u00e7\u00f6kt\u00fc? Yunan trajedi ve komedyalar\u0131n\u0131n siyasi bir i\u015flevi var m\u0131yd\u0131? K\u00f6leler<span class=\"excerpt-hellip\"> [\u2026]<\/span><\/p>\n","protected":false},"featured_media":0,"template":"","meta":{"_monsterinsights_skip_tracking":false,"_monsterinsights_sitenote_active":false,"_monsterinsights_sitenote_note":"","_monsterinsights_sitenote_category":0},"product_brand":[],"product_cat":[12304],"product_tag":[],"class_list":{"0":"post-756650","1":"product","2":"type-product","3":"status-publish","5":"product_cat-tarih","6":"pa_cilt-ciltsiz","7":"pa_tur-kitap","8":"pa_yayinevi-say-yayinlari","9":"pa_yazar-stefan-rebenich","11":"first","12":"instock","13":"sale","14":"shipping-taxable","15":"purchasable","16":"product-type-simple"},"_links":{"self":[{"href":"https:\/\/roveyayinevi.com.tr\/index.php\/wp-json\/wp\/v2\/product\/756650","targetHints":{"allow":["GET"]}}],"collection":[{"href":"https:\/\/roveyayinevi.com.tr\/index.php\/wp-json\/wp\/v2\/product"}],"about":[{"href":"https:\/\/roveyayinevi.com.tr\/index.php\/wp-json\/wp\/v2\/types\/product"}],"wp:attachment":[{"href":"https:\/\/roveyayinevi.com.tr\/index.php\/wp-json\/wp\/v2\/media?parent=756650"}],"wp:term":[{"taxonomy":"product_brand","embeddable":true,"href":"https:\/\/roveyayinevi.com.tr\/index.php\/wp-json\/wp\/v2\/product_brand?post=756650"},{"taxonomy":"product_cat","embeddable":true,"href":"https:\/\/roveyayinevi.com.tr\/index.php\/wp-json\/wp\/v2\/product_cat?post=756650"},{"taxonomy":"product_tag","embeddable":true,"href":"https:\/\/roveyayinevi.com.tr\/index.php\/wp-json\/wp\/v2\/product_tag?post=756650"}],"curies":[{"name":"wp","href":"https:\/\/api.w.org\/{rel}","templated":true}]}}