{"id":756649,"date":"2025-08-28T07:13:53","date_gmt":"2025-08-28T04:13:53","guid":{"rendered":"https:\/\/roveyayinevi.com.tr\/index.php\/urun\/2025-ales-youtube-hocam-sayilar-cebir-soru-bankasi\/"},"modified":"2026-04-02T03:20:35","modified_gmt":"2026-04-02T00:20:35","slug":"2025-ales-youtube-hocam-sayilar-cebir-soru-bankasi","status":"publish","type":"product","link":"https:\/\/roveyayinevi.com.tr\/index.php\/urun\/2025-ales-youtube-hocam-sayilar-cebir-soru-bankasi\/","title":{"rendered":"2025 ALES Youtube Hocam Say\u0131lar Cebir Soru Bankas\u0131"},"content":{"rendered":"<p>2024 ALES Youtube Hocam Say\u0131lar Cebir Soru Bankas\u0131<\/p>\n","protected":false},"excerpt":{"rendered":"<p>2024 ALES Youtube Hocam Say\u0131lar Cebir Soru Bankas\u0131<\/p>\n","protected":false},"featured_media":0,"template":"","meta":{"_monsterinsights_skip_tracking":false,"_monsterinsights_sitenote_active":false,"_monsterinsights_sitenote_note":"","_monsterinsights_sitenote_category":0},"product_brand":[],"product_cat":[122172,122173,12566,13473],"product_tag":[],"class_list":{"0":"post-756649","1":"product","2":"type-product","3":"status-publish","5":"product_cat-ales-kitaplari","6":"product_cat-ales-soru-bankasi","7":"product_cat-egitim","8":"product_cat-sinavlara-hazirlik-okula-yardimci-kaynaklar","9":"pa_cilt-ciltli","10":"pa_tur-kitap","11":"pa_yayinevi-marka-yayinlari","12":"pa_yazar-yasin-kara","14":"first","15":"instock","16":"sale","17":"shipping-taxable","18":"purchasable","19":"product-type-simple"},"_links":{"self":[{"href":"https:\/\/roveyayinevi.com.tr\/index.php\/wp-json\/wp\/v2\/product\/756649","targetHints":{"allow":["GET"]}}],"collection":[{"href":"https:\/\/roveyayinevi.com.tr\/index.php\/wp-json\/wp\/v2\/product"}],"about":[{"href":"https:\/\/roveyayinevi.com.tr\/index.php\/wp-json\/wp\/v2\/types\/product"}],"wp:attachment":[{"href":"https:\/\/roveyayinevi.com.tr\/index.php\/wp-json\/wp\/v2\/media?parent=756649"}],"wp:term":[{"taxonomy":"product_brand","embeddable":true,"href":"https:\/\/roveyayinevi.com.tr\/index.php\/wp-json\/wp\/v2\/product_brand?post=756649"},{"taxonomy":"product_cat","embeddable":true,"href":"https:\/\/roveyayinevi.com.tr\/index.php\/wp-json\/wp\/v2\/product_cat?post=756649"},{"taxonomy":"product_tag","embeddable":true,"href":"https:\/\/roveyayinevi.com.tr\/index.php\/wp-json\/wp\/v2\/product_tag?post=756649"}],"curies":[{"name":"wp","href":"https:\/\/api.w.org\/{rel}","templated":true}]}}