{"id":756647,"date":"2025-08-28T07:13:51","date_gmt":"2025-08-28T04:13:51","guid":{"rendered":"https:\/\/roveyayinevi.com.tr\/index.php\/urun\/icindeki-samani-uyandir\/"},"modified":"2026-04-08T03:17:36","modified_gmt":"2026-04-08T00:17:36","slug":"icindeki-samani-uyandir","status":"publish","type":"product","link":"https:\/\/roveyayinevi.com.tr\/index.php\/urun\/icindeki-samani-uyandir\/","title":{"rendered":"\u0130\u00e7indeki \u015eaman\u0131 Uyand\u0131r"},"content":{"rendered":"<p>Hayat\u0131n\u0131zda kar\u015f\u0131n\u0131za \u00e7\u0131kan \u00e7at\u0131\u015fmalar ve krizler asl\u0131nda birer i\u015farettir: \u0130\u00e7inizdeki \u015faman\u0131 uyand\u0131rman\u0131n vakti gelmi\u015f demektir. Ruh\u2019tan gelen bu \u00e7a\u011fr\u0131ya yan\u0131t vermek i\u00e7in s\u0131k kullan\u0131lan yollardan biri, bir usta ile \u00e7al\u0131\u015fmak ve \u00e7e\u015fitli inisiyeler almakt\u0131r. Marcela Lobos, ikinci bir yolun varl\u0131\u011f\u0131na i\u015faret ediyor ve kendi yolundan y\u00fcr\u00fcmek isteyenleri, i\u00e7sel bilgelikleriyle bulu\u015facaklar\u0131, \u015famanik y\u00f6ntemler \u00f6\u011frenecekleri ve me\u015fhur kahraman\u0131n yolculu\u011fu ile kendilerini ger\u00e7ekle\u015ftirecekleri bir maceraya davet ediyor.  \u0130\u00e7indeki \u015eaman\u0131 Uyand\u0131r, okurlar\u0131, arad\u0131klar\u0131 doyumu sunmayan hayatlar\u0131ndan \u00e7\u0131k\u0131p ruhani anlay\u0131\u015f ve derin d\u00f6n\u00fc\u015f\u00fcm i\u00e7in ilk ad\u0131mlar\u0131 atmaya davet ediyor. Bu macerada okura, d\u00fcnyan\u0131n en sayg\u0131n \u015famanik rehberlerinden Marcela Lobos e\u015flik ediyor ve ruhun karanl\u0131k gecesinden \u00e7\u0131k\u0131p manevi yolda nas\u0131l derinle\u015febilece\u011fimizi, Carl Jung\u2019un bireyle\u015fme s\u00fcreci ve arketipsel kahraman\u0131n yolculu\u011fu haritas\u0131n\u0131 takip ederek aktar\u0131yor. \u201cMarcela Lobos\u2019un umutsuzluktan cesarete g\u00f6t\u00fcren e\u015fsiz ve nefes kesici bir harita yaratmak i\u00e7in yapt\u0131\u011f\u0131 \u015famanik \u00e7al\u0131\u015fmalar\u0131 ve kahraman\u0131n yolculu\u011funu anlatt\u0131\u011f\u0131 bu heyecanl\u0131, cesur hik\u00e2yeyi okuyun. Bu ilham verici kitab\u0131n sayfalar\u0131nda, bir \u015fifac\u0131 olmak i\u00e7in deneyimledi\u011fi ola\u011fan\u00fcst\u00fc, \u00f6zg\u00fcn \u015famanik inisiyasyonda Marcela\u2019ya e\u015flik ediyoruz. Onun hik\u00e2yesi bize, arad\u0131\u011f\u0131m\u0131z sihrin ve bereketin biz fark etmesek de etraf\u0131m\u0131zda, g\u00f6z\u00fcm\u00fcz\u00fcn \u00f6n\u00fcnde oldu\u011funu s\u00f6yl\u00fcyor ve bunu nas\u0131l bulaca\u011f\u0131m\u0131z\u0131 g\u00f6steriyor. Kitab\u0131 elimden b\u0131rakamad\u0131m!\u201d \u2014 Colette Baron-Reid <\/p>\n","protected":false},"excerpt":{"rendered":"<p>Hayat\u0131n\u0131zda kar\u015f\u0131n\u0131za \u00e7\u0131kan \u00e7at\u0131\u015fmalar ve krizler asl\u0131nda birer i\u015farettir: \u0130\u00e7inizdeki \u015faman\u0131 uyand\u0131rman\u0131n vakti gelmi\u015f demektir. Ruh\u2019tan gelen bu \u00e7a\u011fr\u0131ya yan\u0131t vermek i\u00e7in s\u0131k kullan\u0131lan yollardan biri,<span class=\"excerpt-hellip\"> [\u2026]<\/span><\/p>\n","protected":false},"featured_media":0,"template":"","meta":{"_monsterinsights_skip_tracking":false,"_monsterinsights_sitenote_active":false,"_monsterinsights_sitenote_note":"","_monsterinsights_sitenote_category":0},"product_brand":[],"product_cat":[12364,12376],"product_tag":[],"class_list":{"0":"post-756647","1":"product","2":"type-product","3":"status-publish","5":"product_cat-genel-konular","6":"product_cat-kisisel-gelisim","7":"pa_cilt-ciltsiz","8":"pa_tur-kitap","9":"pa_yayinevi-omega","10":"pa_yazar-marcela-lobos","12":"first","13":"instock","14":"sale","15":"shipping-taxable","16":"purchasable","17":"product-type-simple"},"_links":{"self":[{"href":"https:\/\/roveyayinevi.com.tr\/index.php\/wp-json\/wp\/v2\/product\/756647","targetHints":{"allow":["GET"]}}],"collection":[{"href":"https:\/\/roveyayinevi.com.tr\/index.php\/wp-json\/wp\/v2\/product"}],"about":[{"href":"https:\/\/roveyayinevi.com.tr\/index.php\/wp-json\/wp\/v2\/types\/product"}],"wp:attachment":[{"href":"https:\/\/roveyayinevi.com.tr\/index.php\/wp-json\/wp\/v2\/media?parent=756647"}],"wp:term":[{"taxonomy":"product_brand","embeddable":true,"href":"https:\/\/roveyayinevi.com.tr\/index.php\/wp-json\/wp\/v2\/product_brand?post=756647"},{"taxonomy":"product_cat","embeddable":true,"href":"https:\/\/roveyayinevi.com.tr\/index.php\/wp-json\/wp\/v2\/product_cat?post=756647"},{"taxonomy":"product_tag","embeddable":true,"href":"https:\/\/roveyayinevi.com.tr\/index.php\/wp-json\/wp\/v2\/product_tag?post=756647"}],"curies":[{"name":"wp","href":"https:\/\/api.w.org\/{rel}","templated":true}]}}