{"id":756646,"date":"2025-08-28T07:13:50","date_gmt":"2025-08-28T04:13:50","guid":{"rendered":"https:\/\/roveyayinevi.com.tr\/index.php\/urun\/annem-bir-sizofren\/"},"modified":"2026-04-16T03:09:39","modified_gmt":"2026-04-16T00:09:39","slug":"annem-bir-sizofren","status":"publish","type":"product","link":"https:\/\/roveyayinevi.com.tr\/index.php\/urun\/annem-bir-sizofren\/","title":{"rendered":"Annem Bir \u015eizofren"},"content":{"rendered":"<p>Claire Phillips\u2019in orta ya\u015fta paranoid \u015fizofreni te\u015fhisi konulan, Oxford mezunu ve iyi e\u011fitimli bir avukat olan annesi hakk\u0131nda yaz\u0131lm\u0131\u015f bu kitap, bu denli ciddi bir ak\u0131l hastal\u0131\u011f\u0131n\u0131n bir ebeveynin ve \u00e7ocu\u011funun hayat\u0131 \u00fczerindeki \u00e7arp\u0131c\u0131 etkisini g\u00f6zler \u00f6n\u00fcne seriyor. Yazar zarif anlat\u0131m\u0131yla, b\u00f6yle bir ebeveynle ya\u015faman\u0131n, kronikle\u015fen ataklar\u0131n ve ya\u015fland\u0131k\u00e7a ona bak\u0131m vermeye devam etmenin zorluklar\u0131n\u0131 da okuyucuyla ilk a\u011f\u0131zdan payla\u015f\u0131yor. Hik\u00e2yeyi ancak annesinin hastal\u0131\u011f\u0131n\u0131n 73 ya\u015f\u0131nda son kez n\u00fcksetmesinin ard\u0131ndan anlatmaya  ba\u015flayan ve par\u00e7a par\u00e7a bizzat tecr\u00fcbe etti\u011fi an\u0131lar\u0131n\u0131 payla\u015fan Phillips, \u015fizofreni hastal\u0131\u011f\u0131n\u0131n ayn\u0131 zamanda 20. y\u00fczy\u0131l feminizminin evrimi s\u0131ras\u0131nda onunla m\u00fccadele eden bir kad\u0131n\u0131n ya\u015fam\u0131na nas\u0131l etki etti\u011fine, yanl\u0131\u015f tedavilere, ge\u00e7 konulan tan\u0131lara, ekonomik problemlere ve toplumsal cinsiyet e\u015fitsizli\u011fine de de\u011finiyor.    Annem Bir \u015eizofren sizi zaman t\u00fcnelinde yazarla bir yolculu\u011fa \u00e7\u0131kar\u0131rken, k\u00fc\u00e7\u00fck ve her \u015feyden habersiz bir k\u0131z \u00e7ocu\u011funun an\u0131lar\u0131ndan ba\u015flay\u0131p gen\u00e7 bir kad\u0131n olana dek ge\u00e7en s\u00fcre\u00e7te, anne-k\u0131z\u0131n zorlu psikolojik m\u00fccadelesine \u015fahit olman\u0131z\u0131 sa\u011flayan, adeta duygusal bir rehber niteli\u011finde. <\/p>\n","protected":false},"excerpt":{"rendered":"<p>Claire Phillips\u2019in orta ya\u015fta paranoid \u015fizofreni te\u015fhisi konulan, Oxford mezunu ve iyi e\u011fitimli bir avukat olan annesi hakk\u0131nda yaz\u0131lm\u0131\u015f bu kitap, bu denli ciddi bir ak\u0131l<span class=\"excerpt-hellip\"> [\u2026]<\/span><\/p>\n","protected":false},"featured_media":0,"template":"","meta":{"_monsterinsights_skip_tracking":false,"_monsterinsights_sitenote_active":false,"_monsterinsights_sitenote_note":"","_monsterinsights_sitenote_category":0},"product_brand":[],"product_cat":[12357],"product_tag":[],"class_list":{"0":"post-756646","1":"product","2":"type-product","3":"status-publish","5":"product_cat-psikoloji","6":"pa_cilt-ciltsiz","7":"pa_tur-kitap","8":"pa_yayinevi-say-yayinlari","9":"pa_yazar-claire-phillips","11":"first","12":"instock","13":"sale","14":"shipping-taxable","15":"purchasable","16":"product-type-simple"},"_links":{"self":[{"href":"https:\/\/roveyayinevi.com.tr\/index.php\/wp-json\/wp\/v2\/product\/756646","targetHints":{"allow":["GET"]}}],"collection":[{"href":"https:\/\/roveyayinevi.com.tr\/index.php\/wp-json\/wp\/v2\/product"}],"about":[{"href":"https:\/\/roveyayinevi.com.tr\/index.php\/wp-json\/wp\/v2\/types\/product"}],"wp:attachment":[{"href":"https:\/\/roveyayinevi.com.tr\/index.php\/wp-json\/wp\/v2\/media?parent=756646"}],"wp:term":[{"taxonomy":"product_brand","embeddable":true,"href":"https:\/\/roveyayinevi.com.tr\/index.php\/wp-json\/wp\/v2\/product_brand?post=756646"},{"taxonomy":"product_cat","embeddable":true,"href":"https:\/\/roveyayinevi.com.tr\/index.php\/wp-json\/wp\/v2\/product_cat?post=756646"},{"taxonomy":"product_tag","embeddable":true,"href":"https:\/\/roveyayinevi.com.tr\/index.php\/wp-json\/wp\/v2\/product_tag?post=756646"}],"curies":[{"name":"wp","href":"https:\/\/api.w.org\/{rel}","templated":true}]}}