{"id":756645,"date":"2025-08-28T07:13:48","date_gmt":"2025-08-28T04:13:48","guid":{"rendered":"https:\/\/roveyayinevi.com.tr\/index.php\/urun\/ejderha-bakicisi-seti\/"},"modified":"2026-04-16T03:09:39","modified_gmt":"2026-04-16T00:09:39","slug":"ejderha-bakicisi-seti","status":"publish","type":"product","link":"https:\/\/roveyayinevi.com.tr\/index.php\/urun\/ejderha-bakicisi-seti\/","title":{"rendered":"Ejderha Bak\u0131c\u0131s\u0131 Seti"},"content":{"rendered":"<p>Sevgili Morton Day\u0131, Hemen \u015fu anda bir u\u00e7a\u011fa atlay\u0131p buraya gelsen iyi edersin. Ejderhan, Jemima\u2019y\u0131 yedi. Emily, o tav\u015fan\u0131 severdi!                                           Art\u0131k gitsem iyi olacak. Yan\u0131k kokusu al\u0131yorum. Eddie EDDIE\u2019nin sadece bir hafta boyunca MORTON DAYISININ s\u0131ra d\u0131\u015f\u0131 evcil hayvan\u0131na g\u00f6z kulak olmas\u0131 gerekiyordu. Ba\u015fta her \u015fey \u00e7ok basit gibi g\u00f6r\u00fcnm\u00fc\u015ft\u00fc\u2026 Me\u011fer bir EJDERHAYA bakmak o kadar da kolay de\u011filmi\u015f. \u00c7ok k\u0131sa bir s\u00fcre i\u00e7inde buzdolab\u0131 bo\u015fald\u0131, perdeler yand\u0131 ve postac\u0131 ko\u015farak uzakla\u015ft\u0131\u2026 PEK\u0130 \u015e\u0130MD\u0130 EDDIE NE YAPACAK? ***Sevgili Morton Day\u0131, Rahats\u0131z edilmek istemedi\u011fini biliyorum ama sana k\u00f6t\u00fc bir haberim var. Ziggy kayboldu. Onu aramal\u0131 m\u0131y\u0131z, Morton day\u0131? Aramam\u0131z gerekiyorsa da nereye bakmal\u0131y\u0131z? Eddie Eddie, EJDERHA BAKICILI\u011eININ bu sefer kolay olaca\u011f\u0131n\u0131 san\u0131yordu. <\/p>\n","protected":false},"excerpt":{"rendered":"<p>Sevgili Morton Day\u0131, Hemen \u015fu anda bir u\u00e7a\u011fa atlay\u0131p buraya gelsen iyi edersin. Ejderhan, Jemima\u2019y\u0131 yedi. Emily, o tav\u015fan\u0131 severdi! Art\u0131k gitsem iyi olacak. Yan\u0131k kokusu<span class=\"excerpt-hellip\"> [\u2026]<\/span><\/p>\n","protected":false},"featured_media":0,"template":"","meta":{"_monsterinsights_skip_tracking":false,"_monsterinsights_sitenote_active":false,"_monsterinsights_sitenote_note":"","_monsterinsights_sitenote_category":0},"product_brand":[],"product_cat":[12274,12284],"product_tag":[],"class_list":{"0":"post-756645","1":"product","2":"type-product","3":"status-publish","5":"product_cat-cocuk-ve-genclik-kitaplari","6":"product_cat-hikayeler","7":"pa_cilt-ciltsiz","8":"pa_tur-kitap","9":"pa_yayinevi-peta-kitap","10":"pa_yazar-josh-lacey","12":"first","13":"instock","14":"sale","15":"shipping-taxable","16":"purchasable","17":"product-type-simple"},"_links":{"self":[{"href":"https:\/\/roveyayinevi.com.tr\/index.php\/wp-json\/wp\/v2\/product\/756645","targetHints":{"allow":["GET"]}}],"collection":[{"href":"https:\/\/roveyayinevi.com.tr\/index.php\/wp-json\/wp\/v2\/product"}],"about":[{"href":"https:\/\/roveyayinevi.com.tr\/index.php\/wp-json\/wp\/v2\/types\/product"}],"wp:attachment":[{"href":"https:\/\/roveyayinevi.com.tr\/index.php\/wp-json\/wp\/v2\/media?parent=756645"}],"wp:term":[{"taxonomy":"product_brand","embeddable":true,"href":"https:\/\/roveyayinevi.com.tr\/index.php\/wp-json\/wp\/v2\/product_brand?post=756645"},{"taxonomy":"product_cat","embeddable":true,"href":"https:\/\/roveyayinevi.com.tr\/index.php\/wp-json\/wp\/v2\/product_cat?post=756645"},{"taxonomy":"product_tag","embeddable":true,"href":"https:\/\/roveyayinevi.com.tr\/index.php\/wp-json\/wp\/v2\/product_tag?post=756645"}],"curies":[{"name":"wp","href":"https:\/\/api.w.org\/{rel}","templated":true}]}}