{"id":756644,"date":"2025-08-28T07:13:46","date_gmt":"2025-08-28T04:13:46","guid":{"rendered":"https:\/\/roveyayinevi.com.tr\/index.php\/urun\/ejderha-bakicisinin-adasi\/"},"modified":"2026-04-16T03:09:39","modified_gmt":"2026-04-16T00:09:39","slug":"ejderha-bakicisinin-adasi","status":"publish","type":"product","link":"https:\/\/roveyayinevi.com.tr\/index.php\/urun\/ejderha-bakicisinin-adasi\/","title":{"rendered":"Ejderha Bak\u0131c\u0131s\u0131n\u0131n Adas\u0131"},"content":{"rendered":"<p>Sevgili Morton Day\u0131, Bu bir ku\u011fu de\u011fil. Kesinlikle Loch Ness Canavar\u0131. Evde Me\u015fhur S\u0131rlar ad\u0131nda bir kitab\u0131m var ve canavar\u0131 buradaki foto\u011fraflar sayesinde tan\u0131d\u0131m. Canavar\u0131 bulmak i\u00e7in adada ara\u015ft\u0131rma yapaca\u011f\u0131m. E\u011fer daha iyi bir foto\u011fraf \u00e7ekebilirsem Bay McDougall\u2019a koyunlar\u0131n\u0131 kimin \u00e7ald\u0131\u011f\u0131n\u0131 kan\u0131tlayabilirim, b\u00f6ylelikle o da Ziggy ve Arthur\u2019u su\u00e7lamay\u0131 b\u0131rak\u0131r. Eddie   Eddie bir kez daha EJDERHA BAKICILI\u011eI yap\u0131yor, hem de day\u0131s\u0131 Morton\u2019un ADASINDA! K\u0131sa bir s\u00fcre sonra adada tuhaf \u015feyler olmaya ba\u015fl\u0131yor: Koyunlar KAYBOLUYOR ve Eddie adan\u0131n yak\u0131nlar\u0131nda G\u0130ZEML\u0130 B\u0130R YARATIK g\u00f6rd\u00fc\u011f\u00fcn\u00fc s\u00f6yl\u00fcyor. Bu yarat\u0131k Loch Ness Canavar\u0131 olabilir mi? G\u00f6r\u00fcn\u00fc\u015fe bak\u0131l\u0131rsa Eddie\u2019yi devasa bir s\u00fcrpriz bekliyor!<\/p>\n","protected":false},"excerpt":{"rendered":"<p>Sevgili Morton Day\u0131, Bu bir ku\u011fu de\u011fil. Kesinlikle Loch Ness Canavar\u0131. Evde Me\u015fhur S\u0131rlar ad\u0131nda bir kitab\u0131m var ve canavar\u0131 buradaki foto\u011fraflar sayesinde tan\u0131d\u0131m. Canavar\u0131 bulmak<span class=\"excerpt-hellip\"> [\u2026]<\/span><\/p>\n","protected":false},"featured_media":0,"template":"","meta":{"_monsterinsights_skip_tracking":false,"_monsterinsights_sitenote_active":false,"_monsterinsights_sitenote_note":"","_monsterinsights_sitenote_category":0},"product_brand":[],"product_cat":[12274,12284],"product_tag":[],"class_list":{"0":"post-756644","1":"product","2":"type-product","3":"status-publish","5":"product_cat-cocuk-ve-genclik-kitaplari","6":"product_cat-hikayeler","7":"pa_cilt-ciltsiz","8":"pa_tur-kitap","9":"pa_yayinevi-peta-kitap","10":"pa_yazar-josh-lacey","12":"first","13":"instock","14":"sale","15":"shipping-taxable","16":"purchasable","17":"product-type-simple"},"_links":{"self":[{"href":"https:\/\/roveyayinevi.com.tr\/index.php\/wp-json\/wp\/v2\/product\/756644","targetHints":{"allow":["GET"]}}],"collection":[{"href":"https:\/\/roveyayinevi.com.tr\/index.php\/wp-json\/wp\/v2\/product"}],"about":[{"href":"https:\/\/roveyayinevi.com.tr\/index.php\/wp-json\/wp\/v2\/types\/product"}],"wp:attachment":[{"href":"https:\/\/roveyayinevi.com.tr\/index.php\/wp-json\/wp\/v2\/media?parent=756644"}],"wp:term":[{"taxonomy":"product_brand","embeddable":true,"href":"https:\/\/roveyayinevi.com.tr\/index.php\/wp-json\/wp\/v2\/product_brand?post=756644"},{"taxonomy":"product_cat","embeddable":true,"href":"https:\/\/roveyayinevi.com.tr\/index.php\/wp-json\/wp\/v2\/product_cat?post=756644"},{"taxonomy":"product_tag","embeddable":true,"href":"https:\/\/roveyayinevi.com.tr\/index.php\/wp-json\/wp\/v2\/product_tag?post=756644"}],"curies":[{"name":"wp","href":"https:\/\/api.w.org\/{rel}","templated":true}]}}