{"id":756643,"date":"2025-08-28T07:13:44","date_gmt":"2025-08-28T04:13:44","guid":{"rendered":"https:\/\/roveyayinevi.com.tr\/index.php\/urun\/ejderha-bakicisinin-partisi\/"},"modified":"2026-04-16T03:09:39","modified_gmt":"2026-04-16T00:09:39","slug":"ejderha-bakicisinin-partisi","status":"publish","type":"product","link":"https:\/\/roveyayinevi.com.tr\/index.php\/urun\/ejderha-bakicisinin-partisi\/","title":{"rendered":"Ejderha Bak\u0131c\u0131s\u0131n\u0131n Partisi"},"content":{"rendered":"<p>Sevgili Morton Day\u0131, Do\u011fum g\u00fcn\u00fc partime gelir misin? Harika bir parti olacak. Bir sihirbaz \u00e7a\u011f\u0131rd\u0131k. Annem, ejderhalar\u0131n\u0131n davetli olmad\u0131\u011f\u0131n\u0131 s\u00f6yledi ama eve giderken onlara pastadan biraz g\u00f6t\u00fcrebilirsin.   Eddie yakla\u015fan DO\u011eUM G\u00dcN\u00dc i\u00e7in partisi i\u00e7in \u00e7ok heyecanl\u0131! Oyunlar, g\u00f6steriler ve S\u0130H\u0130RBAZLIK numaralar\u0131yla dolu harika bir g\u00fcn olacak. Fakat ATE\u015e p\u00fcsk\u00fcrtebilen iki beklenmedik konuk ortaya \u00e7\u0131k\u0131nca Eddie\u2019nin akl\u0131na tek bir soru tak\u0131l\u0131yor: Acaba bu parti k\u00f6t\u00fc bir S\u00dcRPR\u0130Z olmadan sona erebilecek mi?<\/p>\n","protected":false},"excerpt":{"rendered":"<p>Sevgili Morton Day\u0131, Do\u011fum g\u00fcn\u00fc partime gelir misin? Harika bir parti olacak. Bir sihirbaz \u00e7a\u011f\u0131rd\u0131k. Annem, ejderhalar\u0131n\u0131n davetli olmad\u0131\u011f\u0131n\u0131 s\u00f6yledi ama eve giderken onlara pastadan biraz<span class=\"excerpt-hellip\"> [\u2026]<\/span><\/p>\n","protected":false},"featured_media":0,"template":"","meta":{"_monsterinsights_skip_tracking":false,"_monsterinsights_sitenote_active":false,"_monsterinsights_sitenote_note":"","_monsterinsights_sitenote_category":0},"product_brand":[],"product_cat":[12274,12284],"product_tag":[],"class_list":{"0":"post-756643","1":"product","2":"type-product","3":"status-publish","5":"product_cat-cocuk-ve-genclik-kitaplari","6":"product_cat-hikayeler","7":"pa_cilt-ciltsiz","8":"pa_tur-kitap","9":"pa_yayinevi-peta-kitap","10":"pa_yazar-josh-lacey","12":"first","13":"instock","14":"sale","15":"shipping-taxable","16":"purchasable","17":"product-type-simple"},"_links":{"self":[{"href":"https:\/\/roveyayinevi.com.tr\/index.php\/wp-json\/wp\/v2\/product\/756643","targetHints":{"allow":["GET"]}}],"collection":[{"href":"https:\/\/roveyayinevi.com.tr\/index.php\/wp-json\/wp\/v2\/product"}],"about":[{"href":"https:\/\/roveyayinevi.com.tr\/index.php\/wp-json\/wp\/v2\/types\/product"}],"wp:attachment":[{"href":"https:\/\/roveyayinevi.com.tr\/index.php\/wp-json\/wp\/v2\/media?parent=756643"}],"wp:term":[{"taxonomy":"product_brand","embeddable":true,"href":"https:\/\/roveyayinevi.com.tr\/index.php\/wp-json\/wp\/v2\/product_brand?post=756643"},{"taxonomy":"product_cat","embeddable":true,"href":"https:\/\/roveyayinevi.com.tr\/index.php\/wp-json\/wp\/v2\/product_cat?post=756643"},{"taxonomy":"product_tag","embeddable":true,"href":"https:\/\/roveyayinevi.com.tr\/index.php\/wp-json\/wp\/v2\/product_tag?post=756643"}],"curies":[{"name":"wp","href":"https:\/\/api.w.org\/{rel}","templated":true}]}}