{"id":756642,"date":"2025-08-28T07:13:42","date_gmt":"2025-08-28T04:13:42","guid":{"rendered":"https:\/\/roveyayinevi.com.tr\/index.php\/urun\/doktor-oxun-deneyi-4\/"},"modified":"2026-04-16T03:09:39","modified_gmt":"2026-04-16T00:09:39","slug":"doktor-oxun-deneyi-4","status":"publish","type":"product","link":"https:\/\/roveyayinevi.com.tr\/index.php\/urun\/doktor-oxun-deneyi-4\/","title":{"rendered":"Doktor Ox&#8217;un Deneyi"},"content":{"rendered":"<p>Kentin sakin, o\u0308lc\u0327u\u0308lu\u0308, tutumlu ve ag\u0306\u0131rkanl\u0131 insanlar\u0131 yu\u0308zy\u0131llard\u0131r son derece durag\u0306an bir yas\u0327am su\u0308rmektedirler. Kent yo\u0308neticileri bile yas\u0327amlar\u0131 boyunca herhangi bir sorunda karar verme yetisinden uzakt\u0131r&#8230; Ancak Doktor Ox\u2019un so\u0308zde kenti ayd\u0131nlatma projesiyle gelis\u0327i kentte bir s\u0327eyleri deg\u0306is\u0327tirecektir. Doktorun s\u0131r gibi saklad\u0131g\u0306\u0131 bu projesi kentte ne gibi deg\u0306is\u0327ikliklere sebep olacakt\u0131r? Her yas\u0327tan okuyucunun keyifle okuyacag\u0306\u0131 \u201cDoktor Ox\u2019un Deneyi\u201d insanl\u0131g\u0306\u0131n deg\u0306is\u0327mez unsurlar\u0131n\u0131n yan\u0131nda, tarihi gec\u0327mis\u0327 baz\u0131 o\u0308zelliklerini de sat\u0131r aralar\u0131nda ironi yoluyla eg\u0306lenceli bir s\u0327ekilde anlat\u0131r. Ece Moripek <\/p>\n","protected":false},"excerpt":{"rendered":"<p>Kentin sakin, o\u0308lc\u0327u\u0308lu\u0308, tutumlu ve ag\u0306\u0131rkanl\u0131 insanlar\u0131 yu\u0308zy\u0131llard\u0131r son derece durag\u0306an bir yas\u0327am su\u0308rmektedirler. Kent yo\u0308neticileri bile yas\u0327amlar\u0131 boyunca herhangi bir sorunda karar verme yetisinden uzakt\u0131r&#8230;<span class=\"excerpt-hellip\"> [\u2026]<\/span><\/p>\n","protected":false},"featured_media":0,"template":"","meta":{"_monsterinsights_skip_tracking":false,"_monsterinsights_sitenote_active":false,"_monsterinsights_sitenote_note":"","_monsterinsights_sitenote_category":0},"product_brand":[],"product_cat":[12274,12284],"product_tag":[],"class_list":{"0":"post-756642","1":"product","2":"type-product","3":"status-publish","5":"product_cat-cocuk-ve-genclik-kitaplari","6":"product_cat-hikayeler","7":"pa_cilt-ciltsiz","8":"pa_tur-kitap","9":"pa_yayinevi-kozmostar","10":"pa_yazar-jules-verne","12":"first","13":"instock","14":"sale","15":"shipping-taxable","16":"purchasable","17":"product-type-simple"},"_links":{"self":[{"href":"https:\/\/roveyayinevi.com.tr\/index.php\/wp-json\/wp\/v2\/product\/756642","targetHints":{"allow":["GET"]}}],"collection":[{"href":"https:\/\/roveyayinevi.com.tr\/index.php\/wp-json\/wp\/v2\/product"}],"about":[{"href":"https:\/\/roveyayinevi.com.tr\/index.php\/wp-json\/wp\/v2\/types\/product"}],"wp:attachment":[{"href":"https:\/\/roveyayinevi.com.tr\/index.php\/wp-json\/wp\/v2\/media?parent=756642"}],"wp:term":[{"taxonomy":"product_brand","embeddable":true,"href":"https:\/\/roveyayinevi.com.tr\/index.php\/wp-json\/wp\/v2\/product_brand?post=756642"},{"taxonomy":"product_cat","embeddable":true,"href":"https:\/\/roveyayinevi.com.tr\/index.php\/wp-json\/wp\/v2\/product_cat?post=756642"},{"taxonomy":"product_tag","embeddable":true,"href":"https:\/\/roveyayinevi.com.tr\/index.php\/wp-json\/wp\/v2\/product_tag?post=756642"}],"curies":[{"name":"wp","href":"https:\/\/api.w.org\/{rel}","templated":true}]}}