{"id":756640,"date":"2025-08-28T07:13:40","date_gmt":"2025-08-28T04:13:40","guid":{"rendered":"https:\/\/roveyayinevi.com.tr\/index.php\/urun\/2025-ayt-turk-dili-ve-edebiyati-konu-ozetli-yeni-nesil-soru-bankasi-tamami-video-cozumlu-marka-yayinlari-ciltli\/"},"modified":"2026-04-16T03:09:39","modified_gmt":"2026-04-16T00:09:39","slug":"2025-ayt-turk-dili-ve-edebiyati-konu-ozetli-yeni-nesil-soru-bankasi-tamami-video-cozumlu-marka-yayinlari-ciltli","status":"publish","type":"product","link":"https:\/\/roveyayinevi.com.tr\/index.php\/urun\/2025-ayt-turk-dili-ve-edebiyati-konu-ozetli-yeni-nesil-soru-bankasi-tamami-video-cozumlu-marka-yayinlari-ciltli\/","title":{"rendered":"2025 AYT T\u00fcrk Dili ve Edebiyat\u0131 Konu \u00d6zetli Yeni Nesil Soru Bankas\u0131 Tamam\u0131 Video \u00c7\u00f6z\u00fcml\u00fc Marka Yay\u0131nlar\u0131 (Ciltli)"},"content":{"rendered":"<p>2024 AYT T\u00fcrk Dili ve Edebiyat\u0131 Konu \u00d6zetli Yeni Nesil Soru Bankas\u0131 Tamam\u0131 Video \u00c7\u00f6z\u00fcml\u00fc Marka Yay\u0131nlar\u0131<\/p>\n","protected":false},"excerpt":{"rendered":"<p>2024 AYT T\u00fcrk Dili ve Edebiyat\u0131 Konu \u00d6zetli Yeni Nesil Soru Bankas\u0131 Tamam\u0131 Video \u00c7\u00f6z\u00fcml\u00fc Marka Yay\u0131nlar\u0131<\/p>\n","protected":false},"featured_media":0,"template":"","meta":{"_monsterinsights_skip_tracking":false,"_monsterinsights_sitenote_active":false,"_monsterinsights_sitenote_note":"","_monsterinsights_sitenote_category":0},"product_brand":[],"product_cat":[52032,52033,12566,13473,51998],"product_tag":[],"class_list":{"0":"post-756640","1":"product","2":"type-product","3":"status-publish","5":"product_cat-ayt-kitaplari","6":"product_cat-ayt-soru-bankalari","7":"product_cat-egitim","8":"product_cat-sinavlara-hazirlik-okula-yardimci-kaynaklar","9":"product_cat-yks-kitaplari","10":"pa_cilt-ciltli","11":"pa_tur-kitap","12":"pa_yayinevi-marka-yayinlari","13":"pa_yazar-marka-komisyon","15":"first","16":"instock","17":"sale","18":"shipping-taxable","19":"purchasable","20":"product-type-simple"},"_links":{"self":[{"href":"https:\/\/roveyayinevi.com.tr\/index.php\/wp-json\/wp\/v2\/product\/756640","targetHints":{"allow":["GET"]}}],"collection":[{"href":"https:\/\/roveyayinevi.com.tr\/index.php\/wp-json\/wp\/v2\/product"}],"about":[{"href":"https:\/\/roveyayinevi.com.tr\/index.php\/wp-json\/wp\/v2\/types\/product"}],"wp:attachment":[{"href":"https:\/\/roveyayinevi.com.tr\/index.php\/wp-json\/wp\/v2\/media?parent=756640"}],"wp:term":[{"taxonomy":"product_brand","embeddable":true,"href":"https:\/\/roveyayinevi.com.tr\/index.php\/wp-json\/wp\/v2\/product_brand?post=756640"},{"taxonomy":"product_cat","embeddable":true,"href":"https:\/\/roveyayinevi.com.tr\/index.php\/wp-json\/wp\/v2\/product_cat?post=756640"},{"taxonomy":"product_tag","embeddable":true,"href":"https:\/\/roveyayinevi.com.tr\/index.php\/wp-json\/wp\/v2\/product_tag?post=756640"}],"curies":[{"name":"wp","href":"https:\/\/api.w.org\/{rel}","templated":true}]}}