{"id":756638,"date":"2025-08-28T07:13:37","date_gmt":"2025-08-28T04:13:37","guid":{"rendered":"https:\/\/roveyayinevi.com.tr\/index.php\/urun\/2025-lgs-sozel-dersler-1-donem-ve-genel-konular-deneme-sinavi-seti-8-fasikul-38-deneme\/"},"modified":"2026-02-03T03:24:08","modified_gmt":"2026-02-03T00:24:08","slug":"2025-lgs-sozel-dersler-1-donem-ve-genel-konular-deneme-sinavi-seti-8-fasikul-38-deneme","status":"publish","type":"product","link":"https:\/\/roveyayinevi.com.tr\/index.php\/urun\/2025-lgs-sozel-dersler-1-donem-ve-genel-konular-deneme-sinavi-seti-8-fasikul-38-deneme\/","title":{"rendered":"2025 LGS S\u00f6zel Dersler 1. D\u00f6nem ve Genel Konular Deneme S\u0131nav\u0131 Seti 8 Fasik\u00fcl 38 Deneme"},"content":{"rendered":"<p>2024 LGS S\u00f6zel Dersler 1. D\u00f6nem ve Genel Konular Deneme S\u0131nav\u0131 Seti 8 Fasik\u00fcl 38 Deneme<\/p>\n","protected":false},"excerpt":{"rendered":"<p>2024 LGS S\u00f6zel Dersler 1. D\u00f6nem ve Genel Konular Deneme S\u0131nav\u0131 Seti 8 Fasik\u00fcl 38 Deneme<\/p>\n","protected":false},"featured_media":0,"template":"","meta":{"_monsterinsights_skip_tracking":false,"_monsterinsights_sitenote_active":false,"_monsterinsights_sitenote_note":"","_monsterinsights_sitenote_category":0},"product_brand":[],"product_cat":[12566,122176,71470,13473],"product_tag":[],"class_list":{"0":"post-756638","1":"product","2":"type-product","3":"status-publish","5":"product_cat-egitim","6":"product_cat-lgs-denemeler","7":"product_cat-lgs-kitaplari","8":"product_cat-sinavlara-hazirlik-okula-yardimci-kaynaklar","9":"pa_cilt-ciltsiz","10":"pa_tur-kitap","11":"pa_yayinevi-marka-yayinlari","12":"pa_yazar-marka-komisyon","14":"first","15":"instock","16":"sale","17":"shipping-taxable","18":"purchasable","19":"product-type-simple"},"_links":{"self":[{"href":"https:\/\/roveyayinevi.com.tr\/index.php\/wp-json\/wp\/v2\/product\/756638","targetHints":{"allow":["GET"]}}],"collection":[{"href":"https:\/\/roveyayinevi.com.tr\/index.php\/wp-json\/wp\/v2\/product"}],"about":[{"href":"https:\/\/roveyayinevi.com.tr\/index.php\/wp-json\/wp\/v2\/types\/product"}],"wp:attachment":[{"href":"https:\/\/roveyayinevi.com.tr\/index.php\/wp-json\/wp\/v2\/media?parent=756638"}],"wp:term":[{"taxonomy":"product_brand","embeddable":true,"href":"https:\/\/roveyayinevi.com.tr\/index.php\/wp-json\/wp\/v2\/product_brand?post=756638"},{"taxonomy":"product_cat","embeddable":true,"href":"https:\/\/roveyayinevi.com.tr\/index.php\/wp-json\/wp\/v2\/product_cat?post=756638"},{"taxonomy":"product_tag","embeddable":true,"href":"https:\/\/roveyayinevi.com.tr\/index.php\/wp-json\/wp\/v2\/product_tag?post=756638"}],"curies":[{"name":"wp","href":"https:\/\/api.w.org\/{rel}","templated":true}]}}