{"id":756637,"date":"2025-08-28T07:13:36","date_gmt":"2025-08-28T04:13:36","guid":{"rendered":"https:\/\/roveyayinevi.com.tr\/index.php\/urun\/2025-tum-osym-ve-meb-sinavlari-icin-4-islem-matematik-alistirma-defteri-ciltli\/"},"modified":"2026-04-16T03:09:39","modified_gmt":"2026-04-16T00:09:39","slug":"2025-tum-osym-ve-meb-sinavlari-icin-4-islem-matematik-alistirma-defteri-ciltli","status":"publish","type":"product","link":"https:\/\/roveyayinevi.com.tr\/index.php\/urun\/2025-tum-osym-ve-meb-sinavlari-icin-4-islem-matematik-alistirma-defteri-ciltli\/","title":{"rendered":"2025 T\u00fcm \u00d6SYM ve MEB S\u0131navlar\u0131 i\u00e7in 4 i\u015flem Matematik Al\u0131\u015ft\u0131rma Defteri (Ciltli)"},"content":{"rendered":"<p>2024 T\u00fcm \u00d6SYM ve MEB S\u0131navlar\u0131 i\u00e7in 4 i\u015flem Matematik Al\u0131\u015ft\u0131rma Defteri<\/p>\n","protected":false},"excerpt":{"rendered":"<p>2024 T\u00fcm \u00d6SYM ve MEB S\u0131navlar\u0131 i\u00e7in 4 i\u015flem Matematik Al\u0131\u015ft\u0131rma Defteri<\/p>\n","protected":false},"featured_media":0,"template":"","meta":{"_monsterinsights_skip_tracking":false,"_monsterinsights_sitenote_active":false,"_monsterinsights_sitenote_note":"","_monsterinsights_sitenote_category":0},"product_brand":[],"product_cat":[12566,13473],"product_tag":[],"class_list":{"0":"post-756637","1":"product","2":"type-product","3":"status-publish","5":"product_cat-egitim","6":"product_cat-sinavlara-hazirlik-okula-yardimci-kaynaklar","7":"pa_cilt-ciltli","8":"pa_tur-kitap","9":"pa_yayinevi-marka-yayinlari","10":"pa_yazar-marka-komisyon","12":"first","13":"instock","14":"sale","15":"shipping-taxable","16":"purchasable","17":"product-type-simple"},"_links":{"self":[{"href":"https:\/\/roveyayinevi.com.tr\/index.php\/wp-json\/wp\/v2\/product\/756637","targetHints":{"allow":["GET"]}}],"collection":[{"href":"https:\/\/roveyayinevi.com.tr\/index.php\/wp-json\/wp\/v2\/product"}],"about":[{"href":"https:\/\/roveyayinevi.com.tr\/index.php\/wp-json\/wp\/v2\/types\/product"}],"wp:attachment":[{"href":"https:\/\/roveyayinevi.com.tr\/index.php\/wp-json\/wp\/v2\/media?parent=756637"}],"wp:term":[{"taxonomy":"product_brand","embeddable":true,"href":"https:\/\/roveyayinevi.com.tr\/index.php\/wp-json\/wp\/v2\/product_brand?post=756637"},{"taxonomy":"product_cat","embeddable":true,"href":"https:\/\/roveyayinevi.com.tr\/index.php\/wp-json\/wp\/v2\/product_cat?post=756637"},{"taxonomy":"product_tag","embeddable":true,"href":"https:\/\/roveyayinevi.com.tr\/index.php\/wp-json\/wp\/v2\/product_tag?post=756637"}],"curies":[{"name":"wp","href":"https:\/\/api.w.org\/{rel}","templated":true}]}}