{"id":756623,"date":"2025-08-28T07:13:14","date_gmt":"2025-08-28T04:13:14","guid":{"rendered":"https:\/\/roveyayinevi.com.tr\/index.php\/urun\/2025-ayt-tarih-7-deneme-tamami-video-cozumlu\/"},"modified":"2025-12-30T11:17:16","modified_gmt":"2025-12-30T08:17:16","slug":"2025-ayt-tarih-7-deneme-tamami-video-cozumlu","status":"publish","type":"product","link":"https:\/\/roveyayinevi.com.tr\/index.php\/urun\/2025-ayt-tarih-7-deneme-tamami-video-cozumlu\/","title":{"rendered":"2025 AYT Tarih 7 Deneme Tamam\u0131 Video \u00c7\u00f6z\u00fcml\u00fc"},"content":{"rendered":"<p>2024 AYT Tarih 7 Deneme Tamam\u0131 Video \u00c7\u00f6z\u00fcml\u00fc<\/p>\n","protected":false},"excerpt":{"rendered":"<p>2024 AYT Tarih 7 Deneme Tamam\u0131 Video \u00c7\u00f6z\u00fcml\u00fc<\/p>\n","protected":false},"featured_media":0,"template":"","meta":{"_monsterinsights_skip_tracking":false,"_monsterinsights_sitenote_active":false,"_monsterinsights_sitenote_note":"","_monsterinsights_sitenote_category":0},"product_brand":[],"product_cat":[63039,52032,122147,12566,13473,51998],"product_tag":[],"class_list":{"0":"post-756623","1":"product","2":"type-product","3":"status-publish","5":"product_cat-ayt-denemeler","6":"product_cat-ayt-kitaplari","7":"product_cat-ayt-tarih-deneme","8":"product_cat-egitim","9":"product_cat-sinavlara-hazirlik-okula-yardimci-kaynaklar","10":"product_cat-yks-kitaplari","11":"pa_cilt-ciltsiz","12":"pa_tur-kitap","13":"pa_yayinevi-marka-yayinlari","14":"pa_yazar-marka-komisyon","16":"first","17":"instock","18":"sale","19":"shipping-taxable","20":"purchasable","21":"product-type-simple"},"_links":{"self":[{"href":"https:\/\/roveyayinevi.com.tr\/index.php\/wp-json\/wp\/v2\/product\/756623","targetHints":{"allow":["GET"]}}],"collection":[{"href":"https:\/\/roveyayinevi.com.tr\/index.php\/wp-json\/wp\/v2\/product"}],"about":[{"href":"https:\/\/roveyayinevi.com.tr\/index.php\/wp-json\/wp\/v2\/types\/product"}],"wp:attachment":[{"href":"https:\/\/roveyayinevi.com.tr\/index.php\/wp-json\/wp\/v2\/media?parent=756623"}],"wp:term":[{"taxonomy":"product_brand","embeddable":true,"href":"https:\/\/roveyayinevi.com.tr\/index.php\/wp-json\/wp\/v2\/product_brand?post=756623"},{"taxonomy":"product_cat","embeddable":true,"href":"https:\/\/roveyayinevi.com.tr\/index.php\/wp-json\/wp\/v2\/product_cat?post=756623"},{"taxonomy":"product_tag","embeddable":true,"href":"https:\/\/roveyayinevi.com.tr\/index.php\/wp-json\/wp\/v2\/product_tag?post=756623"}],"curies":[{"name":"wp","href":"https:\/\/api.w.org\/{rel}","templated":true}]}}