{"id":756621,"date":"2025-08-28T07:13:12","date_gmt":"2025-08-28T04:13:12","guid":{"rendered":"https:\/\/roveyayinevi.com.tr\/index.php\/urun\/2025-tyt-problemler-konu-ozetli-yeni-nesil-soru-bankasi-tamami-video-cozumlu-ciltli\/"},"modified":"2025-09-23T22:35:49","modified_gmt":"2025-09-23T19:35:49","slug":"2025-tyt-problemler-konu-ozetli-yeni-nesil-soru-bankasi-tamami-video-cozumlu-ciltli","status":"publish","type":"product","link":"https:\/\/roveyayinevi.com.tr\/index.php\/urun\/2025-tyt-problemler-konu-ozetli-yeni-nesil-soru-bankasi-tamami-video-cozumlu-ciltli\/","title":{"rendered":"2025 TYT Problemler Konu \u00d6zetli Yeni Nesil Soru Bankas\u0131 Tamam\u0131 Video \u00c7\u00f6z\u00fcml\u00fc (Ciltli)"},"content":{"rendered":"<p>2024 TYT Problemler Konu \u00d6zetli Yeni Nesil Soru Bankas\u0131 Tamam\u0131 Video \u00c7\u00f6z\u00fcml\u00fc<\/p>\n","protected":false},"excerpt":{"rendered":"<p>2024 TYT Problemler Konu \u00d6zetli Yeni Nesil Soru Bankas\u0131 Tamam\u0131 Video \u00c7\u00f6z\u00fcml\u00fc<\/p>\n","protected":false},"featured_media":0,"template":"","meta":{"_monsterinsights_skip_tracking":false,"_monsterinsights_sitenote_active":false,"_monsterinsights_sitenote_note":"","_monsterinsights_sitenote_category":0},"product_brand":[],"product_cat":[12566,13473,51999,52037,51998],"product_tag":[],"class_list":{"0":"post-756621","1":"product","2":"type-product","3":"status-publish","5":"product_cat-egitim","6":"product_cat-sinavlara-hazirlik-okula-yardimci-kaynaklar","7":"product_cat-tyt-kitaplari","8":"product_cat-tyt-soru-bankalari","9":"product_cat-yks-kitaplari","10":"pa_cilt-ciltli","11":"pa_tur-kitap","12":"pa_yayinevi-marka-yayinlari","13":"pa_yazar-yasin-kara","15":"first","16":"instock","17":"sale","18":"shipping-taxable","19":"purchasable","20":"product-type-simple"},"_links":{"self":[{"href":"https:\/\/roveyayinevi.com.tr\/index.php\/wp-json\/wp\/v2\/product\/756621","targetHints":{"allow":["GET"]}}],"collection":[{"href":"https:\/\/roveyayinevi.com.tr\/index.php\/wp-json\/wp\/v2\/product"}],"about":[{"href":"https:\/\/roveyayinevi.com.tr\/index.php\/wp-json\/wp\/v2\/types\/product"}],"wp:attachment":[{"href":"https:\/\/roveyayinevi.com.tr\/index.php\/wp-json\/wp\/v2\/media?parent=756621"}],"wp:term":[{"taxonomy":"product_brand","embeddable":true,"href":"https:\/\/roveyayinevi.com.tr\/index.php\/wp-json\/wp\/v2\/product_brand?post=756621"},{"taxonomy":"product_cat","embeddable":true,"href":"https:\/\/roveyayinevi.com.tr\/index.php\/wp-json\/wp\/v2\/product_cat?post=756621"},{"taxonomy":"product_tag","embeddable":true,"href":"https:\/\/roveyayinevi.com.tr\/index.php\/wp-json\/wp\/v2\/product_tag?post=756621"}],"curies":[{"name":"wp","href":"https:\/\/api.w.org\/{rel}","templated":true}]}}