{"id":756615,"date":"2025-08-28T07:13:04","date_gmt":"2025-08-28T04:13:04","guid":{"rendered":"https:\/\/roveyayinevi.com.tr\/index.php\/urun\/2025-ayt-turk-dili-ve-edebiyati-sosyal-bilimler-1-3x40-deneme\/"},"modified":"2026-04-16T03:09:39","modified_gmt":"2026-04-16T00:09:39","slug":"2025-ayt-turk-dili-ve-edebiyati-sosyal-bilimler-1-3x40-deneme","status":"publish","type":"product","link":"https:\/\/roveyayinevi.com.tr\/index.php\/urun\/2025-ayt-turk-dili-ve-edebiyati-sosyal-bilimler-1-3x40-deneme\/","title":{"rendered":"2025 AYT T\u00fcrk Dili ve Edebiyat\u0131 Sosyal Bilimler-1 3&#215;40 Deneme"},"content":{"rendered":"<p>2024 AYT T\u00fcrk Dili ve Edebiyat\u0131 Sosyal Bilimler-1 3&#215;40 Deneme<\/p>\n","protected":false},"excerpt":{"rendered":"<p>2024 AYT T\u00fcrk Dili ve Edebiyat\u0131 Sosyal Bilimler-1 3&#215;40 Deneme<\/p>\n","protected":false},"featured_media":0,"template":"","meta":{"_monsterinsights_skip_tracking":false,"_monsterinsights_sitenote_active":false,"_monsterinsights_sitenote_note":"","_monsterinsights_sitenote_category":0},"product_brand":[],"product_cat":[63039,52032,122132,12566,13473,51998],"product_tag":[],"class_list":{"0":"post-756615","1":"product","2":"type-product","3":"status-publish","5":"product_cat-ayt-denemeler","6":"product_cat-ayt-kitaplari","7":"product_cat-ayt-turkce-deneme","8":"product_cat-egitim","9":"product_cat-sinavlara-hazirlik-okula-yardimci-kaynaklar","10":"product_cat-yks-kitaplari","11":"pa_cilt-ciltsiz","12":"pa_tur-kitap","13":"pa_yayinevi-marka-yayinlari","14":"pa_yazar-marka-komisyon","16":"first","17":"instock","18":"sale","19":"shipping-taxable","20":"purchasable","21":"product-type-simple"},"_links":{"self":[{"href":"https:\/\/roveyayinevi.com.tr\/index.php\/wp-json\/wp\/v2\/product\/756615","targetHints":{"allow":["GET"]}}],"collection":[{"href":"https:\/\/roveyayinevi.com.tr\/index.php\/wp-json\/wp\/v2\/product"}],"about":[{"href":"https:\/\/roveyayinevi.com.tr\/index.php\/wp-json\/wp\/v2\/types\/product"}],"wp:attachment":[{"href":"https:\/\/roveyayinevi.com.tr\/index.php\/wp-json\/wp\/v2\/media?parent=756615"}],"wp:term":[{"taxonomy":"product_brand","embeddable":true,"href":"https:\/\/roveyayinevi.com.tr\/index.php\/wp-json\/wp\/v2\/product_brand?post=756615"},{"taxonomy":"product_cat","embeddable":true,"href":"https:\/\/roveyayinevi.com.tr\/index.php\/wp-json\/wp\/v2\/product_cat?post=756615"},{"taxonomy":"product_tag","embeddable":true,"href":"https:\/\/roveyayinevi.com.tr\/index.php\/wp-json\/wp\/v2\/product_tag?post=756615"}],"curies":[{"name":"wp","href":"https:\/\/api.w.org\/{rel}","templated":true}]}}